{"id":3928,"date":"2011-02-22T15:20:59","date_gmt":"2011-02-22T13:20:59","guid":{"rendered":"http:\/\/www.kloster-metten.de\/?page_id=3928"},"modified":"2016-05-16T21:51:08","modified_gmt":"2016-05-16T19:51:08","slug":"mitfeier-der-karwoche","status":"publish","type":"page","link":"https:\/\/www.kloster-metten.com\/?page_id=3928","title":{"rendered":"Mitfeier der Karwoche"},"content":{"rendered":"<a href=\"https:\/\/www.kloster-metten.com\/wp-content\/uploads\/2011\/02\/dsc00357_.jpg\"><img loading=\"lazy\" decoding=\"async\" class=\"alignnone size-medium wp-image-3929\" title=\"dsc00357_\" src=\"https:\/\/www.kloster-metten.com\/wp-content\/uploads\/2011\/02\/dsc00357_-499x334.jpg\" alt=\"\" width=\"499\" height=\"334\" srcset=\"https:\/\/www.kloster-metten.com\/wp-content\/uploads\/2011\/02\/dsc00357_-499x334.jpg 499w, https:\/\/www.kloster-metten.com\/wp-content\/uploads\/2011\/02\/dsc00357_-170x115.jpg 170w, https:\/\/www.kloster-metten.com\/wp-content\/uploads\/2011\/02\/dsc00357_.jpg 1936w\" sizes=\"auto, (max-width: 499px) 100vw, 499px\" \/><\/a><h2>Mitfeier der Karwoche<\/h2><p>Bis Ostern ist es zwar noch eine ganze Weile hin. Aber jetzt schon m\u00f6chten wir gerne junge M\u00e4nner einladen, diese gro\u00dfen Geheimnisse von Leiden, Tod und Auferstehung Jesu Christi mit uns zu feiern.<\/p>\n<p>Wichtig ist die Bereitschaft, sich intensiv auf diese gesegneten Tage einzulassen. Sie geh\u00f6ren zu den sch\u00f6nsten im Jahreskreis einer kl\u00f6sterlichen Gemeinschaft und wir freuen uns das ganze Jahr darauf.<\/p>\n<p>Herzliche Einladung also zur Mitfeier!<\/p>\n<p><strong><span style=\"text-decoration: underline;\">Zeit:<\/span><\/strong> Gr\u00fcndonnerstag, 5. April, bis Ostersonntag, 8. April<\/p>\n<p>Bitte sich pers\u00f6nlich bei Herrn Abt anmelden:<br \/>\n<a href=\"mailto:abt.wolfgang@t-online.de\">abt.wolfgang@t-online.de<\/a><\/p>\n","protected":false},"excerpt":{"rendered":"<p>Mitfeier der KarwocheBis Ostern ist es zwar noch eine ganze Weile hin. Aber jetzt schon m\u00f6chten wir gerne junge M\u00e4nner einladen, diese gro\u00dfen Geheimnisse von Leiden, Tod und Auferstehung Jesu Christi mit uns zu feiern. Wichtig ist die Bereitschaft, sich intensiv auf diese gesegneten Tage einzulassen. Sie geh\u00f6ren zu den sch\u00f6nsten im Jahreskreis einer kl\u00f6sterlichen [&hellip;]<\/p>\n","protected":false},"author":5,"featured_media":0,"parent":9796,"menu_order":-197,"comment_status":"closed","ping_status":"open","template":"","meta":{"footnotes":""},"class_list":["post-3928","page","type-page","status-publish","hentry"],"_links":{"self":[{"href":"https:\/\/www.kloster-metten.com\/index.php?rest_route=\/wp\/v2\/pages\/3928","targetHints":{"allow":["GET"]}}],"collection":[{"href":"https:\/\/www.kloster-metten.com\/index.php?rest_route=\/wp\/v2\/pages"}],"about":[{"href":"https:\/\/www.kloster-metten.com\/index.php?rest_route=\/wp\/v2\/types\/page"}],"author":[{"embeddable":true,"href":"https:\/\/www.kloster-metten.com\/index.php?rest_route=\/wp\/v2\/users\/5"}],"replies":[{"embeddable":true,"href":"https:\/\/www.kloster-metten.com\/index.php?rest_route=%2Fwp%2Fv2%2Fcomments&post=3928"}],"version-history":[{"count":1,"href":"https:\/\/www.kloster-metten.com\/index.php?rest_route=\/wp\/v2\/pages\/3928\/revisions"}],"predecessor-version":[{"id":9867,"href":"https:\/\/www.kloster-metten.com\/index.php?rest_route=\/wp\/v2\/pages\/3928\/revisions\/9867"}],"up":[{"embeddable":true,"href":"https:\/\/www.kloster-metten.com\/index.php?rest_route=\/wp\/v2\/pages\/9796"}],"wp:attachment":[{"href":"https:\/\/www.kloster-metten.com\/index.php?rest_route=%2Fwp%2Fv2%2Fmedia&parent=3928"}],"curies":[{"name":"wp","href":"https:\/\/api.w.org\/{rel}","templated":true}]}}