{"id":39812,"date":"2022-10-22T17:07:15","date_gmt":"2022-10-22T15:07:15","guid":{"rendered":"https:\/\/www.kloster-metten.de\/?page_id=39812"},"modified":"2022-10-22T17:31:25","modified_gmt":"2022-10-22T15:31:25","slug":"jahresempfang-des-marktes-und-der-abtei-metten","status":"publish","type":"page","link":"https:\/\/www.kloster-metten.com\/?page_id=39812","title":{"rendered":"Jahresempfang des Marktes und der Abtei Metten"},"content":{"rendered":"<a href=\"https:\/\/www.kloster-metten.com\/wp-content\/uploads\/2022\/10\/thumbnail_29-99854609.jpg\"><img loading=\"lazy\" decoding=\"async\" class=\"alignnone wp-image-39814 size-medium\" title=\"thumbnail_29-99854609\" src=\"https:\/\/www.kloster-metten.com\/wp-content\/uploads\/2022\/10\/thumbnail_29-99854609-441x500.jpg\" alt=\"\" width=\"441\" height=\"500\" srcset=\"https:\/\/www.kloster-metten.com\/wp-content\/uploads\/2022\/10\/thumbnail_29-99854609-441x500.jpg 441w, https:\/\/www.kloster-metten.com\/wp-content\/uploads\/2022\/10\/thumbnail_29-99854609-904x1024.jpg 904w, https:\/\/www.kloster-metten.com\/wp-content\/uploads\/2022\/10\/thumbnail_29-99854609-768x870.jpg 768w, https:\/\/www.kloster-metten.com\/wp-content\/uploads\/2022\/10\/thumbnail_29-99854609.jpg 1130w\" sizes=\"auto, (max-width: 441px) 100vw, 441px\" \/><\/a><h2>Jahresempfang des Marktes und der Abtei Metten<\/h2><p><\/p>\n<p>Am Freitag, den 23. September 2022 fand im Festsaal der Benediktinerabtei Metten unter der Schirmherrschaft von Herrn Regierungspr\u00e4sident<\/p>\n<h3>Rainer Haselbeck<\/h3>\n<p>der Jahresempfang des Marktes und der Abtei Metten mit<\/p>\n<p>Herrn Ministerpr\u00e4sident a.D.<\/p>\n<h2>Dr. Edmund Stoiber<\/h2>\n<p>als Festredner statt.<\/p>\n<p>Anschlie\u00dfend waren alle G\u00e4ste zum Stehempfang im Sudhaus eingeladen.<\/p>\n\r\n\t\t<style type='text\/css'>\r\n\t\t\t#gallery-1 {\r\n\t\t\t\tmargin: auto;\r\n\t\t\t}\r\n\t\t\t#gallery-1 .gallery-item {\r\n\t\t\t\tfloat: left;\r\n\t\t\t\tmargin-top: 10px;\r\n\t\t\t\ttext-align: center;\r\n\t\t\t\twidth: 33%;\r\n\t\t\t}\r\n\t\t\t#gallery-1 hr {\r\n\t\t\t\theight: 1px;\r\n\t\t\t}\r\n\t\t\t#gallery-1 .gallery-caption {\r\n\t\t\t\tmargin-left: 0;\r\n\t\t\t}\r\n\t\t\t\/* see gallery_shortcode() in wp-includes\/media.php *\/\r\n\t\t<\/style>\n\t\t<div id='gallery-1' class='gallery galleryid-39812 gallery-columns-3 gallery-size-thumbnail'><hr class='null'><dl class='gallery-item'>\r\n\t\t\t<dt class='gallery-icon landscape'>\r\n\t\t\t\t<a title=\"thumbnail_29-99854493\"  href='https:\/\/www.kloster-metten.com\/?attachment_id=39813'><img loading=\"lazy\" decoding=\"async\" width=\"170\" height=\"115\" src=\"https:\/\/www.kloster-metten.com\/wp-content\/uploads\/2022\/10\/thumbnail_29-99854493-170x115.jpg\" class=\"attachment-thumbnail size-thumbnail\" alt=\"\" \/><\/a>\r\n\t\t\t<\/dt><\/dl><dl class='gallery-item'>\r\n\t\t\t<dt class='gallery-icon landscape'>\r\n\t\t\t\t<a title=\"Stoiber2\"  href='https:\/\/www.kloster-metten.com\/?attachment_id=39855'><img loading=\"lazy\" decoding=\"async\" width=\"170\" height=\"115\" src=\"https:\/\/www.kloster-metten.com\/wp-content\/uploads\/2022\/10\/SAM_9556_-170x115.jpg\" class=\"attachment-thumbnail size-thumbnail\" alt=\"\" \/><\/a>\r\n\t\t\t<\/dt><\/dl><dl class='gallery-item'>\r\n\t\t\t<dt class='gallery-icon landscape'>\r\n\t\t\t\t<a title=\"Stoiber3\"  href='https:\/\/www.kloster-metten.com\/?attachment_id=39854'><img loading=\"lazy\" decoding=\"async\" width=\"170\" height=\"115\" src=\"https:\/\/www.kloster-metten.com\/wp-content\/uploads\/2022\/10\/SAM_9559_-170x115.jpg\" class=\"attachment-thumbnail size-thumbnail\" alt=\"\" \/><\/a>\r\n\t\t\t<\/dt><\/dl><br style=\"clear: both\" \/><dl class='gallery-item'>\r\n\t\t\t<dt class='gallery-icon landscape'>\r\n\t\t\t\t<a title=\"Stoiber4\"  href='https:\/\/www.kloster-metten.com\/?attachment_id=39853'><img loading=\"lazy\" decoding=\"async\" width=\"170\" height=\"115\" src=\"https:\/\/www.kloster-metten.com\/wp-content\/uploads\/2022\/10\/SAM_9564_-170x115.jpg\" class=\"attachment-thumbnail size-thumbnail\" alt=\"\" \/><\/a>\r\n\t\t\t<\/dt><\/dl><dl class='gallery-item'>\r\n\t\t\t<dt class='gallery-icon landscape'>\r\n\t\t\t\t<a title=\"thumbnail_29-99854705\"  href='https:\/\/www.kloster-metten.com\/?attachment_id=39815'><img loading=\"lazy\" decoding=\"async\" width=\"170\" height=\"115\" src=\"https:\/\/www.kloster-metten.com\/wp-content\/uploads\/2022\/10\/thumbnail_29-99854705-170x115.jpg\" class=\"attachment-thumbnail size-thumbnail\" alt=\"\" \/><\/a>\r\n\t\t\t<\/dt><\/dl><dl class='gallery-item'>\r\n\t\t\t<dt class='gallery-icon landscape'>\r\n\t\t\t\t<a title=\"Stoiber5\"  href='https:\/\/www.kloster-metten.com\/?attachment_id=39852'><img loading=\"lazy\" decoding=\"async\" width=\"170\" height=\"115\" src=\"https:\/\/www.kloster-metten.com\/wp-content\/uploads\/2022\/10\/SAM_9567_-170x115.jpg\" class=\"attachment-thumbnail size-thumbnail\" alt=\"\" \/><\/a>\r\n\t\t\t<\/dt><\/dl><br style=\"clear: both\" \/><dl class='gallery-item'>\r\n\t\t\t<dt class='gallery-icon landscape'>\r\n\t\t\t\t<a title=\"Stoiber6\"  href='https:\/\/www.kloster-metten.com\/?attachment_id=39851'><img loading=\"lazy\" decoding=\"async\" width=\"170\" height=\"115\" src=\"https:\/\/www.kloster-metten.com\/wp-content\/uploads\/2022\/10\/SAM_9582_-170x115.jpg\" class=\"attachment-thumbnail size-thumbnail\" alt=\"\" \/><\/a>\r\n\t\t\t<\/dt><\/dl><dl class='gallery-item'>\r\n\t\t\t<dt class='gallery-icon landscape'>\r\n\t\t\t\t<a title=\"Stoiber1\"  href='https:\/\/www.kloster-metten.com\/?attachment_id=39850'><img loading=\"lazy\" decoding=\"async\" width=\"170\" height=\"115\" src=\"https:\/\/www.kloster-metten.com\/wp-content\/uploads\/2022\/10\/SAM_9585_-170x115.jpg\" class=\"attachment-thumbnail size-thumbnail\" alt=\"\" \/><\/a>\r\n\t\t\t<\/dt><\/dl>\r\n\t\t\t<br style='clear: both' \/>\r\n\t\t<\/div>\n\n","protected":false},"excerpt":{"rendered":"<p>Jahresempfang des Marktes und der Abtei Metten Am Freitag, den 23. September 2022 fand im Festsaal der Benediktinerabtei Metten unter der Schirmherrschaft von Herrn Regierungspr\u00e4sident Rainer Haselbeck der Jahresempfang des Marktes und der Abtei Metten mit Herrn Ministerpr\u00e4sident a.D. Dr. Edmund Stoiber als Festredner statt. Anschlie\u00dfend waren alle G\u00e4ste zum Stehempfang im Sudhaus eingeladen.<\/p>\n","protected":false},"author":5,"featured_media":0,"parent":1120,"menu_order":-125,"comment_status":"closed","ping_status":"closed","template":"","meta":{"footnotes":""},"class_list":["post-39812","page","type-page","status-publish","hentry"],"_links":{"self":[{"href":"https:\/\/www.kloster-metten.com\/index.php?rest_route=\/wp\/v2\/pages\/39812","targetHints":{"allow":["GET"]}}],"collection":[{"href":"https:\/\/www.kloster-metten.com\/index.php?rest_route=\/wp\/v2\/pages"}],"about":[{"href":"https:\/\/www.kloster-metten.com\/index.php?rest_route=\/wp\/v2\/types\/page"}],"author":[{"embeddable":true,"href":"https:\/\/www.kloster-metten.com\/index.php?rest_route=\/wp\/v2\/users\/5"}],"replies":[{"embeddable":true,"href":"https:\/\/www.kloster-metten.com\/index.php?rest_route=%2Fwp%2Fv2%2Fcomments&post=39812"}],"version-history":[{"count":5,"href":"https:\/\/www.kloster-metten.com\/index.php?rest_route=\/wp\/v2\/pages\/39812\/revisions"}],"predecessor-version":[{"id":39888,"href":"https:\/\/www.kloster-metten.com\/index.php?rest_route=\/wp\/v2\/pages\/39812\/revisions\/39888"}],"up":[{"embeddable":true,"href":"https:\/\/www.kloster-metten.com\/index.php?rest_route=\/wp\/v2\/pages\/1120"}],"wp:attachment":[{"href":"https:\/\/www.kloster-metten.com\/index.php?rest_route=%2Fwp%2Fv2%2Fmedia&parent=39812"}],"curies":[{"name":"wp","href":"https:\/\/api.w.org\/{rel}","templated":true}]}}