{"id":4008,"date":"2011-03-27T23:17:39","date_gmt":"2011-03-27T21:17:39","guid":{"rendered":"http:\/\/www.kloster-metten.de\/?page_id=4008"},"modified":"2011-03-27T23:17:39","modified_gmt":"2011-03-27T21:17:39","slug":"ehrentafel-in-laufen-fur-kardinal-augustinus-mayer","status":"publish","type":"page","link":"https:\/\/www.kloster-metten.com\/?page_id=4008","title":{"rendered":"Ehrentafel in Laufen f\u00fcr Kardinal Augustinus Mayer"},"content":{"rendered":"<h2>Ehrentafel in Laufen f\u00fcr Kardinal Augustinus Mayer<\/h2><p style=\"margin: 0px;\"><a href=\"https:\/\/www.kloster-metten.com\/wp-content\/uploads\/2011\/03\/grabmayer.jpg\"><img loading=\"lazy\" decoding=\"async\" class=\"alignnone size-medium wp-image-4009\" title=\"grabmayer\" src=\"https:\/\/www.kloster-metten.com\/wp-content\/uploads\/2011\/03\/grabmayer-375x500.jpg\" alt=\"\" width=\"375\" height=\"500\" srcset=\"https:\/\/www.kloster-metten.com\/wp-content\/uploads\/2011\/03\/grabmayer-375x500.jpg 375w, https:\/\/www.kloster-metten.com\/wp-content\/uploads\/2011\/03\/grabmayer.jpg 612w\" sizes=\"auto, (max-width: 375px) 100vw, 375px\" \/><\/a><\/p>\n<p style=\"margin: 0px;\">Die Vorstandschaft des F\u00f6rdervereins dankt der Stadt Laufen, an ihrer Spitze Herrn B\u00fcrgermeister Hans Feil, dass diese &#8211; wohl auch anl\u00e4\u00dflich des 100. Geburtstages S.E. Kardinal Augustinus Mayer\u00a0 am 23.05.2011, dem Gr\u00fcnder unseres Vereins, eine Ehrentafel am Grab seines Vaters, Herrn Ludwig Mayer, bayer. Generalmayor a.D., der hier in Laufen im Alten Friedhof seine letzte Ruhest\u00e4tte fand, eine Ehrentafel gewidmet hat. S.E.Kardinal Augustinus Mayer hat, wie der Ehrentafel zu entnehmen ist, seine Jugendjahre hier in Laufen verbracht. Mehr als dankbar ist die Vorstandschaft auch H.H.Vater Abt Wolfgang Hagl, dass er bei der Enth\u00fcllung und Segnung der Ehrentafel in Laufen mit dabei war. Am meisten dar\u00fcber gefreut hat sich sicherlich aber unser Herr Kardinal, der das Ganze vom Himmel aus betrachtet hat.<\/p>\n<p style=\"margin: 0px;\">\u00a0<\/p>\n<p style=\"margin: 0px;\"><a href=\"https:\/\/www.kloster-metten.com\/wp-content\/uploads\/2011\/03\/p1040200.jpg\"><img loading=\"lazy\" decoding=\"async\" class=\"alignnone size-medium wp-image-4004\" title=\"p1040200\" src=\"https:\/\/www.kloster-metten.com\/wp-content\/uploads\/2011\/03\/p1040200-500x375.jpg\" alt=\"\" width=\"500\" height=\"375\" srcset=\"https:\/\/www.kloster-metten.com\/wp-content\/uploads\/2011\/03\/p1040200-500x375.jpg 500w, https:\/\/www.kloster-metten.com\/wp-content\/uploads\/2011\/03\/p1040200.jpg 1024w\" sizes=\"auto, (max-width: 500px) 100vw, 500px\" \/><\/a><\/p>\n<p style=\"margin: 0px;\">\u00a0<\/p>\n","protected":false},"excerpt":{"rendered":"<p>Ehrentafel in Laufen f\u00fcr Kardinal Augustinus Mayer Die Vorstandschaft des F\u00f6rdervereins dankt der Stadt Laufen, an ihrer Spitze Herrn B\u00fcrgermeister Hans Feil, dass diese &#8211; wohl auch anl\u00e4\u00dflich des 100. Geburtstages S.E. Kardinal Augustinus Mayer\u00a0 am 23.05.2011, dem Gr\u00fcnder unseres Vereins, eine Ehrentafel am Grab seines Vaters, Herrn Ludwig Mayer, bayer. Generalmayor a.D., der hier [&hellip;]<\/p>\n","protected":false},"author":5,"featured_media":0,"parent":3770,"menu_order":0,"comment_status":"closed","ping_status":"open","template":"","meta":{"footnotes":""},"class_list":["post-4008","page","type-page","status-publish","hentry"],"_links":{"self":[{"href":"https:\/\/www.kloster-metten.com\/index.php?rest_route=\/wp\/v2\/pages\/4008","targetHints":{"allow":["GET"]}}],"collection":[{"href":"https:\/\/www.kloster-metten.com\/index.php?rest_route=\/wp\/v2\/pages"}],"about":[{"href":"https:\/\/www.kloster-metten.com\/index.php?rest_route=\/wp\/v2\/types\/page"}],"author":[{"embeddable":true,"href":"https:\/\/www.kloster-metten.com\/index.php?rest_route=\/wp\/v2\/users\/5"}],"replies":[{"embeddable":true,"href":"https:\/\/www.kloster-metten.com\/index.php?rest_route=%2Fwp%2Fv2%2Fcomments&post=4008"}],"version-history":[{"count":0,"href":"https:\/\/www.kloster-metten.com\/index.php?rest_route=\/wp\/v2\/pages\/4008\/revisions"}],"up":[{"embeddable":true,"href":"https:\/\/www.kloster-metten.com\/index.php?rest_route=\/wp\/v2\/pages\/3770"}],"wp:attachment":[{"href":"https:\/\/www.kloster-metten.com\/index.php?rest_route=%2Fwp%2Fv2%2Fmedia&parent=4008"}],"curies":[{"name":"wp","href":"https:\/\/api.w.org\/{rel}","templated":true}]}}