{"id":4277,"date":"2012-01-01T12:00:51","date_gmt":"2012-01-01T10:00:51","guid":{"rendered":"http:\/\/www.kloster-metten.de\/?page_id=4277"},"modified":"2020-12-29T12:32:24","modified_gmt":"2020-12-29T11:32:24","slug":"neujahr-2","status":"publish","type":"page","link":"https:\/\/www.kloster-metten.com\/?page_id=4277","title":{"rendered":"Neujahr"},"content":{"rendered":"<a href=\"https:\/\/www.kloster-metten.com\/wp-content\/uploads\/2010\/12\/winter1.jpg\"><img loading=\"lazy\" decoding=\"async\" class=\"alignnone size-medium wp-image-3886\" title=\"winter1\" src=\"https:\/\/www.kloster-metten.com\/wp-content\/uploads\/2010\/12\/winter1-375x500.jpg\" alt=\"\" width=\"375\" height=\"500\" srcset=\"https:\/\/www.kloster-metten.com\/wp-content\/uploads\/2010\/12\/winter1-375x500.jpg 375w, https:\/\/www.kloster-metten.com\/wp-content\/uploads\/2010\/12\/winter1.jpg 612w\" sizes=\"auto, (max-width: 375px) 100vw, 375px\" \/><\/a><h2>Neujahr<\/h2><p><\/p>\n<p>Liebe Besucher unserer Homepage!<\/p>\n<p>Wir w\u00fcnschen Ihnen und all Ihren Lieben ein gl\u00fcckliches und vor allem gesegnetes Neues Jahr.<\/p>\n<p>Am Beginn eines Neues Jahres schauen wir Menschen in die Zukunft: voller Hoffnungen, voller Zweifel, voller Angst auch vor dem, was das kommende Jahr wohl bringen wird. Wie froh w\u00e4ren viele, wenn sie einen Blick in die Zukunft werfen k\u00f6nnten; wenn sie Gewissheit, Sicherheit h\u00e4tten.<\/p>\n<p>In einem Gedicht von Minnie Louise Haskins hei\u00dft es: \u201eIch sagte zu dem Engel, der an der Pforte des neues Jahres stand: Gib mir ein Licht, damit ich sicheren Fu\u00dfes der Ungewissheit entgehen kann. Aber er antwortete: Geh nur hin in die Dunkelheit, und leg deine Hand in die Hand Gottes! Das ist besser als ein Licht und sicherer als ein bekannter Weg.&#8220;<\/p>\n<p>Das sollten wir uns zu Beginn des neuen Jahres sagen: Wir wissen uns in Gottes Hand; wir sind nicht einem blinden, einem b\u00f6sen Schicksal ausgeliefert; wir wissen uns in Gottes Liebe und Treue geborgen: er l\u00e4sst uns nie fallen.<\/p>\n<p>Diese gl\u00e4ubige Gewissheit w\u00fcnscht Ihnen die Gemeinschaft der Benediktiner von Metten.<\/p>\n","protected":false},"excerpt":{"rendered":"<p>Neujahr Liebe Besucher unserer Homepage! Wir w\u00fcnschen Ihnen und all Ihren Lieben ein gl\u00fcckliches und vor allem gesegnetes Neues Jahr. Am Beginn eines Neues Jahres schauen wir Menschen in die Zukunft: voller Hoffnungen, voller Zweifel, voller Angst auch vor dem, was das kommende Jahr wohl bringen wird. Wie froh w\u00e4ren viele, wenn sie einen Blick [&hellip;]<\/p>\n","protected":false},"author":5,"featured_media":0,"parent":9796,"menu_order":-192,"comment_status":"closed","ping_status":"open","template":"","meta":{"footnotes":""},"class_list":["post-4277","page","type-page","status-publish","hentry"],"_links":{"self":[{"href":"https:\/\/www.kloster-metten.com\/index.php?rest_route=\/wp\/v2\/pages\/4277","targetHints":{"allow":["GET"]}}],"collection":[{"href":"https:\/\/www.kloster-metten.com\/index.php?rest_route=\/wp\/v2\/pages"}],"about":[{"href":"https:\/\/www.kloster-metten.com\/index.php?rest_route=\/wp\/v2\/types\/page"}],"author":[{"embeddable":true,"href":"https:\/\/www.kloster-metten.com\/index.php?rest_route=\/wp\/v2\/users\/5"}],"replies":[{"embeddable":true,"href":"https:\/\/www.kloster-metten.com\/index.php?rest_route=%2Fwp%2Fv2%2Fcomments&post=4277"}],"version-history":[{"count":2,"href":"https:\/\/www.kloster-metten.com\/index.php?rest_route=\/wp\/v2\/pages\/4277\/revisions"}],"predecessor-version":[{"id":13380,"href":"https:\/\/www.kloster-metten.com\/index.php?rest_route=\/wp\/v2\/pages\/4277\/revisions\/13380"}],"up":[{"embeddable":true,"href":"https:\/\/www.kloster-metten.com\/index.php?rest_route=\/wp\/v2\/pages\/9796"}],"wp:attachment":[{"href":"https:\/\/www.kloster-metten.com\/index.php?rest_route=%2Fwp%2Fv2%2Fmedia&parent=4277"}],"curies":[{"name":"wp","href":"https:\/\/api.w.org\/{rel}","templated":true}]}}