{"id":4351,"date":"2012-03-21T10:39:19","date_gmt":"2012-03-21T08:39:19","guid":{"rendered":"http:\/\/www.kloster-metten.de\/?page_id=4351"},"modified":"2020-12-29T12:53:01","modified_gmt":"2020-12-29T11:53:01","slug":"einkleidung-am-hochfest-des-heiligen-benedikt","status":"publish","type":"page","link":"https:\/\/www.kloster-metten.com\/?page_id=4351","title":{"rendered":"Einkleidung am Hochfest des heiligen Benedikt"},"content":{"rendered":"<h2>Einkleidung am Hochfest des heiligen Benedikt<\/h2><p>Am Hochfest unseres Ordensvaters, des heiligen Benedikt, hatten wir in der Laudes die gro\u00dfe Freude einer Einkleidung. Unser Kandidat Franz Schuller hat sich entschlossen, mit uns zusammen den Weg der Gottsuche nach St. Benedikts Regel zu gehen.<br \/>\nBei der Einkleidung erhielt er aus mehreren Gr\u00fcnden den Namen des heiligen Papstes Gregor des Gro\u00dfen.<br \/>\nSeine gro\u00dfe Leidenschaft ist die Musik, insbesondere der Choral, der nach Papst Gregor benannt ist.<br \/>\nGregor der Gro\u00dfe ist der Biograph unseres Ordensvaters. Alles, was wir au\u00dfer der Regel \u00fcber den heiligen Benedikt wissen, stammt aus seiner Feder.<br \/>\nIn der Ikonographie wird der heilige Gregor mit der Geisttaube am Ohr dargestellt.<br \/>\nMit der Namensgebung verbindet sich der Wunsch, Fr. Gregor m\u00f6chte wie sein Patron nicht m\u00fcde werden, den heiligen Benedikt immer intensiver kennenzulernen und in seinem Ordensleben stets den Heiligen Geist an seinem Ohr haben und auf ihn h\u00f6ren.<\/p>\n\r\n\t\t<style type='text\/css'>\r\n\t\t\t#gallery-1 {\r\n\t\t\t\tmargin: auto;\r\n\t\t\t}\r\n\t\t\t#gallery-1 .gallery-item {\r\n\t\t\t\tfloat: left;\r\n\t\t\t\tmargin-top: 10px;\r\n\t\t\t\ttext-align: center;\r\n\t\t\t\twidth: 33%;\r\n\t\t\t}\r\n\t\t\t#gallery-1 hr {\r\n\t\t\t\theight: 1px;\r\n\t\t\t}\r\n\t\t\t#gallery-1 .gallery-caption {\r\n\t\t\t\tmargin-left: 0;\r\n\t\t\t}\r\n\t\t\t\/* see gallery_shortcode() in wp-includes\/media.php *\/\r\n\t\t<\/style>\n\t\t<div id='gallery-1' class='gallery galleryid-4351 gallery-columns-3 gallery-size-thumbnail'><hr class='null'><dl class='gallery-item'>\r\n\t\t\t<dt class='gallery-icon portrait'>\r\n\t\t\t\t<a title=\"dsc00280\"  href='https:\/\/www.kloster-metten.com\/?attachment_id=4354'><img loading=\"lazy\" decoding=\"async\" width=\"170\" height=\"115\" src=\"https:\/\/www.kloster-metten.com\/wp-content\/uploads\/2012\/03\/dsc00280-170x115.jpg\" class=\"attachment-thumbnail size-thumbnail\" alt=\"\" \/><\/a>\r\n\t\t\t<\/dt><\/dl><dl class='gallery-item'>\r\n\t\t\t<dt class='gallery-icon landscape'>\r\n\t\t\t\t<a title=\"dsc00274\"  href='https:\/\/www.kloster-metten.com\/?attachment_id=4353'><img loading=\"lazy\" decoding=\"async\" width=\"170\" height=\"115\" src=\"https:\/\/www.kloster-metten.com\/wp-content\/uploads\/2012\/03\/dsc00274-170x115.jpg\" class=\"attachment-thumbnail size-thumbnail\" alt=\"\" \/><\/a>\r\n\t\t\t<\/dt><\/dl><dl class='gallery-item'>\r\n\t\t\t<dt class='gallery-icon landscape'>\r\n\t\t\t\t<a title=\"dsc00291\"  href='https:\/\/www.kloster-metten.com\/?attachment_id=4352'><img loading=\"lazy\" decoding=\"async\" width=\"170\" height=\"115\" src=\"https:\/\/www.kloster-metten.com\/wp-content\/uploads\/2012\/03\/dsc00291-170x115.jpg\" class=\"attachment-thumbnail size-thumbnail\" alt=\"\" \/><\/a>\r\n\t\t\t<\/dt><\/dl><br style=\"clear: both\" \/>\r\n\t\t<\/div>\n\n","protected":false},"excerpt":{"rendered":"<p>Einkleidung am Hochfest des heiligen BenediktAm Hochfest unseres Ordensvaters, des heiligen Benedikt, hatten wir in der Laudes die gro\u00dfe Freude einer Einkleidung. Unser Kandidat Franz Schuller hat sich entschlossen, mit uns zusammen den Weg der Gottsuche nach St. Benedikts Regel zu gehen. Bei der Einkleidung erhielt er aus mehreren Gr\u00fcnden den Namen des heiligen Papstes [&hellip;]<\/p>\n","protected":false},"author":5,"featured_media":0,"parent":9796,"menu_order":-198,"comment_status":"closed","ping_status":"open","template":"","meta":{"footnotes":""},"class_list":["post-4351","page","type-page","status-publish","hentry"],"_links":{"self":[{"href":"https:\/\/www.kloster-metten.com\/index.php?rest_route=\/wp\/v2\/pages\/4351","targetHints":{"allow":["GET"]}}],"collection":[{"href":"https:\/\/www.kloster-metten.com\/index.php?rest_route=\/wp\/v2\/pages"}],"about":[{"href":"https:\/\/www.kloster-metten.com\/index.php?rest_route=\/wp\/v2\/types\/page"}],"author":[{"embeddable":true,"href":"https:\/\/www.kloster-metten.com\/index.php?rest_route=\/wp\/v2\/users\/5"}],"replies":[{"embeddable":true,"href":"https:\/\/www.kloster-metten.com\/index.php?rest_route=%2Fwp%2Fv2%2Fcomments&post=4351"}],"version-history":[{"count":3,"href":"https:\/\/www.kloster-metten.com\/index.php?rest_route=\/wp\/v2\/pages\/4351\/revisions"}],"predecessor-version":[{"id":13382,"href":"https:\/\/www.kloster-metten.com\/index.php?rest_route=\/wp\/v2\/pages\/4351\/revisions\/13382"}],"up":[{"embeddable":true,"href":"https:\/\/www.kloster-metten.com\/index.php?rest_route=\/wp\/v2\/pages\/9796"}],"wp:attachment":[{"href":"https:\/\/www.kloster-metten.com\/index.php?rest_route=%2Fwp%2Fv2%2Fmedia&parent=4351"}],"curies":[{"name":"wp","href":"https:\/\/api.w.org\/{rel}","templated":true}]}}