{"id":4363,"date":"2012-03-26T14:14:15","date_gmt":"2012-03-26T12:14:15","guid":{"rendered":"http:\/\/www.kloster-metten.de\/?page_id=4363"},"modified":"2016-05-16T21:50:23","modified_gmt":"2016-05-16T19:50:23","slug":"wir-laden-sie-herzlich-ein-die-heilige-woche-mit-uns-zu-feiern","status":"publish","type":"page","link":"https:\/\/www.kloster-metten.com\/?page_id=4363","title":{"rendered":"Wir laden Sie herzlich ein, die Heilige Woche mit uns zu feiern:"},"content":{"rendered":"<h2>Wir laden Sie herzlich ein, die Heilige Woche mit uns zu feiern:<\/h2><h2>Palmsonntag<\/h2>\n<p><a href=\"https:\/\/www.kloster-metten.com\/wp-content\/uploads\/2012\/03\/p8010220.jpg\"><img loading=\"lazy\" decoding=\"async\" class=\"alignnone size-medium wp-image-4366\" title=\"p8010220\" src=\"https:\/\/www.kloster-metten.com\/wp-content\/uploads\/2012\/03\/p8010220-399x500.jpg\" alt=\"\" width=\"399\" height=\"500\" srcset=\"https:\/\/www.kloster-metten.com\/wp-content\/uploads\/2012\/03\/p8010220-399x500.jpg 399w, https:\/\/www.kloster-metten.com\/wp-content\/uploads\/2012\/03\/p8010220.jpg 684w\" sizes=\"auto, (max-width: 399px) 100vw, 399px\" \/><\/a><\/p>\n<p>Der Palmsonntag er\u00f6ffnet die Karwoche. Im Gottesdienst wird mit verteilten Rollen die Leidensgeschichte Jesu aus dem Markusevangelium vorgelesen. Sie berichtet vom letzten Abendmahl Jesu, von seiner Gefangennahme und Verurteilung, der Kreuzigung und dem Begr\u00e4bnis Jesu. Seinen Namen hat der Palmsonntag von dem Brauch, dass an diesem Tag Palmzweige zum Gottesdienst mitgebracht werden. Denn die Evangelien berichten, dass die Menschen Jesus zujubelten und ihm gr\u00fcne Zweige auf den Weg streuten, als er vor seinem Leiden in die Stadt Jerusalem einzog.<\/p>\n<p>Zum Ged\u00e4chtnis an den Einzug Jesu in Jerusalem segnen wir um <strong><span style=\"text-decoration: underline;\">9.00 Uhr im Klosterhof<\/span><\/strong> unsere Palmzweige und ziehen dann zum Gottesdienst in die Kirche. Diese &#8222;Palmprozession&#8220; verstehen wir als ein \u00f6ffentliches Bekenntnis zu Jesus Christus.<\/p>\n<h2>Gr\u00fcndonnerstag<\/h2>\n<p><a href=\"https:\/\/www.kloster-metten.com\/wp-content\/uploads\/2012\/03\/grundonnerstag.jpg\"><img loading=\"lazy\" decoding=\"async\" class=\"alignnone size-medium wp-image-4364\" title=\"grundonnerstag\" src=\"https:\/\/www.kloster-metten.com\/wp-content\/uploads\/2012\/03\/grundonnerstag-500x375.jpg\" alt=\"\" width=\"500\" height=\"375\" srcset=\"https:\/\/www.kloster-metten.com\/wp-content\/uploads\/2012\/03\/grundonnerstag-500x375.jpg 500w, https:\/\/www.kloster-metten.com\/wp-content\/uploads\/2012\/03\/grundonnerstag.jpg 2048w\" sizes=\"auto, (max-width: 500px) 100vw, 500px\" \/><\/a><\/p>\n<p>In der Abendmesse des Gr\u00fcndonnerstags denken wir an das letzte Abendmahl Jesu mit seinen J\u00fcngern und feiern die Einsetzung der heiligen Eucharistie durch Jesus. Im Gottesdienst am Abend erklingen zum letzten Mal bis zur Osternacht die Glocken und die Orgel. Sie schweigen zeichenhaft an den Tagen des Leidens und Todes Jesu. Auch das Entfernen des Altarschmuckes am Ende der Heiligen Messe und die \u00dcbertragung des Allerheiligsten in den Tabernakel am Kreuzaltar stimmen uns darauf ein.<br \/>\nNach der Predigt werden Mitgliedern unserer Pfarrgemeinde die F\u00fc\u00dfe gewaschen. Die Fu\u00dfwaschung ist Ausdruck dienender Liebe, wie sie Jesus vorgelebt hat. Obwohl es ein Knechtsdienst war, hatte auch Jesus beim letzten Abendmahl den J\u00fcngern die F\u00fc\u00dfe gewaschen.<\/p>\n<p>Das Gr\u00fcndonnerstagsamt beginnt um <strong><span style=\"text-decoration: underline;\">19.00 Uhr<\/span><\/strong>, es zelebriert der Hochwst. Herr Erzbischof em. Dr. Karl Braun aus Bamberg.<\/p>\n<p>In der Nacht von Gr\u00fcndonnerstag auf Karfreitag bittet Jesus seine J\u00fcnger und uns alle: \u201eMeine Seele ist zu Tode betr\u00fcbt. Bleibt hier und wacht mit mir.&#8220; (Mt 26,38) Wir laden nach dem Abendmahlsamt zum stillen Gebet vor dem ausgesetzten Allerheiligsten bis 24.00 Uhr.<\/p>\n<h2>Karfreitag<\/h2>\n<p><a href=\"https:\/\/www.kloster-metten.com\/wp-content\/uploads\/2012\/03\/karfreitag.jpg\"><img loading=\"lazy\" decoding=\"async\" class=\"alignnone size-medium wp-image-4365\" title=\"karfreitag\" src=\"https:\/\/www.kloster-metten.com\/wp-content\/uploads\/2012\/03\/karfreitag-375x500.jpg\" alt=\"\" width=\"375\" height=\"500\" srcset=\"https:\/\/www.kloster-metten.com\/wp-content\/uploads\/2012\/03\/karfreitag-375x500.jpg 375w, https:\/\/www.kloster-metten.com\/wp-content\/uploads\/2012\/03\/karfreitag.jpg 1536w\" sizes=\"auto, (max-width: 375px) 100vw, 375px\" \/><\/a><\/p>\n<p>Der Karfreitag ist als Ged\u00e4chtnistag der Kreuzigung Jesu seit dem vierten Jahrhundert bezeugt. Strenges Fasten kennzeichnet diesen Tag. Um <strong><span style=\"text-decoration: underline;\">15 Uhr<\/span><\/strong>, der Todesstunde Jesu, versammeln wir uns und erinnern uns an das Leiden und Sterben Jesu am Kreuz. Die liturgische Feier besteht aus drei Teilen: dem Wortgottesdienst mit der Verlesung der Passionsgeschichte aus dem Johannesevangelium, der Kreuzverehrung und der Kommunionfeier. Heilige Messen d\u00fcrfen am Karfreitag und Karsamstag nicht gefeiert werden.<\/p>\n","protected":false},"excerpt":{"rendered":"<p>Wir laden Sie herzlich ein, die Heilige Woche mit uns zu feiern:Palmsonntag Der Palmsonntag er\u00f6ffnet die Karwoche. Im Gottesdienst wird mit verteilten Rollen die Leidensgeschichte Jesu aus dem Markusevangelium vorgelesen. Sie berichtet vom letzten Abendmahl Jesu, von seiner Gefangennahme und Verurteilung, der Kreuzigung und dem Begr\u00e4bnis Jesu. Seinen Namen hat der Palmsonntag von dem Brauch, [&hellip;]<\/p>\n","protected":false},"author":5,"featured_media":0,"parent":9796,"menu_order":-199,"comment_status":"closed","ping_status":"open","template":"","meta":{"footnotes":""},"class_list":["post-4363","page","type-page","status-publish","hentry"],"_links":{"self":[{"href":"https:\/\/www.kloster-metten.com\/index.php?rest_route=\/wp\/v2\/pages\/4363","targetHints":{"allow":["GET"]}}],"collection":[{"href":"https:\/\/www.kloster-metten.com\/index.php?rest_route=\/wp\/v2\/pages"}],"about":[{"href":"https:\/\/www.kloster-metten.com\/index.php?rest_route=\/wp\/v2\/types\/page"}],"author":[{"embeddable":true,"href":"https:\/\/www.kloster-metten.com\/index.php?rest_route=\/wp\/v2\/users\/5"}],"replies":[{"embeddable":true,"href":"https:\/\/www.kloster-metten.com\/index.php?rest_route=%2Fwp%2Fv2%2Fcomments&post=4363"}],"version-history":[{"count":1,"href":"https:\/\/www.kloster-metten.com\/index.php?rest_route=\/wp\/v2\/pages\/4363\/revisions"}],"predecessor-version":[{"id":9865,"href":"https:\/\/www.kloster-metten.com\/index.php?rest_route=\/wp\/v2\/pages\/4363\/revisions\/9865"}],"up":[{"embeddable":true,"href":"https:\/\/www.kloster-metten.com\/index.php?rest_route=\/wp\/v2\/pages\/9796"}],"wp:attachment":[{"href":"https:\/\/www.kloster-metten.com\/index.php?rest_route=%2Fwp%2Fv2%2Fmedia&parent=4363"}],"curies":[{"name":"wp","href":"https:\/\/api.w.org\/{rel}","templated":true}]}}