{"id":4399,"date":"2012-04-06T17:42:16","date_gmt":"2012-04-06T15:42:16","guid":{"rendered":"http:\/\/www.kloster-metten.de\/?page_id=4399"},"modified":"2016-05-16T21:49:43","modified_gmt":"2016-05-16T19:49:43","slug":"karsamstag-2","status":"publish","type":"page","link":"https:\/\/www.kloster-metten.com\/?page_id=4399","title":{"rendered":"Karsamstag"},"content":{"rendered":"<h2>Karsamstag<\/h2><p><strong><span style=\"text-decoration: underline;\"><a href=\"https:\/\/www.kloster-metten.com\/wp-content\/uploads\/2012\/04\/dsc06405.jpg\"><img loading=\"lazy\" decoding=\"async\" class=\"alignnone size-medium wp-image-4400\" title=\"dsc06405\" src=\"https:\/\/www.kloster-metten.com\/wp-content\/uploads\/2012\/04\/dsc06405-334x499.jpg\" alt=\"\" width=\"334\" height=\"499\" srcset=\"https:\/\/www.kloster-metten.com\/wp-content\/uploads\/2012\/04\/dsc06405-334x499.jpg 334w, https:\/\/www.kloster-metten.com\/wp-content\/uploads\/2012\/04\/dsc06405.jpg 648w\" sizes=\"auto, (max-width: 334px) 100vw, 334px\" \/><\/a><\/span><\/strong><\/p>\n<p><strong><span style=\"text-decoration: underline;\">Wenn die Mitte fehlt<\/span><\/strong><\/p>\n<p>Reinhold Schneider erz\u00e4hlte in seiner Novelle \u201eDie Sch\u00e4cher ohne den Herrn&#8220;, wie 1566 bei einem Aufruhr in Flandern Heiligt\u00fcmer gesch\u00e4ndet wurden. \u00dcber Nacht schien das Heilige entweiht. Die Aufst\u00e4ndischen vergriffen sich schlie\u00dflich an einer lebensgro\u00dfen Kreuzigungsgruppe. Sie lie\u00dfen die Kreuze der Sch\u00e4cher stehen, st\u00fcrzten aber das Kreuz Jesu in der Mitte um. Sie zerschlugen das Bild des Erl\u00f6sers \u201eund schonten die Bilder der Sch\u00e4cher, in denen sie Abbilder ihres eigenen Wesens sehen mochten&#8230;Die Sch\u00e4cher ohne den Herrn. Eine furchtbare L\u00fccke klaffte zwischen den beiden Kreuzen; nun war auch der Reum\u00fctige verloren, dem der Herr das Paradies verhei\u00dfen hatte; denn der Herr, der ihn dahin f\u00fchren wollte, war ihm entrissen. Und in welcher Verlorenheit stand das Kreuz des L\u00e4sterers! Der Mittler war verschwunden die Mitte war leer&#8230;&#8220;<\/p>\n<p>Ohne Mitte verliert sich alles im Nichts. Es ist die wahre H\u00f6lle, wenn der Hilfeschrei in letzter Not kein Echo findet, wenn das Antlitz der Zuwendung Gottes verschwindet. Der Gekreuzigte &#8211; so bekennen wir &#8211; ist&#8220; hinabgestiegen in das Reich des Todes&#8220;, um die Menschen heimzuholen in das Leben Gottes &#8211; auch die Sch\u00e4cher.<\/p>\n<p>Franz Kamphaus, Gott ist kein Nostalgiker, S. 78<\/p>\n","protected":false},"excerpt":{"rendered":"<p>Karsamstag Wenn die Mitte fehlt Reinhold Schneider erz\u00e4hlte in seiner Novelle \u201eDie Sch\u00e4cher ohne den Herrn&#8220;, wie 1566 bei einem Aufruhr in Flandern Heiligt\u00fcmer gesch\u00e4ndet wurden. \u00dcber Nacht schien das Heilige entweiht. Die Aufst\u00e4ndischen vergriffen sich schlie\u00dflich an einer lebensgro\u00dfen Kreuzigungsgruppe. Sie lie\u00dfen die Kreuze der Sch\u00e4cher stehen, st\u00fcrzten aber das Kreuz Jesu in der [&hellip;]<\/p>\n","protected":false},"author":5,"featured_media":0,"parent":9796,"menu_order":-201,"comment_status":"closed","ping_status":"open","template":"","meta":{"footnotes":""},"class_list":["post-4399","page","type-page","status-publish","hentry"],"_links":{"self":[{"href":"https:\/\/www.kloster-metten.com\/index.php?rest_route=\/wp\/v2\/pages\/4399","targetHints":{"allow":["GET"]}}],"collection":[{"href":"https:\/\/www.kloster-metten.com\/index.php?rest_route=\/wp\/v2\/pages"}],"about":[{"href":"https:\/\/www.kloster-metten.com\/index.php?rest_route=\/wp\/v2\/types\/page"}],"author":[{"embeddable":true,"href":"https:\/\/www.kloster-metten.com\/index.php?rest_route=\/wp\/v2\/users\/5"}],"replies":[{"embeddable":true,"href":"https:\/\/www.kloster-metten.com\/index.php?rest_route=%2Fwp%2Fv2%2Fcomments&post=4399"}],"version-history":[{"count":1,"href":"https:\/\/www.kloster-metten.com\/index.php?rest_route=\/wp\/v2\/pages\/4399\/revisions"}],"predecessor-version":[{"id":9863,"href":"https:\/\/www.kloster-metten.com\/index.php?rest_route=\/wp\/v2\/pages\/4399\/revisions\/9863"}],"up":[{"embeddable":true,"href":"https:\/\/www.kloster-metten.com\/index.php?rest_route=\/wp\/v2\/pages\/9796"}],"wp:attachment":[{"href":"https:\/\/www.kloster-metten.com\/index.php?rest_route=%2Fwp%2Fv2%2Fmedia&parent=4399"}],"curies":[{"name":"wp","href":"https:\/\/api.w.org\/{rel}","templated":true}]}}