{"id":4450,"date":"2012-05-04T16:17:28","date_gmt":"2012-05-04T14:17:28","guid":{"rendered":"http:\/\/www.kloster-metten.de\/?page_id=4450"},"modified":"2016-05-16T21:48:42","modified_gmt":"2016-05-16T19:48:42","slug":"oblation-von-fr-konrad","status":"publish","type":"page","link":"https:\/\/www.kloster-metten.com\/?page_id=4450","title":{"rendered":"Oblation von Fr. Konrad"},"content":{"rendered":"<a href=\"https:\/\/www.kloster-metten.com\/wp-content\/uploads\/2012\/05\/fr_konrad.jpg\"><img loading=\"lazy\" decoding=\"async\" class=\"alignnone size-medium wp-image-4451\" title=\"fr_konrad\" src=\"https:\/\/www.kloster-metten.com\/wp-content\/uploads\/2012\/05\/fr_konrad-500x375.jpg\" alt=\"\" width=\"500\" height=\"375\" srcset=\"https:\/\/www.kloster-metten.com\/wp-content\/uploads\/2012\/05\/fr_konrad-500x375.jpg 500w, https:\/\/www.kloster-metten.com\/wp-content\/uploads\/2012\/05\/fr_konrad.jpg 2000w\" sizes=\"auto, (max-width: 500px) 100vw, 500px\" \/><\/a><h2>Oblation von Fr. Konrad<\/h2><p><\/p>\n<p>Am 1. Mai, dem Hochfest Mariens, der Schutzfrau Bayerns, legte Fr. Konrad M. Stromsky seine Oblation ab. Er versprach, sich Gott, dem Allm\u00e4chtigen, der seligen Jungfrau Maria und dem heiligen Vater Benedikt darzubringen und als Regularoblate in unserer Gemeinschaft unter der F\u00fchrung des Evangeliums im Geist der Regel St. Benedikts zu leben. Wir w\u00fcnschen ihm dazu allen Segen Gottes und die F\u00fclle seines Heiligen Geistes.<\/p>\n","protected":false},"excerpt":{"rendered":"<p>Oblation von Fr. Konrad Am 1. Mai, dem Hochfest Mariens, der Schutzfrau Bayerns, legte Fr. Konrad M. Stromsky seine Oblation ab. Er versprach, sich Gott, dem Allm\u00e4chtigen, der seligen Jungfrau Maria und dem heiligen Vater Benedikt darzubringen und als Regularoblate in unserer Gemeinschaft unter der F\u00fchrung des Evangeliums im Geist der Regel St. Benedikts zu [&hellip;]<\/p>\n","protected":false},"author":5,"featured_media":0,"parent":9796,"menu_order":-205,"comment_status":"closed","ping_status":"open","template":"","meta":{"footnotes":""},"class_list":["post-4450","page","type-page","status-publish","hentry"],"_links":{"self":[{"href":"https:\/\/www.kloster-metten.com\/index.php?rest_route=\/wp\/v2\/pages\/4450","targetHints":{"allow":["GET"]}}],"collection":[{"href":"https:\/\/www.kloster-metten.com\/index.php?rest_route=\/wp\/v2\/pages"}],"about":[{"href":"https:\/\/www.kloster-metten.com\/index.php?rest_route=\/wp\/v2\/types\/page"}],"author":[{"embeddable":true,"href":"https:\/\/www.kloster-metten.com\/index.php?rest_route=\/wp\/v2\/users\/5"}],"replies":[{"embeddable":true,"href":"https:\/\/www.kloster-metten.com\/index.php?rest_route=%2Fwp%2Fv2%2Fcomments&post=4450"}],"version-history":[{"count":1,"href":"https:\/\/www.kloster-metten.com\/index.php?rest_route=\/wp\/v2\/pages\/4450\/revisions"}],"predecessor-version":[{"id":9860,"href":"https:\/\/www.kloster-metten.com\/index.php?rest_route=\/wp\/v2\/pages\/4450\/revisions\/9860"}],"up":[{"embeddable":true,"href":"https:\/\/www.kloster-metten.com\/index.php?rest_route=\/wp\/v2\/pages\/9796"}],"wp:attachment":[{"href":"https:\/\/www.kloster-metten.com\/index.php?rest_route=%2Fwp%2Fv2%2Fmedia&parent=4450"}],"curies":[{"name":"wp","href":"https:\/\/api.w.org\/{rel}","templated":true}]}}