{"id":4550,"date":"2012-10-07T20:03:40","date_gmt":"2012-10-07T18:03:40","guid":{"rendered":"http:\/\/www.kloster-metten.de\/?page_id=4550"},"modified":"2016-05-16T21:47:14","modified_gmt":"2016-05-16T19:47:14","slug":"regionaltreffen-der-ordensleute-in-metten","status":"publish","type":"page","link":"https:\/\/www.kloster-metten.com\/?page_id=4550","title":{"rendered":"Regionaltreffen der Ordensleute in Metten"},"content":{"rendered":"<a href=\"https:\/\/www.kloster-metten.com\/wp-content\/uploads\/2012\/10\/regionaltreffen.jpg\"><img loading=\"lazy\" decoding=\"async\" class=\"alignleft size-medium wp-image-4551\" title=\"regionaltreffen\" src=\"https:\/\/www.kloster-metten.com\/wp-content\/uploads\/2012\/10\/regionaltreffen-500x372.jpg\" alt=\"\" width=\"500\" height=\"372\" srcset=\"https:\/\/www.kloster-metten.com\/wp-content\/uploads\/2012\/10\/regionaltreffen-500x372.jpg 500w, https:\/\/www.kloster-metten.com\/wp-content\/uploads\/2012\/10\/regionaltreffen.jpg 889w\" sizes=\"auto, (max-width: 500px) 100vw, 500px\" \/><\/a><h2>Regionaltreffen der Ordensleute in Metten<\/h2><p>Am Hochfest des heiligen Erzengels Michael trafen sich in der Benediktinerabtei Metten etwa 40 Ordensleute aus der Region Landshut-Straubing. Eingeladen hatten zu diesem Treffen Frau Ordinariatsr\u00e4tin Maria Luisa \u00d6fele, die Leiterin des Referats f\u00fcr Orden und geistliche Gemeinschaften in der Di\u00f6zese Regensburg, und Schwester M. Martina Ertl OCist von der Zisterzienserinnenabtei Seligenthal in Landshut.<\/p>\n<p>Nach dem Gottesdienst in der Klosterkirche hielt Pater Prior Erhard Hinrainer OSB einen Vortrag zum Thema \u201eAlles kann, wer glaubt. (Mk 9,23) &#8211; den Weg des Glaubens entdecken&#8220; und stimmte damit auf das \u201eJahr des Glaubens&#8220; ein, dessen Beginn Papst Benedikt XVI. auf den 11. Oktober 2012, den f\u00fcnfzigsten Jahrestag der Er\u00f6ffnung des Zweiten Vatikanischen Konzils, festgesetzt hat. Pater Erhard wies in seinem Vortrag auf die Gottesmutter Maria und den Apostel Petrus als Vorbilder des Glaubens hin und ermutigte die Mitschwestern und Mitbr\u00fcder, auf ihrem Glaubensweg die N\u00e4he Gottes in der Eucharistiefeier, im gemeinsamen Gebet, in der Schriftlesung und in der Anbetung zu suchen.<\/p>\n<p><a href=\"https:\/\/www.kloster-metten.com\/wp-content\/uploads\/2012\/10\/regionaltreffen2.jpg\"><img loading=\"lazy\" decoding=\"async\" class=\"alignleft size-medium wp-image-4552\" title=\"regionaltreffen2\" src=\"https:\/\/www.kloster-metten.com\/wp-content\/uploads\/2012\/10\/regionaltreffen2-500x375.jpg\" alt=\"\" width=\"500\" height=\"375\" srcset=\"https:\/\/www.kloster-metten.com\/wp-content\/uploads\/2012\/10\/regionaltreffen2-500x375.jpg 500w, https:\/\/www.kloster-metten.com\/wp-content\/uploads\/2012\/10\/regionaltreffen2.jpg 1000w\" sizes=\"auto, (max-width: 500px) 100vw, 500px\" \/><\/a>Nach einem geistlichen Gespr\u00e4ch in Kleingruppen und dem gemeinsamen Mittagessen rundete eine F\u00fchrung durch die Bibliotheksr\u00e4ume und den Festsaal des Klosters den gemeinsamen Tag ab.<\/p>\n<p><a href=\"https:\/\/www.kloster-metten.com\/wp-content\/uploads\/2012\/10\/regionaltreffen1.jpg\"><img loading=\"lazy\" decoding=\"async\" class=\"alignleft size-medium wp-image-4553\" title=\"regionaltreffen1\" src=\"https:\/\/www.kloster-metten.com\/wp-content\/uploads\/2012\/10\/regionaltreffen1-500x375.jpg\" alt=\"\" width=\"500\" height=\"375\" srcset=\"https:\/\/www.kloster-metten.com\/wp-content\/uploads\/2012\/10\/regionaltreffen1-500x375.jpg 500w, https:\/\/www.kloster-metten.com\/wp-content\/uploads\/2012\/10\/regionaltreffen1.jpg 1000w\" sizes=\"auto, (max-width: 500px) 100vw, 500px\" \/><\/a><\/p>\n","protected":false},"excerpt":{"rendered":"<p>Regionaltreffen der Ordensleute in MettenAm Hochfest des heiligen Erzengels Michael trafen sich in der Benediktinerabtei Metten etwa 40 Ordensleute aus der Region Landshut-Straubing. Eingeladen hatten zu diesem Treffen Frau Ordinariatsr\u00e4tin Maria Luisa \u00d6fele, die Leiterin des Referats f\u00fcr Orden und geistliche Gemeinschaften in der Di\u00f6zese Regensburg, und Schwester M. Martina Ertl OCist von der Zisterzienserinnenabtei [&hellip;]<\/p>\n","protected":false},"author":5,"featured_media":0,"parent":9796,"menu_order":-212,"comment_status":"closed","ping_status":"open","template":"","meta":{"footnotes":""},"class_list":["post-4550","page","type-page","status-publish","hentry"],"_links":{"self":[{"href":"https:\/\/www.kloster-metten.com\/index.php?rest_route=\/wp\/v2\/pages\/4550","targetHints":{"allow":["GET"]}}],"collection":[{"href":"https:\/\/www.kloster-metten.com\/index.php?rest_route=\/wp\/v2\/pages"}],"about":[{"href":"https:\/\/www.kloster-metten.com\/index.php?rest_route=\/wp\/v2\/types\/page"}],"author":[{"embeddable":true,"href":"https:\/\/www.kloster-metten.com\/index.php?rest_route=\/wp\/v2\/users\/5"}],"replies":[{"embeddable":true,"href":"https:\/\/www.kloster-metten.com\/index.php?rest_route=%2Fwp%2Fv2%2Fcomments&post=4550"}],"version-history":[{"count":1,"href":"https:\/\/www.kloster-metten.com\/index.php?rest_route=\/wp\/v2\/pages\/4550\/revisions"}],"predecessor-version":[{"id":9856,"href":"https:\/\/www.kloster-metten.com\/index.php?rest_route=\/wp\/v2\/pages\/4550\/revisions\/9856"}],"up":[{"embeddable":true,"href":"https:\/\/www.kloster-metten.com\/index.php?rest_route=\/wp\/v2\/pages\/9796"}],"wp:attachment":[{"href":"https:\/\/www.kloster-metten.com\/index.php?rest_route=%2Fwp%2Fv2%2Fmedia&parent=4550"}],"curies":[{"name":"wp","href":"https:\/\/api.w.org\/{rel}","templated":true}]}}