{"id":4730,"date":"2013-01-01T14:33:45","date_gmt":"2013-01-01T12:33:45","guid":{"rendered":"http:\/\/www.kloster-metten.de\/?page_id=4730"},"modified":"2016-05-16T21:45:53","modified_gmt":"2016-05-16T19:45:53","slug":"neujahr-3","status":"publish","type":"page","link":"https:\/\/www.kloster-metten.com\/?page_id=4730","title":{"rendered":"Neujahr"},"content":{"rendered":"<a href=\"https:\/\/www.kloster-metten.com\/wp-content\/uploads\/2013\/01\/w-stab.jpg\"><img loading=\"lazy\" decoding=\"async\" class=\"alignnone size-medium wp-image-4731\" title=\"w-stab\" src=\"https:\/\/www.kloster-metten.com\/wp-content\/uploads\/2013\/01\/w-stab-375x500.jpg\" alt=\"\" width=\"375\" height=\"500\" srcset=\"https:\/\/www.kloster-metten.com\/wp-content\/uploads\/2013\/01\/w-stab-375x500.jpg 375w, https:\/\/www.kloster-metten.com\/wp-content\/uploads\/2013\/01\/w-stab.jpg 612w\" sizes=\"auto, (max-width: 375px) 100vw, 375px\" \/><\/a><h2>Neujahr<\/h2><p><\/p>\n<p>Wir w\u00fcnschen allen Besuchern unserer Homepage am ersten Tag des Neuen Jahres 2013, dem Hochfest der Gottesmutter Maria, viel Gl\u00fcck und Gottes best\u00e4ndigen Schutz und Segen f\u00fcr alles Kommende.<\/p>\n","protected":false},"excerpt":{"rendered":"<p>Neujahr Wir w\u00fcnschen allen Besuchern unserer Homepage am ersten Tag des Neuen Jahres 2013, dem Hochfest der Gottesmutter Maria, viel Gl\u00fcck und Gottes best\u00e4ndigen Schutz und Segen f\u00fcr alles Kommende.<\/p>\n","protected":false},"author":5,"featured_media":0,"parent":9796,"menu_order":-216,"comment_status":"closed","ping_status":"open","template":"","meta":{"footnotes":""},"class_list":["post-4730","page","type-page","status-publish","hentry"],"_links":{"self":[{"href":"https:\/\/www.kloster-metten.com\/index.php?rest_route=\/wp\/v2\/pages\/4730","targetHints":{"allow":["GET"]}}],"collection":[{"href":"https:\/\/www.kloster-metten.com\/index.php?rest_route=\/wp\/v2\/pages"}],"about":[{"href":"https:\/\/www.kloster-metten.com\/index.php?rest_route=\/wp\/v2\/types\/page"}],"author":[{"embeddable":true,"href":"https:\/\/www.kloster-metten.com\/index.php?rest_route=\/wp\/v2\/users\/5"}],"replies":[{"embeddable":true,"href":"https:\/\/www.kloster-metten.com\/index.php?rest_route=%2Fwp%2Fv2%2Fcomments&post=4730"}],"version-history":[{"count":1,"href":"https:\/\/www.kloster-metten.com\/index.php?rest_route=\/wp\/v2\/pages\/4730\/revisions"}],"predecessor-version":[{"id":9852,"href":"https:\/\/www.kloster-metten.com\/index.php?rest_route=\/wp\/v2\/pages\/4730\/revisions\/9852"}],"up":[{"embeddable":true,"href":"https:\/\/www.kloster-metten.com\/index.php?rest_route=\/wp\/v2\/pages\/9796"}],"wp:attachment":[{"href":"https:\/\/www.kloster-metten.com\/index.php?rest_route=%2Fwp%2Fv2%2Fmedia&parent=4730"}],"curies":[{"name":"wp","href":"https:\/\/api.w.org\/{rel}","templated":true}]}}