{"id":47552,"date":"2023-02-12T09:32:24","date_gmt":"2023-02-12T08:32:24","guid":{"rendered":"https:\/\/www.kloster-metten.de\/?page_id=47552"},"modified":"2023-02-12T09:32:24","modified_gmt":"2023-02-12T08:32:24","slug":"zahlreiche-preise-beim-heureka-wettbewerb","status":"publish","type":"page","link":"https:\/\/www.kloster-metten.com\/?page_id=47552","title":{"rendered":"Zahlreiche Preise beim Heureka-Wettbewerb"},"content":{"rendered":"<h2>Zahlreiche Preise beim Heureka-Wettbewerb<\/h2><p><strong><a href=\"https:\/\/www.kloster-metten.com\/wp-content\/uploads\/2023\/02\/Heureka_k.jpg\"><img class=\"size-medium wp-image-47537 alignnone\" title=\"Heureka_k\" src=\"https:\/\/www.kloster-metten.com\/wp-content\/uploads\/2023\/02\/Heureka_k-500x375.jpg\" alt=\"\" width=\"500\" height=\"375\" \/><\/a><\/strong><\/p>\n<p>Auch dieses Jahr haben wieder zahlreiche Sch\u00fclerinnen und Sch\u00fcler des St.-Michaels-Gymnasiums der Benediktiner Metten beim Heureka-Wettbewerb tolle Preise gewonnen. Der Heureka-Wettbewerb \u201eMensch und Natur\u201d richtet sich an die Klassenstufen drei bis acht und findet zeitgleich in allen teilnehmenden Schulen statt. Der Wettbewerb besteht aus drei Teilen, zu denen jeweils Fragen gestellt werden, die alle einen naturwissenschaftlichen Hintergrund haben: Der erste Teil bezieht sich auf Mensch und Tier, der zweite Teil enth\u00e4lt Fragen zu Natur und Umwelt. Der dritte Teil fragt nach Technik und Fortschritt. Kilian Sp\u00e4th, Filip Teichert, Simon Engelgeh, Laura Gegenfurtner und Jannik Teichert z\u00e4hlten dabei zu den Jahrgangsstufenbesten.<\/p>\n","protected":false},"excerpt":{"rendered":"<p>Zahlreiche Preise beim Heureka-Wettbewerb Auch dieses Jahr haben wieder zahlreiche Sch\u00fclerinnen und Sch\u00fcler des St.-Michaels-Gymnasiums der Benediktiner Metten beim Heureka-Wettbewerb tolle Preise gewonnen. Der Heureka-Wettbewerb \u201eMensch und Natur\u201d richtet sich an die Klassenstufen drei bis acht und findet zeitgleich in allen teilnehmenden Schulen statt. Der Wettbewerb besteht aus drei Teilen, zu denen jeweils Fragen gestellt [&hellip;]<\/p>\n","protected":false},"author":5,"featured_media":0,"parent":5394,"menu_order":-91,"comment_status":"closed","ping_status":"closed","template":"","meta":{"footnotes":""},"class_list":["post-47552","page","type-page","status-publish","hentry"],"_links":{"self":[{"href":"https:\/\/www.kloster-metten.com\/index.php?rest_route=\/wp\/v2\/pages\/47552","targetHints":{"allow":["GET"]}}],"collection":[{"href":"https:\/\/www.kloster-metten.com\/index.php?rest_route=\/wp\/v2\/pages"}],"about":[{"href":"https:\/\/www.kloster-metten.com\/index.php?rest_route=\/wp\/v2\/types\/page"}],"author":[{"embeddable":true,"href":"https:\/\/www.kloster-metten.com\/index.php?rest_route=\/wp\/v2\/users\/5"}],"replies":[{"embeddable":true,"href":"https:\/\/www.kloster-metten.com\/index.php?rest_route=%2Fwp%2Fv2%2Fcomments&post=47552"}],"version-history":[{"count":1,"href":"https:\/\/www.kloster-metten.com\/index.php?rest_route=\/wp\/v2\/pages\/47552\/revisions"}],"predecessor-version":[{"id":47553,"href":"https:\/\/www.kloster-metten.com\/index.php?rest_route=\/wp\/v2\/pages\/47552\/revisions\/47553"}],"up":[{"embeddable":true,"href":"https:\/\/www.kloster-metten.com\/index.php?rest_route=\/wp\/v2\/pages\/5394"}],"wp:attachment":[{"href":"https:\/\/www.kloster-metten.com\/index.php?rest_route=%2Fwp%2Fv2%2Fmedia&parent=47552"}],"curies":[{"name":"wp","href":"https:\/\/api.w.org\/{rel}","templated":true}]}}