{"id":47677,"date":"2023-03-20T21:22:28","date_gmt":"2023-03-20T20:22:28","guid":{"rendered":"https:\/\/www.kloster-metten.de\/?page_id=47677"},"modified":"2023-03-20T21:22:59","modified_gmt":"2023-03-20T20:22:59","slug":"tueftelwerkstatt-am-gymnasium-metten","status":"publish","type":"page","link":"https:\/\/www.kloster-metten.com\/?page_id=47677","title":{"rendered":"T\u00fcftelwerkstatt am Gymnasium Metten"},"content":{"rendered":"<a href=\"https:\/\/www.kloster-metten.com\/wp-content\/uploads\/2023\/03\/Tueftler-am-Werk_k.jpeg\"><img class=\"size-medium wp-image-47668 alignnone\" title=\"T\u00fcftler am Werk_k\" src=\"https:\/\/www.kloster-metten.com\/wp-content\/uploads\/2023\/03\/Tueftler-am-Werk_k-500x375.jpeg\" alt=\"\" width=\"500\" height=\"375\" \/><\/a><h2>T\u00fcftelwerkstatt am Gymnasium Metten<\/h2><p><\/p>\n<p>Was macht eine gute Schule aus? Wo gibt es Probleme und wie k\u00f6nnen diese mit digitalen und technischen Hilfsmitteln gel\u00f6st werden? Beim Projekt <em>Make Your School \u2013 Eure Ideenwerkstatt<\/em> konnten schon im zweiten Jahr in Folge Sch\u00fclerinnen und Sch\u00fcler des St.-Michaels-Gymnasiums Metten aus verschiedenen Jahrgangsstufen mit tatkr\u00e4ftiger Hilfe von externen Mentoren bei dreit\u00e4gigen Hackdays Ideen entwickeln, um die Schule noch besser zu machen und sich im Programmieren, T\u00fcfteln und Basteln auszuprobieren. \u201eHacking\u201c steht dabei f\u00fcr kreatives T\u00fcfteln oder Probleml\u00f6sen. Kreatives T\u00fcfteln im Team \u2013 das steht bei <em>Make Your School <\/em>im Mittelpunkt. Das MINT-Team der Technischen Hochschule Deggendorf koordiniert die Make-Your-School-Region Niederbayern.<\/p>\n<p>Die Hackdays leisten einen Beitrag zur Verbesserung der digitalen Bildung an Schulen und bringen Jugendlichen die Bandbreite digitaler und elektronischer Tools n\u00e4her. Dar\u00fcber hinaus soll die F\u00e4higkeit gef\u00f6rdert werden, Probleme und Verbesserungsm\u00f6glichkeiten zu identifizieren und eigenst\u00e4ndig L\u00f6sungen zu entwickeln<\/p>\n<p>Nach der Vorstellung des Projekts, der Mentoren und des Zeitplans konnten die Teilnehmer bereits in die Arbeitsphase starten und sich in Kleingruppen Gedanken \u00fcber Probleme und m\u00f6gliche L\u00f6sungen des t\u00e4glichen Schullebens machen.<\/p>\n<p>Anschlie\u00dfend einigten sich die verschiedenen Gruppen jeweils auf eine Idee und pr\u00e4sentierten diese dem Plenum. So begann im n\u00e4chsten Schritt die intensive Ausarbeitung der verschiedenen Vorschl\u00e4ge. Am Ende des ersten Tages konnten somit erste Prototypen z. B. f\u00fcr einen Honigabf\u00fcllautomaten, einen Tischtennisballspender f\u00fcr die Pausenhalle oder einen automatischen Tafelwischer pr\u00e4sentiert werden, die an den folgenden Tagen fertiggestellt werden sollen.\u00a0Neben der Ideenentwicklung wurde dabei schon an den Prototypen geschraubt, geklebt und get\u00fcftelt. Parallel dazu machten die Sch\u00fclerinnen und Sch\u00fcler an den Notebooks mit den Microcontrollern ihre ersten Programmierschritte.<\/p>\n<p>Der zweite Tag begann mit einem Impulsreferat aus der Softwareentwicklung von Rohde &amp; Schwarz. Dann wurde an allen Tischen geklebt, gemalt, geschnitten, gebohrt, aber auch an den Rechnern die Microcontroller programmiert und Sensoren getestet. Bewundernswert waren die Ergebnisse der Sch\u00fclerinnen und Sch\u00fcler, die in dieser kurzen Zeit erbracht wurden.<\/p>\n<p>Am Finaltag wurden vormittags die Hacks fertiggestellt. Anschlie\u00dfend str\u00f6mte nach der Mittagspause das auserw\u00e4hlte Publikum aus Sch\u00fclerinnen und Sch\u00fclern und Lehrkr\u00e4ften in den Raum zur Abschlusspr\u00e4sentation von \u201eSpongeBob\u201c und Co. Besonders beeindruckend war, was in kurzer Zeit von der Idee zum Prototypen gewachsen war, obwohl nur wenige Sch\u00fclerinnen und Sch\u00fcler Erfahrungen in den Bereichen Programmierung, Microcontroller-Architektur, Elektrotechnik oder auch L\u00f6ten mitgebracht hatten. Einige junge T\u00fcftler wollten die M\u00f6glichkeit nutzen, an ihren Projekten weiterzuarbeiten und sie am Tag der offenen T\u00fcr zu pr\u00e4sentieren.<\/p>\n<p>\r\n\t\t<style type='text\/css'>\r\n\t\t\t#gallery-1 {\r\n\t\t\t\tmargin: auto;\r\n\t\t\t}\r\n\t\t\t#gallery-1 .gallery-item {\r\n\t\t\t\tfloat: left;\r\n\t\t\t\tmargin-top: 10px;\r\n\t\t\t\ttext-align: center;\r\n\t\t\t\twidth: 33%;\r\n\t\t\t}\r\n\t\t\t#gallery-1 hr {\r\n\t\t\t\theight: 1px;\r\n\t\t\t}\r\n\t\t\t#gallery-1 .gallery-caption {\r\n\t\t\t\tmargin-left: 0;\r\n\t\t\t}\r\n\t\t\t\/* see gallery_shortcode() in wp-includes\/media.php *\/\r\n\t\t<\/style>\n\t\t<div id='gallery-1' class='gallery galleryid-47677 gallery-columns-3 gallery-size-thumbnail'><hr class='null'><dl class='gallery-item'>\r\n\t\t\t<dt class='gallery-icon landscape'>\r\n\t\t\t\t<a title=\"E0DA9B17-DE79-45C4-AEF7-071D28373416_\"  href='https:\/\/www.kloster-metten.com\/?attachment_id=47672'><img width=\"170\" height=\"115\" src=\"https:\/\/www.kloster-metten.com\/wp-content\/uploads\/2023\/03\/E0DA9B17-DE79-45C4-AEF7-071D28373416_-170x115.jpg\" class=\"attachment-thumbnail size-thumbnail\" alt=\"\" \/><\/a>\r\n\t\t\t<\/dt><\/dl><dl class='gallery-item'>\r\n\t\t\t<dt class='gallery-icon landscape'>\r\n\t\t\t\t<a title=\"54320A46-6AAC-45A5-AD96-AE05E5D8CE83_\"  href='https:\/\/www.kloster-metten.com\/?attachment_id=47671'><img width=\"170\" height=\"115\" src=\"https:\/\/www.kloster-metten.com\/wp-content\/uploads\/2023\/03\/54320A46-6AAC-45A5-AD96-AE05E5D8CE83_-170x115.jpg\" class=\"attachment-thumbnail size-thumbnail\" alt=\"\" \/><\/a>\r\n\t\t\t<\/dt><\/dl><dl class='gallery-item'>\r\n\t\t\t<dt class='gallery-icon landscape'>\r\n\t\t\t\t<a title=\"SAMSUNG CAMERA PICTURES\"  href='https:\/\/www.kloster-metten.com\/?attachment_id=47673'><img width=\"170\" height=\"115\" src=\"https:\/\/www.kloster-metten.com\/wp-content\/uploads\/2023\/03\/SAM_9883_-170x115.jpg\" class=\"attachment-thumbnail size-thumbnail\" alt=\"\" aria-describedby=\"gallery-1-47673\" \/><\/a>\r\n\t\t\t<\/dt>\r\n\t\t\t\t<dd class='wp-caption-text gallery-caption' id='gallery-1-47673'>\r\n\t\t\t\tSAMSUNG CAMERA PICTURES\r\n\t\t\t\t<\/dd><\/dl><br style=\"clear: both\" \/><dl class='gallery-item'>\r\n\t\t\t<dt class='gallery-icon portrait'>\r\n\t\t\t\t<a title=\"Tischtennisballspender_k\"  href='https:\/\/www.kloster-metten.com\/?attachment_id=47670'><img width=\"170\" height=\"115\" src=\"https:\/\/www.kloster-metten.com\/wp-content\/uploads\/2023\/03\/Tischtennisballspender_k-170x115.jpg\" class=\"attachment-thumbnail size-thumbnail\" alt=\"\" \/><\/a>\r\n\t\t\t<\/dt><\/dl><dl class='gallery-item'>\r\n\t\t\t<dt class='gallery-icon portrait'>\r\n\t\t\t\t<a title=\"Der Honigspender_k\"  href='https:\/\/www.kloster-metten.com\/?attachment_id=47669'><img width=\"170\" height=\"115\" src=\"https:\/\/www.kloster-metten.com\/wp-content\/uploads\/2023\/03\/Der-Honigspender_k-170x115.jpg\" class=\"attachment-thumbnail size-thumbnail\" alt=\"\" \/><\/a>\r\n\t\t\t<\/dt><\/dl><dl class='gallery-item'>\r\n\t\t\t<dt class='gallery-icon landscape'>\r\n\t\t\t\t<a title=\"SAMSUNG CAMERA PICTURES\"  href='https:\/\/www.kloster-metten.com\/?attachment_id=47674'><img width=\"170\" height=\"115\" src=\"https:\/\/www.kloster-metten.com\/wp-content\/uploads\/2023\/03\/SAM_9902_-170x115.jpg\" class=\"attachment-thumbnail size-thumbnail\" alt=\"\" aria-describedby=\"gallery-1-47674\" \/><\/a>\r\n\t\t\t<\/dt>\r\n\t\t\t\t<dd class='wp-caption-text gallery-caption' id='gallery-1-47674'>\r\n\t\t\t\tSAMSUNG CAMERA PICTURES\r\n\t\t\t\t<\/dd><\/dl><br style=\"clear: both\" \/>\r\n\t\t<\/div>\n<\/p>\n","protected":false},"excerpt":{"rendered":"<p>T\u00fcftelwerkstatt am Gymnasium Metten Was macht eine gute Schule aus? Wo gibt es Probleme und wie k\u00f6nnen diese mit digitalen und technischen Hilfsmitteln gel\u00f6st werden? Beim Projekt Make Your School \u2013 Eure Ideenwerkstatt konnten schon im zweiten Jahr in Folge Sch\u00fclerinnen und Sch\u00fcler des St.-Michaels-Gymnasiums Metten aus verschiedenen Jahrgangsstufen mit tatkr\u00e4ftiger Hilfe von externen Mentoren [&hellip;]<\/p>\n","protected":false},"author":5,"featured_media":0,"parent":5394,"menu_order":-92,"comment_status":"closed","ping_status":"closed","template":"","meta":{"footnotes":""},"class_list":["post-47677","page","type-page","status-publish","hentry"],"_links":{"self":[{"href":"https:\/\/www.kloster-metten.com\/index.php?rest_route=\/wp\/v2\/pages\/47677","targetHints":{"allow":["GET"]}}],"collection":[{"href":"https:\/\/www.kloster-metten.com\/index.php?rest_route=\/wp\/v2\/pages"}],"about":[{"href":"https:\/\/www.kloster-metten.com\/index.php?rest_route=\/wp\/v2\/types\/page"}],"author":[{"embeddable":true,"href":"https:\/\/www.kloster-metten.com\/index.php?rest_route=\/wp\/v2\/users\/5"}],"replies":[{"embeddable":true,"href":"https:\/\/www.kloster-metten.com\/index.php?rest_route=%2Fwp%2Fv2%2Fcomments&post=47677"}],"version-history":[{"count":1,"href":"https:\/\/www.kloster-metten.com\/index.php?rest_route=\/wp\/v2\/pages\/47677\/revisions"}],"predecessor-version":[{"id":47678,"href":"https:\/\/www.kloster-metten.com\/index.php?rest_route=\/wp\/v2\/pages\/47677\/revisions\/47678"}],"up":[{"embeddable":true,"href":"https:\/\/www.kloster-metten.com\/index.php?rest_route=\/wp\/v2\/pages\/5394"}],"wp:attachment":[{"href":"https:\/\/www.kloster-metten.com\/index.php?rest_route=%2Fwp%2Fv2%2Fmedia&parent=47677"}],"curies":[{"name":"wp","href":"https:\/\/api.w.org\/{rel}","templated":true}]}}