{"id":47692,"date":"2023-03-26T15:00:20","date_gmt":"2023-03-26T13:00:20","guid":{"rendered":"https:\/\/www.kloster-metten.de\/?page_id=47692"},"modified":"2023-11-14T18:25:09","modified_gmt":"2023-11-14T17:25:09","slug":"einkleidung-p-altmann-achatz","status":"publish","type":"page","link":"https:\/\/www.kloster-metten.com\/?page_id=47692","title":{"rendered":"Einkleidung P. Altmann Achatz"},"content":{"rendered":"<a href=\"https:\/\/www.kloster-metten.com\/wp-content\/uploads\/2023\/03\/20230321_174606_.jpg\"><img loading=\"lazy\" decoding=\"async\" class=\"alignleft size-medium wp-image-47693\" title=\"20230321_174606_\" src=\"https:\/\/www.kloster-metten.com\/wp-content\/uploads\/2023\/03\/20230321_174606_-375x500.jpg\" alt=\"\" width=\"375\" height=\"500\" srcset=\"https:\/\/www.kloster-metten.com\/wp-content\/uploads\/2023\/03\/20230321_174606_-375x500.jpg 375w, https:\/\/www.kloster-metten.com\/wp-content\/uploads\/2023\/03\/20230321_174606_-768x1024.jpg 768w, https:\/\/www.kloster-metten.com\/wp-content\/uploads\/2023\/03\/20230321_174606_-1152x1536.jpg 1152w, https:\/\/www.kloster-metten.com\/wp-content\/uploads\/2023\/03\/20230321_174606_.jpg 1200w\" sizes=\"auto, (max-width: 375px) 100vw, 375px\" \/><\/a><h2>Einkleidung P. Altmann Achatz<\/h2><p><\/p>\n<p>Am 21. M\u00e4rz, dem Hochfest unseres heiligen Vaters Benedikt, hatten wir die gro\u00dfe Freude einer Einkleidung.<\/p>\n<p>Herr Thomas Achatz, geb\u00fcrtig in Zwiesel, befindet sich im Status des \u00dcbertritts von der Trappistenabtei Engelszell in unser Kloster.<\/p>\n<p>Am Benediktusfest konnte ihn Abt Wolfgang mit dem benediktinischen Habit einkleiden. Er erhielt dabei als kl\u00f6sterlichen Wegbegleiter den heiligen Bischof Altmann, den Patron seines Heimatbistums Passau.<\/p>\n<p>Wir w\u00fcnschen P. Altmann f\u00fcr seinen Lebensweg in unserer Abtei Gottes best\u00e4ndigen Schutz und Segen.<\/p>\n\r\n\t\t<style type='text\/css'>\r\n\t\t\t#gallery-1 {\r\n\t\t\t\tmargin: auto;\r\n\t\t\t}\r\n\t\t\t#gallery-1 .gallery-item {\r\n\t\t\t\tfloat: left;\r\n\t\t\t\tmargin-top: 10px;\r\n\t\t\t\ttext-align: center;\r\n\t\t\t\twidth: 33%;\r\n\t\t\t}\r\n\t\t\t#gallery-1 hr {\r\n\t\t\t\theight: 1px;\r\n\t\t\t}\r\n\t\t\t#gallery-1 .gallery-caption {\r\n\t\t\t\tmargin-left: 0;\r\n\t\t\t}\r\n\t\t\t\/* see gallery_shortcode() in wp-includes\/media.php *\/\r\n\t\t<\/style>\n\t\t<div id='gallery-1' class='gallery galleryid-47692 gallery-columns-3 gallery-size-thumbnail'><hr class='null'><dl class='gallery-item'>\r\n\t\t\t<dt class='gallery-icon landscape'>\r\n\t\t\t\t<a title=\"20230321_175214_\"  href='https:\/\/www.kloster-metten.com\/?attachment_id=47694'><img loading=\"lazy\" decoding=\"async\" width=\"170\" height=\"115\" src=\"https:\/\/www.kloster-metten.com\/wp-content\/uploads\/2023\/03\/20230321_175214_-170x115.jpg\" class=\"attachment-thumbnail size-thumbnail\" alt=\"\" \/><\/a>\r\n\t\t\t<\/dt><\/dl><dl class='gallery-item'>\r\n\t\t\t<dt class='gallery-icon landscape'>\r\n\t\t\t\t<a title=\"20230321_175324_\"  href='https:\/\/www.kloster-metten.com\/?attachment_id=47695'><img loading=\"lazy\" decoding=\"async\" width=\"170\" height=\"115\" src=\"https:\/\/www.kloster-metten.com\/wp-content\/uploads\/2023\/03\/20230321_175324_-170x115.jpg\" class=\"attachment-thumbnail size-thumbnail\" alt=\"\" \/><\/a>\r\n\t\t\t<\/dt><\/dl><dl class='gallery-item'>\r\n\t\t\t<dt class='gallery-icon landscape'>\r\n\t\t\t\t<a title=\"20230321_175346_\"  href='https:\/\/www.kloster-metten.com\/?attachment_id=47696'><img loading=\"lazy\" decoding=\"async\" width=\"170\" height=\"115\" src=\"https:\/\/www.kloster-metten.com\/wp-content\/uploads\/2023\/03\/20230321_175346_-170x115.jpg\" class=\"attachment-thumbnail size-thumbnail\" alt=\"\" \/><\/a>\r\n\t\t\t<\/dt><\/dl><br style=\"clear: both\" \/>\r\n\t\t<\/div>\n\n","protected":false},"excerpt":{"rendered":"<p>Einkleidung P. Altmann Achatz Am 21. M\u00e4rz, dem Hochfest unseres heiligen Vaters Benedikt, hatten wir die gro\u00dfe Freude einer Einkleidung. Herr Thomas Achatz, geb\u00fcrtig in Zwiesel, befindet sich im Status des \u00dcbertritts von der Trappistenabtei Engelszell in unser Kloster. Am Benediktusfest konnte ihn Abt Wolfgang mit dem benediktinischen Habit einkleiden. Er erhielt dabei als kl\u00f6sterlichen [&hellip;]<\/p>\n","protected":false},"author":5,"featured_media":0,"parent":1120,"menu_order":-137,"comment_status":"closed","ping_status":"closed","template":"","meta":{"footnotes":""},"class_list":["post-47692","page","type-page","status-publish","hentry"],"_links":{"self":[{"href":"https:\/\/www.kloster-metten.com\/index.php?rest_route=\/wp\/v2\/pages\/47692","targetHints":{"allow":["GET"]}}],"collection":[{"href":"https:\/\/www.kloster-metten.com\/index.php?rest_route=\/wp\/v2\/pages"}],"about":[{"href":"https:\/\/www.kloster-metten.com\/index.php?rest_route=\/wp\/v2\/types\/page"}],"author":[{"embeddable":true,"href":"https:\/\/www.kloster-metten.com\/index.php?rest_route=\/wp\/v2\/users\/5"}],"replies":[{"embeddable":true,"href":"https:\/\/www.kloster-metten.com\/index.php?rest_route=%2Fwp%2Fv2%2Fcomments&post=47692"}],"version-history":[{"count":3,"href":"https:\/\/www.kloster-metten.com\/index.php?rest_route=\/wp\/v2\/pages\/47692\/revisions"}],"predecessor-version":[{"id":48114,"href":"https:\/\/www.kloster-metten.com\/index.php?rest_route=\/wp\/v2\/pages\/47692\/revisions\/48114"}],"up":[{"embeddable":true,"href":"https:\/\/www.kloster-metten.com\/index.php?rest_route=\/wp\/v2\/pages\/1120"}],"wp:attachment":[{"href":"https:\/\/www.kloster-metten.com\/index.php?rest_route=%2Fwp%2Fv2%2Fmedia&parent=47692"}],"curies":[{"name":"wp","href":"https:\/\/api.w.org\/{rel}","templated":true}]}}