{"id":47722,"date":"2023-04-01T20:45:52","date_gmt":"2023-04-01T18:45:52","guid":{"rendered":"https:\/\/www.kloster-metten.de\/?page_id=47722"},"modified":"2023-04-01T20:46:29","modified_gmt":"2023-04-01T18:46:29","slug":"energievision2050","status":"publish","type":"page","link":"https:\/\/www.kloster-metten.com\/?page_id=47722","title":{"rendered":"Energievision2050"},"content":{"rendered":"<a href=\"https:\/\/www.kloster-metten.com\/wp-content\/uploads\/2023\/04\/563F2CFA-1CC3-4EFA-A2BE-D12FF36D94A3.jpeg\"><img class=\"size-medium wp-image-47720 alignnone\" title=\"563F2CFA-1CC3-4EFA-A2BE-D12FF36D94A3\" src=\"https:\/\/www.kloster-metten.com\/wp-content\/uploads\/2023\/04\/563F2CFA-1CC3-4EFA-A2BE-D12FF36D94A3-500x375.jpeg\" alt=\"\" width=\"500\" height=\"375\" \/><\/a><h2>Energievision2050<\/h2><p><\/p>\n<p>Am Mittwoch, den 29.03., war die Multivisionsschau \u201eEnergievision2050 \u2013 Unser Klima. Meine Energie. Deine Zukunft\u201c am St.-Michaels-Gymnasium. In drei Bl\u00f6cken ging es f\u00fcr die Sch\u00fclerinnen und Sch\u00fcler der verschiedenen Altersstufen um die zentrale Frage, wie das gemeinsame Klimaziel \u2013 die nahezu vollst\u00e4ndige Reduktion der Treibhausgase \u2013 erreicht werden kann, ohne dabei auf ein gutes Leben verzichten zu m\u00fcssen. Bj\u00f6rn Wiele und Thomas Pomplun vom Verein Multivision e. V. in Hamburg pr\u00e4sentierten eindrucksvolle Videos und Bilder von aktuellen Problembereichen auf der Erde, zeigten vision\u00e4re L\u00f6sungsideen auf und diskutierten dann ausf\u00fchrlich mit den Sch\u00fclerinnen und Sch\u00fclern \u00fcber Energieeffizienz, Klimaschutz und Nachhaltigkeit in den Bereichen Energieversorgung, Mobilit\u00e4t und Ern\u00e4hrung.<\/p>\n<p>\r\n\t\t<style type='text\/css'>\r\n\t\t\t#gallery-1 {\r\n\t\t\t\tmargin: auto;\r\n\t\t\t}\r\n\t\t\t#gallery-1 .gallery-item {\r\n\t\t\t\tfloat: left;\r\n\t\t\t\tmargin-top: 10px;\r\n\t\t\t\ttext-align: center;\r\n\t\t\t\twidth: 33%;\r\n\t\t\t}\r\n\t\t\t#gallery-1 hr {\r\n\t\t\t\theight: 1px;\r\n\t\t\t}\r\n\t\t\t#gallery-1 .gallery-caption {\r\n\t\t\t\tmargin-left: 0;\r\n\t\t\t}\r\n\t\t\t\/* see gallery_shortcode() in wp-includes\/media.php *\/\r\n\t\t<\/style>\n\t\t<div id='gallery-1' class='gallery galleryid-47722 gallery-columns-3 gallery-size-thumbnail'><hr class='null'><dl class='gallery-item'>\r\n\t\t\t<dt class='gallery-icon landscape'>\r\n\t\t\t\t<a title=\"4E9C04F0-5296-40B8-AEB1-17CD13E7696C\"  href='https:\/\/www.kloster-metten.com\/?attachment_id=47717'><img width=\"170\" height=\"115\" src=\"https:\/\/www.kloster-metten.com\/wp-content\/uploads\/2023\/04\/4E9C04F0-5296-40B8-AEB1-17CD13E7696C-170x115.jpeg\" class=\"attachment-thumbnail size-thumbnail\" alt=\"\" \/><\/a>\r\n\t\t\t<\/dt><\/dl><dl class='gallery-item'>\r\n\t\t\t<dt class='gallery-icon landscape'>\r\n\t\t\t\t<a title=\"45E14489-9F07-4FE0-BBF1-11F4E4BEB170\"  href='https:\/\/www.kloster-metten.com\/?attachment_id=47718'><img width=\"170\" height=\"115\" src=\"https:\/\/www.kloster-metten.com\/wp-content\/uploads\/2023\/04\/45E14489-9F07-4FE0-BBF1-11F4E4BEB170-170x115.jpeg\" class=\"attachment-thumbnail size-thumbnail\" alt=\"\" \/><\/a>\r\n\t\t\t<\/dt><\/dl><dl class='gallery-item'>\r\n\t\t\t<dt class='gallery-icon landscape'>\r\n\t\t\t\t<a title=\"71E35598-B4E7-4A2E-AD0A-D9E7E85D3CAC\"  href='https:\/\/www.kloster-metten.com\/?attachment_id=47719'><img width=\"170\" height=\"115\" src=\"https:\/\/www.kloster-metten.com\/wp-content\/uploads\/2023\/04\/71E35598-B4E7-4A2E-AD0A-D9E7E85D3CAC-170x115.jpeg\" class=\"attachment-thumbnail size-thumbnail\" alt=\"\" \/><\/a>\r\n\t\t\t<\/dt><\/dl><br style=\"clear: both\" \/>\r\n\t\t<\/div>\n<\/p>\n","protected":false},"excerpt":{"rendered":"<p>Energievision2050 Am Mittwoch, den 29.03., war die Multivisionsschau \u201eEnergievision2050 \u2013 Unser Klima. Meine Energie. Deine Zukunft\u201c am St.-Michaels-Gymnasium. In drei Bl\u00f6cken ging es f\u00fcr die Sch\u00fclerinnen und Sch\u00fcler der verschiedenen Altersstufen um die zentrale Frage, wie das gemeinsame Klimaziel \u2013 die nahezu vollst\u00e4ndige Reduktion der Treibhausgase \u2013 erreicht werden kann, ohne dabei auf ein gutes [&hellip;]<\/p>\n","protected":false},"author":5,"featured_media":0,"parent":5394,"menu_order":-93,"comment_status":"closed","ping_status":"closed","template":"","meta":{"footnotes":""},"class_list":["post-47722","page","type-page","status-publish","hentry"],"_links":{"self":[{"href":"https:\/\/www.kloster-metten.com\/index.php?rest_route=\/wp\/v2\/pages\/47722","targetHints":{"allow":["GET"]}}],"collection":[{"href":"https:\/\/www.kloster-metten.com\/index.php?rest_route=\/wp\/v2\/pages"}],"about":[{"href":"https:\/\/www.kloster-metten.com\/index.php?rest_route=\/wp\/v2\/types\/page"}],"author":[{"embeddable":true,"href":"https:\/\/www.kloster-metten.com\/index.php?rest_route=\/wp\/v2\/users\/5"}],"replies":[{"embeddable":true,"href":"https:\/\/www.kloster-metten.com\/index.php?rest_route=%2Fwp%2Fv2%2Fcomments&post=47722"}],"version-history":[{"count":1,"href":"https:\/\/www.kloster-metten.com\/index.php?rest_route=\/wp\/v2\/pages\/47722\/revisions"}],"predecessor-version":[{"id":47723,"href":"https:\/\/www.kloster-metten.com\/index.php?rest_route=\/wp\/v2\/pages\/47722\/revisions\/47723"}],"up":[{"embeddable":true,"href":"https:\/\/www.kloster-metten.com\/index.php?rest_route=\/wp\/v2\/pages\/5394"}],"wp:attachment":[{"href":"https:\/\/www.kloster-metten.com\/index.php?rest_route=%2Fwp%2Fv2%2Fmedia&parent=47722"}],"curies":[{"name":"wp","href":"https:\/\/api.w.org\/{rel}","templated":true}]}}