{"id":47768,"date":"2023-06-05T14:01:09","date_gmt":"2023-06-05T12:01:09","guid":{"rendered":"https:\/\/www.kloster-metten.de\/?page_id=47768"},"modified":"2023-06-05T14:54:22","modified_gmt":"2023-06-05T12:54:22","slug":"abt-athanasius","status":"publish","type":"page","link":"https:\/\/www.kloster-metten.com\/?page_id=47768","title":{"rendered":"Abt Athanasius"},"content":{"rendered":"<a href=\"https:\/\/www.kloster-metten.com\/wp-content\/uploads\/2023\/06\/Abt_Athanas.jpg\"><img loading=\"lazy\" decoding=\"async\" class=\"size-medium wp-image-47769 alignnone\" title=\"Abt_Athanasius\" src=\"https:\/\/www.kloster-metten.com\/wp-content\/uploads\/2023\/06\/Abt_Athanas-375x500.jpg\" alt=\"\" width=\"375\" height=\"500\" srcset=\"https:\/\/www.kloster-metten.com\/wp-content\/uploads\/2023\/06\/Abt_Athanas-375x500.jpg 375w, https:\/\/www.kloster-metten.com\/wp-content\/uploads\/2023\/06\/Abt_Athanas-768x1024.jpg 768w, https:\/\/www.kloster-metten.com\/wp-content\/uploads\/2023\/06\/Abt_Athanas.jpg 1094w\" sizes=\"auto, (max-width: 375px) 100vw, 375px\" \/><\/a><h2>Abt Athanasius<\/h2><p><\/p>\n<p>Am Fest des heiligen Bonifatius, dem 5. Juni 2023, hat der Abtpr\u00e4ses der Bayerischen Benediktinerkongregation, Abt Markus Eller OSB, gem\u00e4\u00df Nr. 38 des Juridischen Teils der Satzungen der Bayerischen Benediktinerkongregation die Resignation von Abt Wolfgang M. Hagl OSB auf das Amt des Abtes der Abtei zum heiligen Erzengel Michael in Metten entgegengenommen.<\/p>\n<p>Wir sagen Abt Wolfgang ein herzliches \u201eVergelts Gott!\u201c f\u00fcr seinen Dienst als Abt unseres Klosters, den er am 9. September 1989 \u00fcbernommen hat, und w\u00fcnschen ihm Gottes Segen und Gesundheit f\u00fcr seinen weiteren Lebensweg.<\/p>\n<p>Der Konvent hat am 5. Juni 2023 unter dem Vorsitz des Abtpr\u00e4ses<\/p>\n<p><strong>Pater Athanasius Berggold OSB<\/strong><\/p>\n<p>zum 59. Abt der Abtei zum heiligen Erzengel Michael in Metten gew\u00e4hlt. Der Gew\u00e4hlte wurde vom Abtpr\u00e4ses best\u00e4tigt.<\/p>\n<p>Wir danken Abt Athanasius f\u00fcr die \u00dcbernahme dieses verantwortungsvollen Amtes und w\u00fcnschen ihm Gottes Segen f\u00fcr seinen Dienst als Abt unserer Gemeinschaft.<\/p>\n<p>Der Konvent der Abtei zum heiligen Erzengel Michael in Metten<\/p>\n<div id=\"attachment_47771\" style=\"width: 510px\" class=\"wp-caption alignleft\"><a href=\"https:\/\/www.kloster-metten.com\/wp-content\/uploads\/2023\/06\/konvent2023.jpg\"><img loading=\"lazy\" decoding=\"async\" aria-describedby=\"caption-attachment-47771\" class=\"wp-image-47771 size-medium\" title=\"Konvent\" src=\"https:\/\/www.kloster-metten.com\/wp-content\/uploads\/2023\/06\/konvent2023-500x375.jpg\" alt=\"\" width=\"500\" height=\"375\" srcset=\"https:\/\/www.kloster-metten.com\/wp-content\/uploads\/2023\/06\/konvent2023-500x375.jpg 500w, https:\/\/www.kloster-metten.com\/wp-content\/uploads\/2023\/06\/konvent2023-1024x768.jpg 1024w, https:\/\/www.kloster-metten.com\/wp-content\/uploads\/2023\/06\/konvent2023-768x576.jpg 768w, https:\/\/www.kloster-metten.com\/wp-content\/uploads\/2023\/06\/konvent2023-1536x1152.jpg 1536w, https:\/\/www.kloster-metten.com\/wp-content\/uploads\/2023\/06\/konvent2023.jpg 1824w\" sizes=\"auto, (max-width: 500px) 100vw, 500px\" \/><\/a><p id=\"caption-attachment-47771\" class=\"wp-caption-text\">Konvent mit Abtpr\u00e4ses Markus<\/p><\/div>\n","protected":false},"excerpt":{"rendered":"<p>Abt Athanasius Am Fest des heiligen Bonifatius, dem 5. Juni 2023, hat der Abtpr\u00e4ses der Bayerischen Benediktinerkongregation, Abt Markus Eller OSB, gem\u00e4\u00df Nr. 38 des Juridischen Teils der Satzungen der Bayerischen Benediktinerkongregation die Resignation von Abt Wolfgang M. Hagl OSB auf das Amt des Abtes der Abtei zum heiligen Erzengel Michael in Metten entgegengenommen. Wir [&hellip;]<\/p>\n","protected":false},"author":5,"featured_media":0,"parent":1120,"menu_order":-140,"comment_status":"closed","ping_status":"closed","template":"","meta":{"footnotes":""},"class_list":["post-47768","page","type-page","status-publish","hentry"],"_links":{"self":[{"href":"https:\/\/www.kloster-metten.com\/index.php?rest_route=\/wp\/v2\/pages\/47768","targetHints":{"allow":["GET"]}}],"collection":[{"href":"https:\/\/www.kloster-metten.com\/index.php?rest_route=\/wp\/v2\/pages"}],"about":[{"href":"https:\/\/www.kloster-metten.com\/index.php?rest_route=\/wp\/v2\/types\/page"}],"author":[{"embeddable":true,"href":"https:\/\/www.kloster-metten.com\/index.php?rest_route=\/wp\/v2\/users\/5"}],"replies":[{"embeddable":true,"href":"https:\/\/www.kloster-metten.com\/index.php?rest_route=%2Fwp%2Fv2%2Fcomments&post=47768"}],"version-history":[{"count":3,"href":"https:\/\/www.kloster-metten.com\/index.php?rest_route=\/wp\/v2\/pages\/47768\/revisions"}],"predecessor-version":[{"id":47773,"href":"https:\/\/www.kloster-metten.com\/index.php?rest_route=\/wp\/v2\/pages\/47768\/revisions\/47773"}],"up":[{"embeddable":true,"href":"https:\/\/www.kloster-metten.com\/index.php?rest_route=\/wp\/v2\/pages\/1120"}],"wp:attachment":[{"href":"https:\/\/www.kloster-metten.com\/index.php?rest_route=%2Fwp%2Fv2%2Fmedia&parent=47768"}],"curies":[{"name":"wp","href":"https:\/\/api.w.org\/{rel}","templated":true}]}}