{"id":48039,"date":"2023-10-29T13:14:00","date_gmt":"2023-10-29T12:14:00","guid":{"rendered":"https:\/\/www.kloster-metten.de\/?page_id=48039"},"modified":"2023-10-29T13:14:40","modified_gmt":"2023-10-29T12:14:40","slug":"verabschiedung-unseres-regionalkantors-julian-beutmiller","status":"publish","type":"page","link":"https:\/\/www.kloster-metten.com\/?page_id=48039","title":{"rendered":"Verabschiedung unseres Regionalkantors Julian Beutmiller"},"content":{"rendered":"<a href=\"https:\/\/www.kloster-metten.com\/wp-content\/uploads\/2023\/10\/JulianBeutmiller.jpeg\"><img loading=\"lazy\" decoding=\"async\" class=\"alignleft size-medium wp-image-48040\" title=\"JulianBeutmiller\" src=\"https:\/\/www.kloster-metten.com\/wp-content\/uploads\/2023\/10\/JulianBeutmiller-500x333.jpeg\" alt=\"\" width=\"500\" height=\"333\" srcset=\"https:\/\/www.kloster-metten.com\/wp-content\/uploads\/2023\/10\/JulianBeutmiller-500x333.jpeg 500w, https:\/\/www.kloster-metten.com\/wp-content\/uploads\/2023\/10\/JulianBeutmiller-1024x682.jpeg 1024w, https:\/\/www.kloster-metten.com\/wp-content\/uploads\/2023\/10\/JulianBeutmiller-768x512.jpeg 768w, https:\/\/www.kloster-metten.com\/wp-content\/uploads\/2023\/10\/JulianBeutmiller-1536x1023.jpeg 1536w, https:\/\/www.kloster-metten.com\/wp-content\/uploads\/2023\/10\/JulianBeutmiller.jpeg 2041w\" sizes=\"auto, (max-width: 500px) 100vw, 500px\" \/><\/a><h2>Verabschiedung unseres Regionalkantors Julian Beutmiller<\/h2><p><\/p>\n<p>Seit 1. Oktober 2022 wirkte Herr Julian Beutmiller als Regionalkantor f\u00fcr die Region Straubing-Deggendorf und als Bisch\u00f6flicher Beauftragter f\u00fcr Kirchenmusik. An seinem Dienstsitz in Metten leitete er die Ch\u00f6re des Kindergartens St. Michael und der Abt-Utto-Grundschule sowie den Kirchenchor St. Michael. Mit Herrn Auer wechselte er sich bei der Gestaltung der Sonntagsgottesdienste an der Orgel ab. Wir staunten \u00fcber seine Improvisationskunst an der Orgel, sch\u00e4tzten sein gro\u00dfes K\u00f6nnen und Einf\u00fchlungsverm\u00f6gen bei der Arbeit mit den Ch\u00f6ren und waren gern in geselliger Runde mit ihm zusammen. Allen, die mit ihm musiziert oder ihm zugeh\u00f6rt haben, hat er stets gro\u00dfe Freude bereitet.<\/p>\n<p>Herr Beutmiller wurde zum 1. November 2023 als Domkantor an den Kiliansdom nach W\u00fcrzburg berufen. Im Gottesdienst am Sonntag, den 5. November um 10 Uhr werden wir uns von ihm verabschieden. Wir w\u00fcnschen ihm f\u00fcr seine berufliche und private Zukunft Gottes reichsten Segen und danken ihm f\u00fcr seine Zeit mit uns.<\/p>\n<p>&nbsp;<\/p>\n","protected":false},"excerpt":{"rendered":"<p>Verabschiedung unseres Regionalkantors Julian Beutmiller Seit 1. Oktober 2022 wirkte Herr Julian Beutmiller als Regionalkantor f\u00fcr die Region Straubing-Deggendorf und als Bisch\u00f6flicher Beauftragter f\u00fcr Kirchenmusik. An seinem Dienstsitz in Metten leitete er die Ch\u00f6re des Kindergartens St. Michael und der Abt-Utto-Grundschule sowie den Kirchenchor St. Michael. Mit Herrn Auer wechselte er sich bei der Gestaltung [&hellip;]<\/p>\n","protected":false},"author":5,"featured_media":0,"parent":1120,"menu_order":-151,"comment_status":"closed","ping_status":"closed","template":"","meta":{"footnotes":""},"class_list":["post-48039","page","type-page","status-publish","hentry"],"_links":{"self":[{"href":"https:\/\/www.kloster-metten.com\/index.php?rest_route=\/wp\/v2\/pages\/48039","targetHints":{"allow":["GET"]}}],"collection":[{"href":"https:\/\/www.kloster-metten.com\/index.php?rest_route=\/wp\/v2\/pages"}],"about":[{"href":"https:\/\/www.kloster-metten.com\/index.php?rest_route=\/wp\/v2\/types\/page"}],"author":[{"embeddable":true,"href":"https:\/\/www.kloster-metten.com\/index.php?rest_route=\/wp\/v2\/users\/5"}],"replies":[{"embeddable":true,"href":"https:\/\/www.kloster-metten.com\/index.php?rest_route=%2Fwp%2Fv2%2Fcomments&post=48039"}],"version-history":[{"count":1,"href":"https:\/\/www.kloster-metten.com\/index.php?rest_route=\/wp\/v2\/pages\/48039\/revisions"}],"predecessor-version":[{"id":48041,"href":"https:\/\/www.kloster-metten.com\/index.php?rest_route=\/wp\/v2\/pages\/48039\/revisions\/48041"}],"up":[{"embeddable":true,"href":"https:\/\/www.kloster-metten.com\/index.php?rest_route=\/wp\/v2\/pages\/1120"}],"wp:attachment":[{"href":"https:\/\/www.kloster-metten.com\/index.php?rest_route=%2Fwp%2Fv2%2Fmedia&parent=48039"}],"curies":[{"name":"wp","href":"https:\/\/api.w.org\/{rel}","templated":true}]}}