{"id":4823,"date":"2013-03-16T17:40:49","date_gmt":"2013-03-16T15:40:49","guid":{"rendered":"http:\/\/www.kloster-metten.de\/?page_id=4823"},"modified":"2016-05-16T21:45:11","modified_gmt":"2016-05-16T19:45:11","slug":"priestertag-im-kloster","status":"publish","type":"page","link":"https:\/\/www.kloster-metten.com\/?page_id=4823","title":{"rendered":"Priestertag im Kloster"},"content":{"rendered":"<a href=\"https:\/\/www.kloster-metten.com\/wp-content\/uploads\/2013\/03\/priestertag-1.jpg\"><img loading=\"lazy\" decoding=\"async\" class=\"alignnone size-medium wp-image-4824\" title=\"priestertag-1\" src=\"https:\/\/www.kloster-metten.com\/wp-content\/uploads\/2013\/03\/priestertag-1-500x478.jpg\" alt=\"\" width=\"500\" height=\"478\" srcset=\"https:\/\/www.kloster-metten.com\/wp-content\/uploads\/2013\/03\/priestertag-1-500x478.jpg 500w, https:\/\/www.kloster-metten.com\/wp-content\/uploads\/2013\/03\/priestertag-1.jpg 1603w\" sizes=\"auto, (max-width: 500px) 100vw, 500px\" \/><\/a><h2>Priestertag im Kloster<\/h2><p><\/p>\n<p>Am 11. M\u00e4rz haben wir zum zweiten Priestertag im \u201eJahr des Glaubens&#8220; eingeladen.<\/p>\n<p>Referent war Weihbischof Dr. Bernhard Ha\u00dflberger aus dem Erzbistum M\u00fcnchen und Freising. Eingeladen waren die Priester aus den beiden Di\u00f6zesen Regensburg und Passau.<\/p>\n<p>Nach der gemeinsam gebeteten Vesper hielt der Herr Weihbischof einen Vortrag zur Bibelstelle Jes 43,16-21, an den sich eine lebhafte Aussprache anschloss.<\/p>\n<p>Die Eucharistiefeier in der Benediktuskapelle vereinte uns alle um den Herrn, der uns in seinen Dienst gerufen hat.<\/p>\n<p>Der Tag endete mit dem gemeinsamen Abendessen in unseren Sch\u00fclerspeises\u00e4len.<\/p>\n<p><a href=\"https:\/\/www.kloster-metten.com\/wp-content\/uploads\/2013\/03\/priestertag-2.jpg\"><img loading=\"lazy\" decoding=\"async\" class=\"alignnone size-medium wp-image-4825\" title=\"priestertag-2\" src=\"https:\/\/www.kloster-metten.com\/wp-content\/uploads\/2013\/03\/priestertag-2-500x358.jpg\" alt=\"\" width=\"500\" height=\"358\" srcset=\"https:\/\/www.kloster-metten.com\/wp-content\/uploads\/2013\/03\/priestertag-2-500x358.jpg 500w, https:\/\/www.kloster-metten.com\/wp-content\/uploads\/2013\/03\/priestertag-2.jpg 1917w\" sizes=\"auto, (max-width: 500px) 100vw, 500px\" \/><\/a><\/p>\n<p>Beim ersten Priestertag am 7. Januar war Abt em. Dr. Odilo Lechner OSB aus der Abtei St. Bonifaz M\u00fcnchen und Andechs unser Gast. Er sprach zum Jubil\u00e4um \u201eBeginn des II. Vatikanischen Konzils vor 50 Jahren&#8220;.<\/p>\n","protected":false},"excerpt":{"rendered":"<p>Priestertag im Kloster Am 11. M\u00e4rz haben wir zum zweiten Priestertag im \u201eJahr des Glaubens&#8220; eingeladen. Referent war Weihbischof Dr. Bernhard Ha\u00dflberger aus dem Erzbistum M\u00fcnchen und Freising. Eingeladen waren die Priester aus den beiden Di\u00f6zesen Regensburg und Passau. Nach der gemeinsam gebeteten Vesper hielt der Herr Weihbischof einen Vortrag zur Bibelstelle Jes 43,16-21, an [&hellip;]<\/p>\n","protected":false},"author":5,"featured_media":0,"parent":9796,"menu_order":-218,"comment_status":"closed","ping_status":"open","template":"","meta":{"footnotes":""},"class_list":["post-4823","page","type-page","status-publish","hentry"],"_links":{"self":[{"href":"https:\/\/www.kloster-metten.com\/index.php?rest_route=\/wp\/v2\/pages\/4823","targetHints":{"allow":["GET"]}}],"collection":[{"href":"https:\/\/www.kloster-metten.com\/index.php?rest_route=\/wp\/v2\/pages"}],"about":[{"href":"https:\/\/www.kloster-metten.com\/index.php?rest_route=\/wp\/v2\/types\/page"}],"author":[{"embeddable":true,"href":"https:\/\/www.kloster-metten.com\/index.php?rest_route=\/wp\/v2\/users\/5"}],"replies":[{"embeddable":true,"href":"https:\/\/www.kloster-metten.com\/index.php?rest_route=%2Fwp%2Fv2%2Fcomments&post=4823"}],"version-history":[{"count":1,"href":"https:\/\/www.kloster-metten.com\/index.php?rest_route=\/wp\/v2\/pages\/4823\/revisions"}],"predecessor-version":[{"id":9850,"href":"https:\/\/www.kloster-metten.com\/index.php?rest_route=\/wp\/v2\/pages\/4823\/revisions\/9850"}],"up":[{"embeddable":true,"href":"https:\/\/www.kloster-metten.com\/index.php?rest_route=\/wp\/v2\/pages\/9796"}],"wp:attachment":[{"href":"https:\/\/www.kloster-metten.com\/index.php?rest_route=%2Fwp%2Fv2%2Fmedia&parent=4823"}],"curies":[{"name":"wp","href":"https:\/\/api.w.org\/{rel}","templated":true}]}}