{"id":4828,"date":"2013-03-16T17:46:56","date_gmt":"2013-03-16T15:46:56","guid":{"rendered":"http:\/\/www.kloster-metten.de\/?page_id=4828"},"modified":"2016-05-16T21:44:52","modified_gmt":"2016-05-16T19:44:52","slug":"papst-franziskus","status":"publish","type":"page","link":"https:\/\/www.kloster-metten.com\/?page_id=4828","title":{"rendered":"Papst Franziskus"},"content":{"rendered":"<a href=\"https:\/\/www.kloster-metten.com\/wp-content\/uploads\/2013\/03\/papst-franziskus-i.jpg\"><img loading=\"lazy\" decoding=\"async\" class=\"alignnone size-medium wp-image-4829\" title=\"papst-franziskus\" src=\"https:\/\/www.kloster-metten.com\/wp-content\/uploads\/2013\/03\/papst-franziskus-i-500x290.jpg\" alt=\"\" width=\"500\" height=\"290\" srcset=\"https:\/\/www.kloster-metten.com\/wp-content\/uploads\/2013\/03\/papst-franziskus-i-500x290.jpg 500w, https:\/\/www.kloster-metten.com\/wp-content\/uploads\/2013\/03\/papst-franziskus-i.jpg 650w\" sizes=\"auto, (max-width: 500px) 100vw, 500px\" \/><\/a><h2>Papst Franziskus<\/h2><p><\/p>\n<p>Die Wahl von Papst Franziskus war in mehrfacher Hinsicht eine gro\u00dfe \u00dcberraschung.<\/p>\n<p>&#8211;\u00a0\u00a0\u00a0\u00a0\u00a0\u00a0\u00a0 Er war &#8211; im Gegensatz zum Konklave von 2005 &#8211; nicht als Kandidat gehandelt worden und somit nicht im Focus der \u00f6ffentlichen Aufmerksamkeit.<\/p>\n<p>&#8211;\u00a0\u00a0\u00a0\u00a0\u00a0\u00a0\u00a0 Er ist der erste nichteurop\u00e4ische Papst und sein Name verhei\u00dft ein gro\u00dfes Programm.<\/p>\n<p>All das zeigt, dass sich die Kardin\u00e4le im Konklave eindeutig vom Heiligen Geist haben leiten lassen und v\u00f6llig unbeeinflusst waren von der \u00f6ffentlichen oder ver\u00f6ffentlichen Meinung.<\/p>\n<p>Es ging um ein zutiefst geistliches Ereignis. Der Heilige Geist ist f\u00fcr \u00dcberraschungen gut!<\/p>\n<p>Was am Wahlabend am meisten ber\u00fchrt hat, war die dem\u00fctige Bitte des Papstes um das Gebet der Menschen, er sich tief verneigte und die un\u00fcbersehbare Menschenmenge auf dem Petersplatz in tiefer Stille verharrte. Erst danach gab er uns seinen ersten Segen. Das ging unter die Haut.<\/p>\n<p>So hat er schon gleich zu Beginn deutlich gemacht, dass einer seiner anspruchsvollen Titel \u201eDiener der Diener Gottes&#8220; lautet.<\/p>\n<p>Wir freuen uns sehr \u00fcber Papst Franziskus und w\u00fcnschen ihm die Kraft des Gottesgeistes, dass er uns mutig und hoffnungsfroh den Weg zu Gott vorausgehen kann.<\/p>\n","protected":false},"excerpt":{"rendered":"<p>Papst Franziskus Die Wahl von Papst Franziskus war in mehrfacher Hinsicht eine gro\u00dfe \u00dcberraschung. &#8211;\u00a0\u00a0\u00a0\u00a0\u00a0\u00a0\u00a0 Er war &#8211; im Gegensatz zum Konklave von 2005 &#8211; nicht als Kandidat gehandelt worden und somit nicht im Focus der \u00f6ffentlichen Aufmerksamkeit. &#8211;\u00a0\u00a0\u00a0\u00a0\u00a0\u00a0\u00a0 Er ist der erste nichteurop\u00e4ische Papst und sein Name verhei\u00dft ein gro\u00dfes Programm. All das zeigt, [&hellip;]<\/p>\n","protected":false},"author":5,"featured_media":0,"parent":9796,"menu_order":-219,"comment_status":"closed","ping_status":"open","template":"","meta":{"footnotes":""},"class_list":["post-4828","page","type-page","status-publish","hentry"],"_links":{"self":[{"href":"https:\/\/www.kloster-metten.com\/index.php?rest_route=\/wp\/v2\/pages\/4828","targetHints":{"allow":["GET"]}}],"collection":[{"href":"https:\/\/www.kloster-metten.com\/index.php?rest_route=\/wp\/v2\/pages"}],"about":[{"href":"https:\/\/www.kloster-metten.com\/index.php?rest_route=\/wp\/v2\/types\/page"}],"author":[{"embeddable":true,"href":"https:\/\/www.kloster-metten.com\/index.php?rest_route=\/wp\/v2\/users\/5"}],"replies":[{"embeddable":true,"href":"https:\/\/www.kloster-metten.com\/index.php?rest_route=%2Fwp%2Fv2%2Fcomments&post=4828"}],"version-history":[{"count":1,"href":"https:\/\/www.kloster-metten.com\/index.php?rest_route=\/wp\/v2\/pages\/4828\/revisions"}],"predecessor-version":[{"id":9849,"href":"https:\/\/www.kloster-metten.com\/index.php?rest_route=\/wp\/v2\/pages\/4828\/revisions\/9849"}],"up":[{"embeddable":true,"href":"https:\/\/www.kloster-metten.com\/index.php?rest_route=\/wp\/v2\/pages\/9796"}],"wp:attachment":[{"href":"https:\/\/www.kloster-metten.com\/index.php?rest_route=%2Fwp%2Fv2%2Fmedia&parent=4828"}],"curies":[{"name":"wp","href":"https:\/\/api.w.org\/{rel}","templated":true}]}}