{"id":48297,"date":"2024-01-20T13:22:04","date_gmt":"2024-01-20T12:22:04","guid":{"rendered":"https:\/\/www.kloster-metten.de\/?page_id=48297"},"modified":"2024-02-22T07:44:21","modified_gmt":"2024-02-22T06:44:21","slug":"kultur-im-kloster-freitags-um-drei-februar-maerz","status":"publish","type":"page","link":"https:\/\/www.kloster-metten.com\/?page_id=48297","title":{"rendered":"Kultur im Kloster &#8211; freitags um drei\u00a0(Februar\/M\u00e4rz)"},"content":{"rendered":"<a href=\"https:\/\/www.kloster-metten.com\/wp-content\/uploads\/2024\/01\/KulturimKloster.jpg\"><img loading=\"lazy\" decoding=\"async\" class=\"size-medium wp-image-48303 alignnone\" title=\"KulturimKloster\" src=\"https:\/\/www.kloster-metten.com\/wp-content\/uploads\/2024\/01\/KulturimKloster-500x291.jpg\" alt=\"\" width=\"500\" height=\"291\" srcset=\"https:\/\/www.kloster-metten.com\/wp-content\/uploads\/2024\/01\/KulturimKloster-500x291.jpg 500w, https:\/\/www.kloster-metten.com\/wp-content\/uploads\/2024\/01\/KulturimKloster-1024x596.jpg 1024w, https:\/\/www.kloster-metten.com\/wp-content\/uploads\/2024\/01\/KulturimKloster-768x447.jpg 768w, https:\/\/www.kloster-metten.com\/wp-content\/uploads\/2024\/01\/KulturimKloster.jpg 1102w\" sizes=\"auto, (max-width: 500px) 100vw, 500px\" \/><\/a><h2>Kultur im Kloster &#8211; freitags um drei\u00a0(Februar\/M\u00e4rz)<\/h2><p><\/p>\n<p>Im Jahr 2009 wurde die Neue Bibliothek der Abtei\u00a0Metten nach Jahren der reiflichen Planung eingeweiht und sollte unter anderem als ein modernes Gegen\u00fcber zur Barockbibliothek fungieren. Von Anfang an ist\u00a0sie zudem wochentags f\u00fcr die \u00d6ffentlichkeit jederzeit frei zug\u00e4nglich, und in ihr werden zentral s\u00e4mtliche umfangreiche B\u00fcchersammlungen des Klosters verwaltet und f\u00fcr den Online-Katalog erfasst. Um nun nach 15 Jahren diese Kulturst\u00e4tte als Hort des Wissens noch bekannter zu machen, werden den ganzen Februar \u00fcber bis hinein in die Mitte des\u00a0M\u00e4rz diverse Veranstaltungen angeboten, und zwar unter dem Motto &#8222;Kultur im Kloster &#8211; freitags um drei&#8220;.<\/p>\n<p>Diese Reihe, die also an jedem Freitag um 15 Uhr Vortr\u00e4ge und Lesungen, teils sogar mit Musik in der sch\u00f6nen, aus Holz und Glaskunst gestalteten R\u00e4umlichkeit anbietet, beginnt bereits am <strong>2. Februar<\/strong> mit einem historisch unterf\u00fctterten Bildervortrag von J\u00fcrgen Schwanitz, der in Schlesien \u00fcber die Jahre hinweg viel Forschungszeit verbracht hat, \u00fcber Ritterburgen und Prachtbauten des Adels und von Magnaten im Riesengebirge.<\/p>\n<p>Weiter geht es am <strong>9.2.<\/strong> mit einem moderierten und mit Musik angereicherten Vortrag samt kurzer Lesung \u00fcber den\u00a0zu Unrecht nicht mehr so bekannten, aber in den 1920er-Jahren recht bedeutenden Essayisten Josef Hofmiller, mit\u00a0dem\u00a0sich dessen\u00a0Gro\u00dfneffe intensiv befasst hat und seine \u00e4u\u00dferst vielschichtigen Erkenntnisse mit uns teilen wird; Musik eines jungen Studenten auf der Ziach wird der Auflockerung dienen.<\/p>\n<p>Es folgt am <strong>16.2.<\/strong> eine Lesung zu Hofmillers\u00a0schriftstellerischem\u00a0Kollegen, den &#8222;Horaz in der Lederhos&#8217;n&#8220;\u00a0Eduard Stemplinger, der vor \u00fcber 150 Jahren in Plattling geboren wurde\u00a0und sp\u00e4ter seinen besten Freund Hofmiller als Stellvertreter zu sich in das\u00a0Rektorat des Rosenheimer Gymnasium geholt\u00a0hat.<\/p>\n<p>Am <strong>23.2.<\/strong> wird die fr\u00fchere Bezirksheimatpflegerin der Oberpfalz, Erika Eichenseer, aus dem Schatz von M\u00e4rchen des Franz Xaver von Sch\u00f6nwerth erz\u00e4hlen und manche ganz und gar frei referieren, die der Privatsekret\u00e4r von Kronprinz Maximilian von Bayern aus dem oberpf\u00e4lzer Raum sein Leben lang gesammelt hat, und der somit auf diesem Gebiet in die Fu\u00dfstapfen der Br\u00fcder Grimm getreten ist; hierzu passend gew\u00e4hlte\u00a0Musik, dargeboten auf dem Steinway-Fl\u00fcgel, wird dabei zur anspruchsvollen Unterhaltung beitragen.<\/p>\n<p>Mit dem <strong>1. M\u00e4rz<\/strong> wird Abt Beda von dem bekannten, \u00f6kologisch-naturnah ausgerichteten\u00a0Kloster Plankstetten hier zugegen sein und als eine Art Buchvorstellung in vorwiegend\u00a0auch\u00a0freier Rede viel Interessantes berichten, was man alles aus der Benediktsregel f\u00fcr sein eigenes Leben herausziehen kann.<\/p>\n<p>Eine Woche sp\u00e4ter, am Weltfrauentag, kommt aus dem \u00f6stlichen Niederbayern zu Besuch der umtriebige Turmschreiber Hans G\u00f6ttler mit seinem Leib- und Lebensthema, der Bayerwaldautorin Emerenz Meier und mit der Frage, ob sie denn als eine Emanze durchginge; Franz Venus aus Simbach bereichert dazu den Nachmittag auf seinem Instrument. Alle aufkommenden Fragen kann nur jeder beantwortet bekommen, der sich nun in den warmen Leseraum begibt, um den \u00dcberlegungen, Referaten und Musikdarbietungen zu lauschen.<\/p>\n<p>Eine Anmeldung ist f\u00fcr die Planung notwendig, und zwar unter der Tel.-Nr 0991 \/ 9108-125 oder per Email unter <a href=\"mailto:bib-metten@web.de\">bib-metten@web.de<\/a>. Bei freiem Eintritt (Spenden sind erw\u00fcnscht) werden sicherlich auch Getr\u00e4nke und Snacks bereitstehen, um der Geselligkeit fr\u00f6hnen zu k\u00f6nnen.<\/p>\n<p><strong>Programm:<\/strong> <br \/>\n<a href=\"https:\/\/www.kloster-metten.com\/wp-content\/uploads\/2024\/01\/Vortraege-Februar-2024-Metten.pdf\">Vortr\u00e4ge Februar 2024 Metten<\/a><br \/>\n<a href=\"https:\/\/www.kloster-metten.com\/wp-content\/uploads\/2024\/02\/Uebersicht-Maerz-2024.pdf\">\u00dcbersicht M\u00e4rz 2024<\/a><br \/>\n<a href=\"https:\/\/www.kloster-metten.com\/wp-content\/uploads\/2024\/01\/Schlesien-Vortrag.pdf\">Schlesien-Vortrag<\/a><br \/>\n<a href=\"https:\/\/www.kloster-metten.com\/wp-content\/uploads\/2024\/01\/Hofmiller-Vortrag.pdf\">Hofmiller-Vortrag<\/a><br \/>\n<a href=\"https:\/\/www.kloster-metten.com\/wp-content\/uploads\/2024\/02\/Stemplinger-Vortrag1.pdf\">Stemplinger-Vortrag<\/a><br \/>\n<a href=\"https:\/\/www.kloster-metten.com\/wp-content\/uploads\/2024\/02\/Schoenwerth-Vortrag.pdf\">Sch\u00f6nwerth-Vortrag<\/a><br \/>\n<a href=\"https:\/\/www.kloster-metten.com\/wp-content\/uploads\/2024\/02\/Emerenz-Vortrag.pdf\">Emerenz-Vortrag<\/a><br \/>\n<a href=\"https:\/\/www.kloster-metten.com\/wp-content\/uploads\/2024\/02\/Waldschmidt-Vortrag.pdf\">Waldschmidt-Vortrag<\/a><br \/>\n<a href=\"https:\/\/www.kloster-metten.com\/wp-content\/uploads\/2024\/02\/Benediktsregel-Vortrag.pdf\">Benediktsregel-Vortrag<\/a><br \/>\n<a href=\"https:\/\/www.kloster-metten.com\/wp-content\/uploads\/2024\/02\/Schmeller-Vortrag.png\">Schmeller-Vortrag<\/a><\/p>\n","protected":false},"excerpt":{"rendered":"<p>Kultur im Kloster &#8211; freitags um drei\u00a0(Februar\/M\u00e4rz) Im Jahr 2009 wurde die Neue Bibliothek der Abtei\u00a0Metten nach Jahren der reiflichen Planung eingeweiht und sollte unter anderem als ein modernes Gegen\u00fcber zur Barockbibliothek fungieren. Von Anfang an ist\u00a0sie zudem wochentags f\u00fcr die \u00d6ffentlichkeit jederzeit frei zug\u00e4nglich, und in ihr werden zentral s\u00e4mtliche umfangreiche B\u00fcchersammlungen des Klosters [&hellip;]<\/p>\n","protected":false},"author":5,"featured_media":0,"parent":1120,"menu_order":-156,"comment_status":"closed","ping_status":"closed","template":"","meta":{"footnotes":""},"class_list":["post-48297","page","type-page","status-publish","hentry"],"_links":{"self":[{"href":"https:\/\/www.kloster-metten.com\/index.php?rest_route=\/wp\/v2\/pages\/48297","targetHints":{"allow":["GET"]}}],"collection":[{"href":"https:\/\/www.kloster-metten.com\/index.php?rest_route=\/wp\/v2\/pages"}],"about":[{"href":"https:\/\/www.kloster-metten.com\/index.php?rest_route=\/wp\/v2\/types\/page"}],"author":[{"embeddable":true,"href":"https:\/\/www.kloster-metten.com\/index.php?rest_route=\/wp\/v2\/users\/5"}],"replies":[{"embeddable":true,"href":"https:\/\/www.kloster-metten.com\/index.php?rest_route=%2Fwp%2Fv2%2Fcomments&post=48297"}],"version-history":[{"count":6,"href":"https:\/\/www.kloster-metten.com\/index.php?rest_route=\/wp\/v2\/pages\/48297\/revisions"}],"predecessor-version":[{"id":48410,"href":"https:\/\/www.kloster-metten.com\/index.php?rest_route=\/wp\/v2\/pages\/48297\/revisions\/48410"}],"up":[{"embeddable":true,"href":"https:\/\/www.kloster-metten.com\/index.php?rest_route=\/wp\/v2\/pages\/1120"}],"wp:attachment":[{"href":"https:\/\/www.kloster-metten.com\/index.php?rest_route=%2Fwp%2Fv2%2Fmedia&parent=48297"}],"curies":[{"name":"wp","href":"https:\/\/api.w.org\/{rel}","templated":true}]}}