{"id":4831,"date":"2013-03-16T18:01:43","date_gmt":"2013-03-16T16:01:43","guid":{"rendered":"http:\/\/www.kloster-metten.de\/?page_id=4831"},"modified":"2016-05-16T21:44:31","modified_gmt":"2016-05-16T19:44:31","slug":"firmung-in-metten-mit-bischof-rudolf-voderholzer","status":"publish","type":"page","link":"https:\/\/www.kloster-metten.com\/?page_id=4831","title":{"rendered":"Firmung in Metten mit Bischof Rudolf Voderholzer"},"content":{"rendered":"<a href=\"https:\/\/www.kloster-metten.com\/wp-content\/uploads\/2013\/03\/firmung-4.jpg\"><img loading=\"lazy\" decoding=\"async\" class=\"alignnone size-medium wp-image-4832\" title=\"firmung-4\" src=\"https:\/\/www.kloster-metten.com\/wp-content\/uploads\/2013\/03\/firmung-4-500x375.jpg\" alt=\"\" width=\"500\" height=\"375\" srcset=\"https:\/\/www.kloster-metten.com\/wp-content\/uploads\/2013\/03\/firmung-4-500x375.jpg 500w, https:\/\/www.kloster-metten.com\/wp-content\/uploads\/2013\/03\/firmung-4.jpg 2000w\" sizes=\"auto, (max-width: 500px) 100vw, 500px\" \/><\/a><h2>Firmung in Metten mit Bischof Rudolf Voderholzer<\/h2><p><\/p>\n<p>Es war ein denkw\u00fcrdiger Tag, Donnerstag, der 14. M\u00e4rz. Am Tag zuvor wurde erstmals mit Papst Franziskus ein Nichteurop\u00e4er zum Papst gew\u00e4hlt und Bischof Dr. Rudolf Voderholzer hielt seine erste Firmung seit seiner Ernennung zum Bischof von Regensburg.<a href=\"https:\/\/www.kloster-metten.com\/wp-content\/uploads\/2013\/03\/firmung-2.jpg\"><img loading=\"lazy\" decoding=\"async\" class=\"alignnone size-medium wp-image-4836\" title=\"firmung-2\" src=\"https:\/\/www.kloster-metten.com\/wp-content\/uploads\/2013\/03\/firmung-2-500x375.jpg\" alt=\"\" width=\"500\" height=\"375\" srcset=\"https:\/\/www.kloster-metten.com\/wp-content\/uploads\/2013\/03\/firmung-2-500x375.jpg 500w, https:\/\/www.kloster-metten.com\/wp-content\/uploads\/2013\/03\/firmung-2.jpg 2000w\" sizes=\"auto, (max-width: 500px) 100vw, 500px\" \/><\/a><\/p>\n<p><a href=\"https:\/\/www.kloster-metten.com\/wp-content\/uploads\/2013\/03\/firmung-3.jpg\"><img loading=\"lazy\" decoding=\"async\" class=\"alignleft size-medium wp-image-4833\" title=\"firmung-3\" src=\"https:\/\/www.kloster-metten.com\/wp-content\/uploads\/2013\/03\/firmung-3-375x500.jpg\" alt=\"\" width=\"375\" height=\"500\" srcset=\"https:\/\/www.kloster-metten.com\/wp-content\/uploads\/2013\/03\/firmung-3-375x500.jpg 375w, https:\/\/www.kloster-metten.com\/wp-content\/uploads\/2013\/03\/firmung-3.jpg 1500w\" sizes=\"auto, (max-width: 375px) 100vw, 375px\" \/><\/a>Der Bischof wurde an der Klosterpforte von den Vorschulkindern des Pfarrkindergartens St. Michael mit einem Lied begr\u00fc\u00dft. Jedes Kind \u00fcberreichte eine rote Rose und bekam ein Segenskreuz auf die Stirn.<\/p>\n<p>In der Kirche warteten 67 Jugendliche mit ihren Paten und Angeh\u00f6rigen auf die Spendung des Sakramentes der Firmung.<\/p>\n<p>Bischof Rudolf ging in seiner Ansprache auf die Wahl von Papst Franziskus ein und erkl\u00e4rte den Firmlingen damit das Wirken des Heiligen Geistes.<\/p>\n<p><a href=\"https:\/\/www.kloster-metten.com\/wp-content\/uploads\/2013\/03\/firmung-1.jpg\"><img loading=\"lazy\" decoding=\"async\" class=\"alignnone size-medium wp-image-4834\" title=\"firmung-1\" src=\"https:\/\/www.kloster-metten.com\/wp-content\/uploads\/2013\/03\/firmung-1-500x424.jpg\" alt=\"\" width=\"500\" height=\"424\" srcset=\"https:\/\/www.kloster-metten.com\/wp-content\/uploads\/2013\/03\/firmung-1-500x424.jpg 500w, https:\/\/www.kloster-metten.com\/wp-content\/uploads\/2013\/03\/firmung-1.jpg 1560w\" sizes=\"auto, (max-width: 500px) 100vw, 500px\" \/><\/a><\/p>\n<p>Nach einem Stehempfang mit vielen sch\u00f6nen Begegnungen war der Bischof Gast im Kloster. Der Herr Landrat, die Verantwortlichen des Marktes, der Pfarrei, die Vorsitzenden der kirchlichen Vereine und Gruppen, die Schulleiter der Abt-Utto Grundschule, der Mittelschule und des St.-Michaels-Gymnasiums nahmen die Einladung des Klosters gerne an, um dem neuen Bischof bei seinem ersten offiziellen Besuch in Metten, seiner \u201eFirmungsprimiz&#8220;, begegnen zu k\u00f6nnen.<\/p>\n<p><a href=\"https:\/\/www.kloster-metten.com\/wp-content\/uploads\/2013\/03\/firmung-5.jpg\"><img loading=\"lazy\" decoding=\"async\" class=\"alignnone size-medium wp-image-4835\" title=\"firmung-5\" src=\"https:\/\/www.kloster-metten.com\/wp-content\/uploads\/2013\/03\/firmung-5-500x375.jpg\" alt=\"\" width=\"500\" height=\"375\" srcset=\"https:\/\/www.kloster-metten.com\/wp-content\/uploads\/2013\/03\/firmung-5-500x375.jpg 500w, https:\/\/www.kloster-metten.com\/wp-content\/uploads\/2013\/03\/firmung-5.jpg 2000w\" sizes=\"auto, (max-width: 500px) 100vw, 500px\" \/><\/a><\/p>\n<p>Der Bischof dankte herzlich und sagte sowohl in der Kirche wie auch beim Mittagsmahl, dass Metten schon seine zweite Heimat geworden sei.<\/p>\n<p>Wir haben unserem Bischof herzlich gedankt und unser kr\u00e4ftiges Gebet versprochen.<\/p>\n","protected":false},"excerpt":{"rendered":"<p>Firmung in Metten mit Bischof Rudolf Voderholzer Es war ein denkw\u00fcrdiger Tag, Donnerstag, der 14. M\u00e4rz. Am Tag zuvor wurde erstmals mit Papst Franziskus ein Nichteurop\u00e4er zum Papst gew\u00e4hlt und Bischof Dr. Rudolf Voderholzer hielt seine erste Firmung seit seiner Ernennung zum Bischof von Regensburg. Der Bischof wurde an der Klosterpforte von den Vorschulkindern des [&hellip;]<\/p>\n","protected":false},"author":5,"featured_media":0,"parent":9796,"menu_order":-220,"comment_status":"closed","ping_status":"open","template":"","meta":{"footnotes":""},"class_list":["post-4831","page","type-page","status-publish","hentry"],"_links":{"self":[{"href":"https:\/\/www.kloster-metten.com\/index.php?rest_route=\/wp\/v2\/pages\/4831","targetHints":{"allow":["GET"]}}],"collection":[{"href":"https:\/\/www.kloster-metten.com\/index.php?rest_route=\/wp\/v2\/pages"}],"about":[{"href":"https:\/\/www.kloster-metten.com\/index.php?rest_route=\/wp\/v2\/types\/page"}],"author":[{"embeddable":true,"href":"https:\/\/www.kloster-metten.com\/index.php?rest_route=\/wp\/v2\/users\/5"}],"replies":[{"embeddable":true,"href":"https:\/\/www.kloster-metten.com\/index.php?rest_route=%2Fwp%2Fv2%2Fcomments&post=4831"}],"version-history":[{"count":1,"href":"https:\/\/www.kloster-metten.com\/index.php?rest_route=\/wp\/v2\/pages\/4831\/revisions"}],"predecessor-version":[{"id":9848,"href":"https:\/\/www.kloster-metten.com\/index.php?rest_route=\/wp\/v2\/pages\/4831\/revisions\/9848"}],"up":[{"embeddable":true,"href":"https:\/\/www.kloster-metten.com\/index.php?rest_route=\/wp\/v2\/pages\/9796"}],"wp:attachment":[{"href":"https:\/\/www.kloster-metten.com\/index.php?rest_route=%2Fwp%2Fv2%2Fmedia&parent=4831"}],"curies":[{"name":"wp","href":"https:\/\/api.w.org\/{rel}","templated":true}]}}