{"id":48563,"date":"2024-03-29T17:46:59","date_gmt":"2024-03-29T16:46:59","guid":{"rendered":"https:\/\/www.kloster-metten.de\/?page_id=48563"},"modified":"2024-03-29T18:52:13","modified_gmt":"2024-03-29T17:52:13","slug":"ein-besonderes-zeichen-der-liebe","status":"publish","type":"page","link":"https:\/\/www.kloster-metten.com\/?page_id=48563","title":{"rendered":"\u201eEin besonderes Zeichen der Liebe!\u201c"},"content":{"rendered":"<h2>\u201eEin besonderes Zeichen der Liebe!\u201c<\/h2><p>&nbsp;<\/p>\n<p><a href=\"https:\/\/www.kloster-metten.com\/wp-content\/uploads\/2024\/03\/IMG_9350_.jpg\"><img loading=\"lazy\" decoding=\"async\" class=\"size-medium wp-image-48569 alignnone\" title=\"IMG_9350_\" src=\"https:\/\/www.kloster-metten.com\/wp-content\/uploads\/2024\/03\/IMG_9350_-500x375.jpg\" alt=\"\" width=\"500\" height=\"375\" srcset=\"https:\/\/www.kloster-metten.com\/wp-content\/uploads\/2024\/03\/IMG_9350_-500x375.jpg 500w, https:\/\/www.kloster-metten.com\/wp-content\/uploads\/2024\/03\/IMG_9350_-768x576.jpg 768w, https:\/\/www.kloster-metten.com\/wp-content\/uploads\/2024\/03\/IMG_9350_.jpg 1008w\" sizes=\"auto, (max-width: 500px) 100vw, 500px\" \/><\/a><\/p>\n<p>Gut gef\u00fcllt war die Pfarrkirche St. Vitus Neuhausen am fr\u00fchen Nachmittag des Karfreitags. Kinder aus der Pfarreiengemeinschaft Metten-Neuhausen hatten unter Anleitung von Gemeindereferentin Verena Hofinger und Pastoralpraktikantin Nadine Brunner ein kindgerechtes Passionsspiel in der Apsis der Kirche inszeniert. Untermalt von getragener Musik, gemeinsam gesungene Lieder und eingerahmt von Kyrierufen und F\u00fcrbitten haben die Kinder den Leidensweg Jesu bis hinauf zum Ort der Kreuzigung nachgestellt. Neben der \u00d6lbergszene mit dem Verrat durch Judas und der Gefangennahme wurden auch die Verurteilung durch den Hohen Rat, der Richterspruch von Pilatus und der Kreuzweg nachgestellt. F\u00fcr das Passionsspiel wurden die Kinder in eigens daf\u00fcr angefertigte Gew\u00e4nder geh\u00fcllt. Am Ende des Passionsspiels konnten alle Gl\u00e4ubigen zur Verehrung des Kreuzes eine mitgebrachte Blume niederlegen.<\/p>\n<p><a href=\"https:\/\/www.kloster-metten.com\/wp-content\/uploads\/2024\/03\/IMG_9341_.jpg\"><img loading=\"lazy\" decoding=\"async\" class=\"alignleft size-medium wp-image-48578\" title=\"IMG_9341_\" src=\"https:\/\/www.kloster-metten.com\/wp-content\/uploads\/2024\/03\/IMG_9341_-500x375.jpg\" alt=\"\" width=\"500\" height=\"375\" srcset=\"https:\/\/www.kloster-metten.com\/wp-content\/uploads\/2024\/03\/IMG_9341_-500x375.jpg 500w, https:\/\/www.kloster-metten.com\/wp-content\/uploads\/2024\/03\/IMG_9341_-768x576.jpg 768w, https:\/\/www.kloster-metten.com\/wp-content\/uploads\/2024\/03\/IMG_9341_.jpg 1008w\" sizes=\"auto, (max-width: 500px) 100vw, 500px\" \/><\/a> <a href=\"https:\/\/www.kloster-metten.com\/wp-content\/uploads\/2024\/03\/IMG_9345_.jpg\"><img loading=\"lazy\" decoding=\"async\" class=\"alignleft size-medium wp-image-48579\" title=\"IMG_9345_\" src=\"https:\/\/www.kloster-metten.com\/wp-content\/uploads\/2024\/03\/IMG_9345_-500x375.jpg\" alt=\"\" width=\"500\" height=\"375\" srcset=\"https:\/\/www.kloster-metten.com\/wp-content\/uploads\/2024\/03\/IMG_9345_-500x375.jpg 500w, https:\/\/www.kloster-metten.com\/wp-content\/uploads\/2024\/03\/IMG_9345_-768x576.jpg 768w, https:\/\/www.kloster-metten.com\/wp-content\/uploads\/2024\/03\/IMG_9345_.jpg 1008w\" sizes=\"auto, (max-width: 500px) 100vw, 500px\" \/><\/a><\/p>\n","protected":false},"excerpt":{"rendered":"<p>\u201eEin besonderes Zeichen der Liebe!\u201c&nbsp; Gut gef\u00fcllt war die Pfarrkirche St. Vitus Neuhausen am fr\u00fchen Nachmittag des Karfreitags. Kinder aus der Pfarreiengemeinschaft Metten-Neuhausen hatten unter Anleitung von Gemeindereferentin Verena Hofinger und Pastoralpraktikantin Nadine Brunner ein kindgerechtes Passionsspiel in der Apsis der Kirche inszeniert. Untermalt von getragener Musik, gemeinsam gesungene Lieder und eingerahmt von Kyrierufen und [&hellip;]<\/p>\n","protected":false},"author":5,"featured_media":0,"parent":1120,"menu_order":-165,"comment_status":"closed","ping_status":"closed","template":"","meta":{"footnotes":""},"class_list":["post-48563","page","type-page","status-publish","hentry"],"_links":{"self":[{"href":"https:\/\/www.kloster-metten.com\/index.php?rest_route=\/wp\/v2\/pages\/48563","targetHints":{"allow":["GET"]}}],"collection":[{"href":"https:\/\/www.kloster-metten.com\/index.php?rest_route=\/wp\/v2\/pages"}],"about":[{"href":"https:\/\/www.kloster-metten.com\/index.php?rest_route=\/wp\/v2\/types\/page"}],"author":[{"embeddable":true,"href":"https:\/\/www.kloster-metten.com\/index.php?rest_route=\/wp\/v2\/users\/5"}],"replies":[{"embeddable":true,"href":"https:\/\/www.kloster-metten.com\/index.php?rest_route=%2Fwp%2Fv2%2Fcomments&post=48563"}],"version-history":[{"count":6,"href":"https:\/\/www.kloster-metten.com\/index.php?rest_route=\/wp\/v2\/pages\/48563\/revisions"}],"predecessor-version":[{"id":48580,"href":"https:\/\/www.kloster-metten.com\/index.php?rest_route=\/wp\/v2\/pages\/48563\/revisions\/48580"}],"up":[{"embeddable":true,"href":"https:\/\/www.kloster-metten.com\/index.php?rest_route=\/wp\/v2\/pages\/1120"}],"wp:attachment":[{"href":"https:\/\/www.kloster-metten.com\/index.php?rest_route=%2Fwp%2Fv2%2Fmedia&parent=48563"}],"curies":[{"name":"wp","href":"https:\/\/api.w.org\/{rel}","templated":true}]}}