{"id":48565,"date":"2024-03-29T17:49:18","date_gmt":"2024-03-29T16:49:18","guid":{"rendered":"https:\/\/www.kloster-metten.de\/?page_id=48565"},"modified":"2024-03-29T18:53:09","modified_gmt":"2024-03-29T17:53:09","slug":"es-ist-vollbracht-sein-tod-fuer-unser-leben","status":"publish","type":"page","link":"https:\/\/www.kloster-metten.com\/?page_id=48565","title":{"rendered":"\u201eEs ist vollbracht!\u201c &#8211; Sein Tod f\u00fcr unser Leben"},"content":{"rendered":"<h2>\u201eEs ist vollbracht!\u201c &#8211; Sein Tod f\u00fcr unser Leben<\/h2><p>&nbsp;<\/p>\n<p><a href=\"https:\/\/www.kloster-metten.com\/wp-content\/uploads\/2024\/03\/IMG_9367_.jpg\"><img loading=\"lazy\" decoding=\"async\" class=\"size-medium wp-image-48567 alignnone\" title=\"IMG_9367_\" src=\"https:\/\/www.kloster-metten.com\/wp-content\/uploads\/2024\/03\/IMG_9367_-500x375.jpg\" alt=\"\" width=\"500\" height=\"375\" srcset=\"https:\/\/www.kloster-metten.com\/wp-content\/uploads\/2024\/03\/IMG_9367_-500x375.jpg 500w, https:\/\/www.kloster-metten.com\/wp-content\/uploads\/2024\/03\/IMG_9367_-768x576.jpg 768w, https:\/\/www.kloster-metten.com\/wp-content\/uploads\/2024\/03\/IMG_9367_.jpg 806w\" sizes=\"auto, (max-width: 500px) 100vw, 500px\" \/><\/a><\/p>\n<p>Wie Mettener M\u00f6nche haben mit G\u00e4sten und den Gl\u00e4ubigen der Pfarreiengemeinschaft Metten-Neuhausen die Feier der Karfreitagsliturgie begangen. Nach dem stillen Einzug legten sich Abt Athanasius, Prior P. Thomas und Diakon Karl-Heinz Seiler in die Mitte des Altarraumes. Es folgten die Lesungen. Die Passion wird nach alter Tradition von einem Vokalensemble gesungen. Prior P. Thomas \u00fcbernahm hierbei die Worte von Jesus Christus. Die Leitung des Ensembles lag in H\u00e4nden von Christoph Liebl. In der Predigt r\u00fchrten die Worte unseres Abtes die Gl\u00e4ubigen an. Ausgehend von den Geschehnissen im Alten Bund deutete er das Wirken Gottes mit Jesu Tod. In den Gro\u00dfen F\u00fcrbitten betete die M\u00f6nchsgemeinschaft mit den Gl\u00e4ubigen in den Anliegen der Kirche und der Welt. Wir haben auch f\u00fcr euch gebetet.<\/p>\n<p><a href=\"https:\/\/www.kloster-metten.com\/wp-content\/uploads\/2024\/03\/IMG_9362_.jpg\"><img loading=\"lazy\" decoding=\"async\" class=\"alignleft size-medium wp-image-48577\" title=\"IMG_9362_\" src=\"https:\/\/www.kloster-metten.com\/wp-content\/uploads\/2024\/03\/IMG_9362_-500x375.jpg\" alt=\"\" width=\"500\" height=\"375\" srcset=\"https:\/\/www.kloster-metten.com\/wp-content\/uploads\/2024\/03\/IMG_9362_-500x375.jpg 500w, https:\/\/www.kloster-metten.com\/wp-content\/uploads\/2024\/03\/IMG_9362_-768x576.jpg 768w, https:\/\/www.kloster-metten.com\/wp-content\/uploads\/2024\/03\/IMG_9362_.jpg 1008w\" sizes=\"auto, (max-width: 500px) 100vw, 500px\" \/><\/a> <a href=\"https:\/\/www.kloster-metten.com\/wp-content\/uploads\/2024\/03\/IMG_9365_.jpg\"><img loading=\"lazy\" decoding=\"async\" class=\"alignleft size-medium wp-image-48576\" title=\"IMG_9365_\" src=\"https:\/\/www.kloster-metten.com\/wp-content\/uploads\/2024\/03\/IMG_9365_-500x375.jpg\" alt=\"\" width=\"500\" height=\"375\" srcset=\"https:\/\/www.kloster-metten.com\/wp-content\/uploads\/2024\/03\/IMG_9365_-500x375.jpg 500w, https:\/\/www.kloster-metten.com\/wp-content\/uploads\/2024\/03\/IMG_9365_-768x576.jpg 768w, https:\/\/www.kloster-metten.com\/wp-content\/uploads\/2024\/03\/IMG_9365_.jpg 1008w\" sizes=\"auto, (max-width: 500px) 100vw, 500px\" \/><\/a><\/p>\n","protected":false},"excerpt":{"rendered":"<p>\u201eEs ist vollbracht!\u201c &#8211; Sein Tod f\u00fcr unser Leben&nbsp; Wie Mettener M\u00f6nche haben mit G\u00e4sten und den Gl\u00e4ubigen der Pfarreiengemeinschaft Metten-Neuhausen die Feier der Karfreitagsliturgie begangen. Nach dem stillen Einzug legten sich Abt Athanasius, Prior P. Thomas und Diakon Karl-Heinz Seiler in die Mitte des Altarraumes. Es folgten die Lesungen. Die Passion wird nach alter [&hellip;]<\/p>\n","protected":false},"author":5,"featured_media":0,"parent":1120,"menu_order":-166,"comment_status":"closed","ping_status":"closed","template":"","meta":{"footnotes":""},"class_list":["post-48565","page","type-page","status-publish","hentry"],"_links":{"self":[{"href":"https:\/\/www.kloster-metten.com\/index.php?rest_route=\/wp\/v2\/pages\/48565","targetHints":{"allow":["GET"]}}],"collection":[{"href":"https:\/\/www.kloster-metten.com\/index.php?rest_route=\/wp\/v2\/pages"}],"about":[{"href":"https:\/\/www.kloster-metten.com\/index.php?rest_route=\/wp\/v2\/types\/page"}],"author":[{"embeddable":true,"href":"https:\/\/www.kloster-metten.com\/index.php?rest_route=\/wp\/v2\/users\/5"}],"replies":[{"embeddable":true,"href":"https:\/\/www.kloster-metten.com\/index.php?rest_route=%2Fwp%2Fv2%2Fcomments&post=48565"}],"version-history":[{"count":5,"href":"https:\/\/www.kloster-metten.com\/index.php?rest_route=\/wp\/v2\/pages\/48565\/revisions"}],"predecessor-version":[{"id":48581,"href":"https:\/\/www.kloster-metten.com\/index.php?rest_route=\/wp\/v2\/pages\/48565\/revisions\/48581"}],"up":[{"embeddable":true,"href":"https:\/\/www.kloster-metten.com\/index.php?rest_route=\/wp\/v2\/pages\/1120"}],"wp:attachment":[{"href":"https:\/\/www.kloster-metten.com\/index.php?rest_route=%2Fwp%2Fv2%2Fmedia&parent=48565"}],"curies":[{"name":"wp","href":"https:\/\/api.w.org\/{rel}","templated":true}]}}