{"id":48583,"date":"2024-03-31T01:35:30","date_gmt":"2024-03-31T00:35:30","guid":{"rendered":"https:\/\/www.kloster-metten.de\/?page_id=48583"},"modified":"2024-03-31T09:47:07","modified_gmt":"2024-03-31T07:47:07","slug":"er-ist-wahrhaft-auferstanden-das-leben-hat-den-tod-besiegt","status":"publish","type":"page","link":"https:\/\/www.kloster-metten.com\/?page_id=48583","title":{"rendered":"\u201eEr ist wahrhaft auferstanden!\u201c &#8211; Das Leben hat den Tod besiegt!"},"content":{"rendered":"<a href=\"https:\/\/www.kloster-metten.com\/wp-content\/uploads\/2024\/03\/IMG_9470_.jpg\"><img loading=\"lazy\" decoding=\"async\" class=\"size-medium wp-image-48585 alignnone\" title=\"IMG_9470_\" src=\"https:\/\/www.kloster-metten.com\/wp-content\/uploads\/2024\/03\/IMG_9470_-500x375.jpg\" alt=\"\" width=\"500\" height=\"375\" srcset=\"https:\/\/www.kloster-metten.com\/wp-content\/uploads\/2024\/03\/IMG_9470_-500x375.jpg 500w, https:\/\/www.kloster-metten.com\/wp-content\/uploads\/2024\/03\/IMG_9470_-768x576.jpg 768w, https:\/\/www.kloster-metten.com\/wp-content\/uploads\/2024\/03\/IMG_9470_.jpg 1008w\" sizes=\"auto, (max-width: 500px) 100vw, 500px\" \/><\/a><h2>\u201eEr ist wahrhaft auferstanden!\u201c &#8211; Das Leben hat den Tod besiegt!<\/h2><p><\/p>\n<p>\u201eO wahrhaft selige Nacht!\u201c. Ein beeindruckender Gottesdienst zur Feier der Osternacht erlebten wir Mettener M\u00f6nche mit vielen G\u00e4sten und Gl\u00e4ubigen aus der Pfarreiengemeinschaft Metten-Neuhausen. Abt Athanasius leitete die liturgische Feier. Viele H\u00e4nde, die meisten im Hintergrund, hatten zum Gelingen der Feier beigetragen. Abt Athanasius dankte allen f\u00fcr das Gebet, das Singen, die Begleitung der Nachtwache zum Morgen der Auferstehung. Am Hauptportal unserer Mettener Pfarr- und Klosterkirche brannte das Osterfeuer. Nachdem das Feuer gesegnet war, wurde die Osterkerze entz\u00fcndet. Beim Einzug in die Kirche wurde das dreimalige \u201eLumen Christi\u201c gesungen und nach und nach erhellte sich das Kirchenschiff. Diakon Karl-Heinz Seiler verk\u00fcndete das Exsultet. Die alttestamentlichen Lesungen wurden in der Dunkelheit verlesen, ehe zum Gloria die Orgel von neuem erklang, die Glocken unserer Kirche ihr Lob anstimmten und die ganze feiernde Gemeinde in das \u201eEhre sei Gott\u201c einstimmte. Nach dem dreimaligen Halleluja wurde das Evangelium von der Auferstehung Jesu verk\u00fcndet. Bei der Taufwasserweihe wurden die Heiligen angerufen und das Taufversprechen erneuert. Bei der Taufwasserweihe, die Abt Athanasius und Diakon Seiler vornahmen sang unser Prior P. Thomas das Weihegebet. Nach den F\u00fcrbitten folgte der eucharistische Teil. Am Altar standen mit unserem Abt und unserem Prior au\u00dferdem Cellerar P. Markus, P. Michael, P. Norbert, P. Erhard, P. Altmann und Monsignore Riedl. Gemeindereferentin Verena Hofinger wirkte beim Wortgottesdienst mit und leitete die Ministranten zusammen mit Philipp Sch\u00fcssler und Mesner Wolfgang Eichinger an. F\u00fcr die musikalische Umrahmung zeichneten Alois Auer und Christoph Liebl mit einer M\u00e4dchenkantorei verantwortlich. Nach dem Osterjubel folgte der Osterschmaus. Am Ende der Osternachtfeier folgte die traditionelle Speisensegnung. Christus ist auferstanden von den Toten. Er ist wahrhaft auferstanden! Halleluja! <br \/>\nEuch allen w\u00fcnschen die M\u00f6nche aus Metten frohe und gesegnete Ostern! Habt sch\u00f6ne Feiertage und bleibt\u2018s g\u2018sund!<\/p>\n\r\n\t\t<style type='text\/css'>\r\n\t\t\t#gallery-1 {\r\n\t\t\t\tmargin: auto;\r\n\t\t\t}\r\n\t\t\t#gallery-1 .gallery-item {\r\n\t\t\t\tfloat: left;\r\n\t\t\t\tmargin-top: 10px;\r\n\t\t\t\ttext-align: center;\r\n\t\t\t\twidth: 33%;\r\n\t\t\t}\r\n\t\t\t#gallery-1 hr {\r\n\t\t\t\theight: 1px;\r\n\t\t\t}\r\n\t\t\t#gallery-1 .gallery-caption {\r\n\t\t\t\tmargin-left: 0;\r\n\t\t\t}\r\n\t\t\t\/* see gallery_shortcode() in wp-includes\/media.php *\/\r\n\t\t<\/style>\n\t\t<div id='gallery-1' class='gallery galleryid-48583 gallery-columns-3 gallery-size-thumbnail'><hr class='null'><dl class='gallery-item'>\r\n\t\t\t<dt class='gallery-icon portrait'>\r\n\t\t\t\t<a title=\"IMG_9473_\"  href='https:\/\/www.kloster-metten.com\/?attachment_id=48587'><img loading=\"lazy\" decoding=\"async\" width=\"170\" height=\"115\" src=\"https:\/\/www.kloster-metten.com\/wp-content\/uploads\/2024\/03\/IMG_9473_-170x115.jpg\" class=\"attachment-thumbnail size-thumbnail\" alt=\"\" \/><\/a>\r\n\t\t\t<\/dt><\/dl><dl class='gallery-item'>\r\n\t\t\t<dt class='gallery-icon landscape'>\r\n\t\t\t\t<a title=\"IMG_9484_\"  href='https:\/\/www.kloster-metten.com\/?attachment_id=48588'><img loading=\"lazy\" decoding=\"async\" width=\"170\" height=\"115\" src=\"https:\/\/www.kloster-metten.com\/wp-content\/uploads\/2024\/03\/IMG_9484_-170x115.jpg\" class=\"attachment-thumbnail size-thumbnail\" alt=\"\" \/><\/a>\r\n\t\t\t<\/dt><\/dl><dl class='gallery-item'>\r\n\t\t\t<dt class='gallery-icon landscape'>\r\n\t\t\t\t<a title=\"IMG_9510_\"  href='https:\/\/www.kloster-metten.com\/?attachment_id=48589'><img loading=\"lazy\" decoding=\"async\" width=\"170\" height=\"115\" src=\"https:\/\/www.kloster-metten.com\/wp-content\/uploads\/2024\/03\/IMG_9510_-170x115.jpg\" class=\"attachment-thumbnail size-thumbnail\" alt=\"\" \/><\/a>\r\n\t\t\t<\/dt><\/dl><br style=\"clear: both\" \/>\r\n\t\t<\/div>\n\n","protected":false},"excerpt":{"rendered":"<p>\u201eEr ist wahrhaft auferstanden!\u201c &#8211; Das Leben hat den Tod besiegt! \u201eO wahrhaft selige Nacht!\u201c. Ein beeindruckender Gottesdienst zur Feier der Osternacht erlebten wir Mettener M\u00f6nche mit vielen G\u00e4sten und Gl\u00e4ubigen aus der Pfarreiengemeinschaft Metten-Neuhausen. Abt Athanasius leitete die liturgische Feier. Viele H\u00e4nde, die meisten im Hintergrund, hatten zum Gelingen der Feier beigetragen. Abt Athanasius [&hellip;]<\/p>\n","protected":false},"author":5,"featured_media":0,"parent":1120,"menu_order":-167,"comment_status":"closed","ping_status":"closed","template":"","meta":{"footnotes":""},"class_list":["post-48583","page","type-page","status-publish","hentry"],"_links":{"self":[{"href":"https:\/\/www.kloster-metten.com\/index.php?rest_route=\/wp\/v2\/pages\/48583","targetHints":{"allow":["GET"]}}],"collection":[{"href":"https:\/\/www.kloster-metten.com\/index.php?rest_route=\/wp\/v2\/pages"}],"about":[{"href":"https:\/\/www.kloster-metten.com\/index.php?rest_route=\/wp\/v2\/types\/page"}],"author":[{"embeddable":true,"href":"https:\/\/www.kloster-metten.com\/index.php?rest_route=\/wp\/v2\/users\/5"}],"replies":[{"embeddable":true,"href":"https:\/\/www.kloster-metten.com\/index.php?rest_route=%2Fwp%2Fv2%2Fcomments&post=48583"}],"version-history":[{"count":3,"href":"https:\/\/www.kloster-metten.com\/index.php?rest_route=\/wp\/v2\/pages\/48583\/revisions"}],"predecessor-version":[{"id":48590,"href":"https:\/\/www.kloster-metten.com\/index.php?rest_route=\/wp\/v2\/pages\/48583\/revisions\/48590"}],"up":[{"embeddable":true,"href":"https:\/\/www.kloster-metten.com\/index.php?rest_route=\/wp\/v2\/pages\/1120"}],"wp:attachment":[{"href":"https:\/\/www.kloster-metten.com\/index.php?rest_route=%2Fwp%2Fv2%2Fmedia&parent=48583"}],"curies":[{"name":"wp","href":"https:\/\/api.w.org\/{rel}","templated":true}]}}