{"id":48592,"date":"2024-04-04T12:30:55","date_gmt":"2024-04-04T10:30:55","guid":{"rendered":"https:\/\/www.kloster-metten.de\/?page_id=48592"},"modified":"2024-04-08T16:14:07","modified_gmt":"2024-04-08T14:14:07","slug":"unsere-klostergaertnerei-laedt-zum-tag-der-offenen-gaertnerei-20-april-2024","status":"publish","type":"page","link":"https:\/\/www.kloster-metten.com\/?page_id=48592","title":{"rendered":"Unsere Klosterg\u00e4rtnerei l\u00e4dt zum Tag der offenen G\u00e4rtnerei \u2013 20. April 2024"},"content":{"rendered":"<a href=\"https:\/\/www.kloster-metten.com\/wp-content\/uploads\/2024\/04\/GaertnereiTdoT.png\"><img loading=\"lazy\" decoding=\"async\" class=\"size-medium wp-image-48595 alignnone\" title=\"G\u00e4rtnereiTdoT\" src=\"https:\/\/www.kloster-metten.com\/wp-content\/uploads\/2024\/04\/GaertnereiTdoT-489x500.png\" alt=\"\" width=\"489\" height=\"500\" srcset=\"https:\/\/www.kloster-metten.com\/wp-content\/uploads\/2024\/04\/GaertnereiTdoT-489x500.png 489w, https:\/\/www.kloster-metten.com\/wp-content\/uploads\/2024\/04\/GaertnereiTdoT-768x784.png 768w, https:\/\/www.kloster-metten.com\/wp-content\/uploads\/2024\/04\/GaertnereiTdoT.png 792w\" sizes=\"auto, (max-width: 489px) 100vw, 489px\" \/><\/a><h2>Unsere Klosterg\u00e4rtnerei l\u00e4dt zum Tag der offenen G\u00e4rtnerei \u2013 20. April 2024<\/h2><p><\/p>\n<p>In diesem Jahr findet der Tag der offenen G\u00e4rtnerei am Samstag, den 20. April 2024 in der Zeit von<\/p>\n<p>8.00 Uhr bis 17.00 Uhr statt. Wir freuen uns \u00fcber Ihren Besuch!<\/p>\n<p>Neben dem reichhaltigen Angebot unserer G\u00e4rtnerei stellen wir Ihnen auch die Pflanze des Jahres 2024 vor.<\/p>\n<p>Unser Floristenteam stellt eine kleine Ausstellung \u00fcber Hochzeits- und Trauerfloristik zusammen.<\/p>\n<p>Ein kleiner Kunsthandwerkermarkt mit regionalen K\u00fcnstlern bietet die eine oder andere Dekom\u00f6glichkeit f\u00fcr Sie.<\/p>\n<p>Das Gl\u00fccksrad der KAB Metten l\u00e4dt zum Spielen ein.<\/p>\n<p>Der Obst- und Gartenbauverein sowie weitere flei\u00dfige H\u00e4nde sorgen f\u00fcr die Bewirtung der Besucherinnen und Besucher.<\/p>\n<p>Wir freuen uns, wenn auch Sie vorbeikommen!<\/p>\n<h2><a href=\"https:\/\/www.kloster-metten.com\/wp-content\/uploads\/2024\/04\/Plakat2024-5.pdf\">Plakat2024<\/a><\/h2>\n","protected":false},"excerpt":{"rendered":"<p>Unsere Klosterg\u00e4rtnerei l\u00e4dt zum Tag der offenen G\u00e4rtnerei \u2013 20. April 2024 In diesem Jahr findet der Tag der offenen G\u00e4rtnerei am Samstag, den 20. April 2024 in der Zeit von 8.00 Uhr bis 17.00 Uhr statt. Wir freuen uns \u00fcber Ihren Besuch! Neben dem reichhaltigen Angebot unserer G\u00e4rtnerei stellen wir Ihnen auch die Pflanze [&hellip;]<\/p>\n","protected":false},"author":5,"featured_media":0,"parent":1120,"menu_order":-168,"comment_status":"closed","ping_status":"closed","template":"","meta":{"footnotes":""},"class_list":["post-48592","page","type-page","status-publish","hentry"],"_links":{"self":[{"href":"https:\/\/www.kloster-metten.com\/index.php?rest_route=\/wp\/v2\/pages\/48592","targetHints":{"allow":["GET"]}}],"collection":[{"href":"https:\/\/www.kloster-metten.com\/index.php?rest_route=\/wp\/v2\/pages"}],"about":[{"href":"https:\/\/www.kloster-metten.com\/index.php?rest_route=\/wp\/v2\/types\/page"}],"author":[{"embeddable":true,"href":"https:\/\/www.kloster-metten.com\/index.php?rest_route=\/wp\/v2\/users\/5"}],"replies":[{"embeddable":true,"href":"https:\/\/www.kloster-metten.com\/index.php?rest_route=%2Fwp%2Fv2%2Fcomments&post=48592"}],"version-history":[{"count":7,"href":"https:\/\/www.kloster-metten.com\/index.php?rest_route=\/wp\/v2\/pages\/48592\/revisions"}],"predecessor-version":[{"id":48620,"href":"https:\/\/www.kloster-metten.com\/index.php?rest_route=\/wp\/v2\/pages\/48592\/revisions\/48620"}],"up":[{"embeddable":true,"href":"https:\/\/www.kloster-metten.com\/index.php?rest_route=\/wp\/v2\/pages\/1120"}],"wp:attachment":[{"href":"https:\/\/www.kloster-metten.com\/index.php?rest_route=%2Fwp%2Fv2%2Fmedia&parent=48592"}],"curies":[{"name":"wp","href":"https:\/\/api.w.org\/{rel}","templated":true}]}}