{"id":48736,"date":"2024-07-08T16:15:03","date_gmt":"2024-07-08T14:15:03","guid":{"rendered":"https:\/\/www.kloster-metten.de\/?page_id=48736"},"modified":"2024-07-08T16:15:03","modified_gmt":"2024-07-08T14:15:03","slug":"niederbayerischer-vizemeister","status":"publish","type":"page","link":"https:\/\/www.kloster-metten.com\/?page_id=48736","title":{"rendered":"Niederbayerischer Vizemeister"},"content":{"rendered":"<h2>Niederbayerischer Vizemeister<\/h2><p><div id=\"attachment_48440\" style=\"width: 510px\" class=\"wp-caption alignnone\"><a href=\"https:\/\/www.kloster-metten.com\/wp-content\/uploads\/2024\/02\/Foto_Niederbayerische-Schulschachmeisterschaft_.jpg\"><img aria-describedby=\"caption-attachment-48440\" class=\"wp-image-48440 size-medium\" title=\"Foto_Niederbayerische Schulschachmeisterschaft_\" src=\"https:\/\/www.kloster-metten.com\/wp-content\/uploads\/2024\/02\/Foto_Niederbayerische-Schulschachmeisterschaft_-e1709159554843-500x338.jpg\" alt=\"\" width=\"500\" height=\"338\" \/><\/a><p id=\"caption-attachment-48440\" class=\"wp-caption-text\">Unsere erfolgreiche Mannschaft mit Betreuer Rupert M\u00fcller (v.l.n.r.): Matteo Kaltchev, Maxi Zeiser, Alessandro Wei\u00df und Tim Prasansaeng (es fehlt Tim Spranger)<\/p><\/div><\/p>\n<p>\nErneut gro\u00dfer Erfolg f\u00fcr die Schachgruppe unseres Gymnasiums. Bei den niederbayerischen<br \/>\nSchulschachmeisterschaften 2024 in Dingolfing konnte unsere Mannschaft der Altersklasse WK III<br \/>\nbestehend aus Maximilian Zeiser, Alessandro Wei\u00df, Tim Prasansaeng, Matteo Kaltchev und Tim<br \/>\nSpranger sechs von sieben Spielrunden siegreich gestalten und musste nur eine einzige knappe<br \/>\nNiederlage gegen den sp\u00e4teren Sieger hinnehmen. Damit konnte man sich einen hervorragenden<br \/>\nzweiten Platz unter insgesamt 18 Mannschaften sichern.<br \/>\nInsgesamt war unsere Schule in diesem Jahr mit f\u00fcnf Mannschaften in den verschiedenen<br \/>\nAltersklassen wieder stark am Brett vertreten, wobei alle Spielerinnen und Spieler eine sehr<br \/>\nansprechende Leistung zeigten. Insbesondere unsere Nachwuchsspieler der 5. und 6. Klassen,<br \/>\nwelche teilweise zum ersten Mal bei einem so gro\u00dfen Turnier dabei waren, konnten viele<br \/>\nwertvolle Turniererfahrungen sammeln und erste Erfolgserlebnisse verbuchen.<\/p>\n<p><\/p>\n","protected":false},"excerpt":{"rendered":"<p>Niederbayerischer VizemeisterUnsere erfolgreiche Mannschaft mit Betreuer Rupert M\u00fcller (v.l.n.r.): Matteo Kaltchev, Maxi Zeiser, Alessandro Wei\u00df und Tim Prasansaeng (es fehlt Tim Spranger) Erneut gro\u00dfer Erfolg f\u00fcr die Schachgruppe unseres Gymnasiums. Bei den niederbayerischen Schulschachmeisterschaften 2024 in Dingolfing konnte unsere Mannschaft der Altersklasse WK III bestehend aus Maximilian Zeiser, Alessandro Wei\u00df, Tim Prasansaeng, Matteo Kaltchev und [&hellip;]<\/p>\n","protected":false},"author":5,"featured_media":0,"parent":48731,"menu_order":0,"comment_status":"closed","ping_status":"closed","template":"","meta":{"footnotes":""},"class_list":["post-48736","page","type-page","status-publish","hentry"],"_links":{"self":[{"href":"https:\/\/www.kloster-metten.com\/index.php?rest_route=\/wp\/v2\/pages\/48736","targetHints":{"allow":["GET"]}}],"collection":[{"href":"https:\/\/www.kloster-metten.com\/index.php?rest_route=\/wp\/v2\/pages"}],"about":[{"href":"https:\/\/www.kloster-metten.com\/index.php?rest_route=\/wp\/v2\/types\/page"}],"author":[{"embeddable":true,"href":"https:\/\/www.kloster-metten.com\/index.php?rest_route=\/wp\/v2\/users\/5"}],"replies":[{"embeddable":true,"href":"https:\/\/www.kloster-metten.com\/index.php?rest_route=%2Fwp%2Fv2%2Fcomments&post=48736"}],"version-history":[{"count":1,"href":"https:\/\/www.kloster-metten.com\/index.php?rest_route=\/wp\/v2\/pages\/48736\/revisions"}],"predecessor-version":[{"id":48737,"href":"https:\/\/www.kloster-metten.com\/index.php?rest_route=\/wp\/v2\/pages\/48736\/revisions\/48737"}],"up":[{"embeddable":true,"href":"https:\/\/www.kloster-metten.com\/index.php?rest_route=\/wp\/v2\/pages\/48731"}],"wp:attachment":[{"href":"https:\/\/www.kloster-metten.com\/index.php?rest_route=%2Fwp%2Fv2%2Fmedia&parent=48736"}],"curies":[{"name":"wp","href":"https:\/\/api.w.org\/{rel}","templated":true}]}}