{"id":48738,"date":"2024-07-08T16:16:19","date_gmt":"2024-07-08T14:16:19","guid":{"rendered":"https:\/\/www.kloster-metten.de\/?page_id=48738"},"modified":"2024-07-08T16:16:19","modified_gmt":"2024-07-08T14:16:19","slug":"schulschachmeisterschaft-2023","status":"publish","type":"page","link":"https:\/\/www.kloster-metten.com\/?page_id=48738","title":{"rendered":"Schulschachmeisterschaft 2023"},"content":{"rendered":"<h2>Schulschachmeisterschaft 2023<\/h2><p><div id=\"attachment_47845\" style=\"width: 510px\" class=\"wp-caption alignnone\"><a href=\"https:\/\/www.kloster-metten.com\/wp-content\/uploads\/2023\/07\/Mller_Mettener-Schulschachmeisterschaft_.jpg\"><img aria-describedby=\"caption-attachment-47845\" class=\"wp-image-47845 size-medium\" title=\"Mller_Mettener Schulschachmeisterschaft_\" src=\"https:\/\/www.kloster-metten.com\/wp-content\/uploads\/2023\/07\/Mller_Mettener-Schulschachmeisterschaft_-500x375.jpg\" alt=\"\" width=\"500\" height=\"375\" \/><\/a><p id=\"caption-attachment-47845\" class=\"wp-caption-text\">Die Gewinner pr\u00e4sentieren stolz ihre hart erk\u00e4mpften Pokale<\/p><\/div><\/p>\n<p>Das Spiel der K\u00f6nige erfreut sich an unserer Schule weiterhin gr\u00f6\u00dfter Beliebtheit. Bei der schulinternen Schachmeisterschaft war genauso wie in den letzten Jahren wieder ein sehr gro\u00dfer Andrang zu vermelden und die Organisatoren konnten insgesamt 45 schachbegeisterte Sch\u00fclerinnen und Sch\u00fcler aus den Jahrgangsstufen 5-11 begr\u00fc\u00dfen.<\/p>\n<p>In dem auf hohem Niveau stattfindenden Turnier entbrannte auf den vorderen Brettern ein bis zum letzten Zug spannender Kampf um die besten Pl\u00e4tze. Nach sieben hart umk\u00e4mpften Runden konnte sich schlie\u00dflich erneut Jonas Waas (Q11) ohne Punktverlust durchsetzen und damit seinen Titel des Mettener Schulmeisters erfolgreich verteidigen. Auf den Pl\u00e4tzen zwei und drei folgten Kilian Nothaft Gigler (9c) und Philipp G\u00e4ck (Q11).<\/p>\n<p>In der Unterstufenwertung konnte sich Titelverteidiger Maximilian Zeiser (7b) den verdienten ersten Platz sichern. Ihm folgten Alessandro Wei\u00df (7b) und Tim Spranger (6c) auf den Pl\u00e4tzen zwei und drei.<\/p>\n<p><a href=\"https:\/\/www.kloster-metten.com\/wp-content\/uploads\/2023\/07\/20230719_090222_.jpg\"><img class=\"alignleft size-medium wp-image-47843\" title=\"20230719_090222_\" src=\"https:\/\/www.kloster-metten.com\/wp-content\/uploads\/2023\/07\/20230719_090222_-500x375.jpg\" alt=\"\" width=\"500\" height=\"375\" \/><\/a><\/p>\n<p><a href=\"https:\/\/www.kloster-metten.com\/wp-content\/uploads\/2023\/07\/20230719_090446_.jpg\"><img class=\"alignleft size-medium wp-image-47844\" title=\"20230719_090446_\" src=\"https:\/\/www.kloster-metten.com\/wp-content\/uploads\/2023\/07\/20230719_090446_-500x375.jpg\" alt=\"\" width=\"500\" height=\"375\" \/><\/a><\/p>\n","protected":false},"excerpt":{"rendered":"<p>Schulschachmeisterschaft 2023Die Gewinner pr\u00e4sentieren stolz ihre hart erk\u00e4mpften Pokale Das Spiel der K\u00f6nige erfreut sich an unserer Schule weiterhin gr\u00f6\u00dfter Beliebtheit. Bei der schulinternen Schachmeisterschaft war genauso wie in den letzten Jahren wieder ein sehr gro\u00dfer Andrang zu vermelden und die Organisatoren konnten insgesamt 45 schachbegeisterte Sch\u00fclerinnen und Sch\u00fcler aus den Jahrgangsstufen 5-11 begr\u00fc\u00dfen. In [&hellip;]<\/p>\n","protected":false},"author":5,"featured_media":0,"parent":48731,"menu_order":0,"comment_status":"closed","ping_status":"closed","template":"","meta":{"footnotes":""},"class_list":["post-48738","page","type-page","status-publish","hentry"],"_links":{"self":[{"href":"https:\/\/www.kloster-metten.com\/index.php?rest_route=\/wp\/v2\/pages\/48738","targetHints":{"allow":["GET"]}}],"collection":[{"href":"https:\/\/www.kloster-metten.com\/index.php?rest_route=\/wp\/v2\/pages"}],"about":[{"href":"https:\/\/www.kloster-metten.com\/index.php?rest_route=\/wp\/v2\/types\/page"}],"author":[{"embeddable":true,"href":"https:\/\/www.kloster-metten.com\/index.php?rest_route=\/wp\/v2\/users\/5"}],"replies":[{"embeddable":true,"href":"https:\/\/www.kloster-metten.com\/index.php?rest_route=%2Fwp%2Fv2%2Fcomments&post=48738"}],"version-history":[{"count":1,"href":"https:\/\/www.kloster-metten.com\/index.php?rest_route=\/wp\/v2\/pages\/48738\/revisions"}],"predecessor-version":[{"id":48739,"href":"https:\/\/www.kloster-metten.com\/index.php?rest_route=\/wp\/v2\/pages\/48738\/revisions\/48739"}],"up":[{"embeddable":true,"href":"https:\/\/www.kloster-metten.com\/index.php?rest_route=\/wp\/v2\/pages\/48731"}],"wp:attachment":[{"href":"https:\/\/www.kloster-metten.com\/index.php?rest_route=%2Fwp%2Fv2%2Fmedia&parent=48738"}],"curies":[{"name":"wp","href":"https:\/\/api.w.org\/{rel}","templated":true}]}}