{"id":48757,"date":"2024-07-20T09:36:21","date_gmt":"2024-07-20T07:36:21","guid":{"rendered":"https:\/\/www.kloster-metten.de\/?page_id=48757"},"modified":"2024-08-08T17:47:02","modified_gmt":"2024-08-08T15:47:02","slug":"tag-des-handwerks-2024","status":"publish","type":"page","link":"https:\/\/www.kloster-metten.com\/?page_id=48757","title":{"rendered":"Tag des Handwerks 2024"},"content":{"rendered":"<a href=\"https:\/\/www.kloster-metten.com\/wp-content\/uploads\/2024\/07\/Ibrom_TagdesHandwerks_20240715_Mauern03_.jpg\"><img loading=\"lazy\" decoding=\"async\" class=\"alignnone wp-image-48761 size-medium\" title=\"Ibrom_TagdesHandwerks_20240715_Mauern03_\" src=\"https:\/\/www.kloster-metten.com\/wp-content\/uploads\/2024\/07\/Ibrom_TagdesHandwerks_20240715_Mauern03_-500x500.jpg\" alt=\"\" width=\"500\" height=\"500\" srcset=\"https:\/\/www.kloster-metten.com\/wp-content\/uploads\/2024\/07\/Ibrom_TagdesHandwerks_20240715_Mauern03_-500x500.jpg 500w, https:\/\/www.kloster-metten.com\/wp-content\/uploads\/2024\/07\/Ibrom_TagdesHandwerks_20240715_Mauern03_.jpg 756w\" sizes=\"auto, (max-width: 500px) 100vw, 500px\" \/><\/a><h2>Tag des Handwerks 2024<\/h2><p><\/p>\n<p>Am 15. Juli 2024 f\u00fchrte die Handwerkskammer Niederbayern\/Oberpfalz zum 2. Mal in Folge am St.-Michaels-Gymnasium Metten f\u00fcr die achten Klassen einen Tag des Handwerks durch.<\/p>\n<p>&nbsp;<\/p>\n<p>Zu Beginn informierte Frau Gitte Wagner von der Handwerkskammer \u00fcber die vielf\u00e4ltigen Laufbahnen und Karrierem\u00f6glichkeiten im Handwerk. Sie skizzierte hierbei sowohl den typischen Verlauf der dualen Ausbildung und als auch den eines dualen Studiums.<\/p>\n<p>Im praktischen Teil des Vormittags durfte sich die Sch\u00fclerinnen und Sch\u00fcler beim Unternehmen Max Streicher GmbH &amp; Co KG aA an einem Schwei\u00dfsimulator mit 3D-Brille in ihrer Geschicklichkeit als Konstruktionsmechaniker messen. Bei der Wolf System GmbH galt es aus Fertigelementen ein kleines Holzhaus zu errichten. Das AVP Autoland Plattling war mit einer mobilen Hebeb\u00fchne f\u00fcr Pkw vorgefahren. Hier war die Montage eines Rades an einem aufgebockten Pkw mit Schlagschrauber und Drehmomentschl\u00fcssel eine leichte \u00dcbung. Nachdem im Rahmen der Mobilit\u00e4tswende die Elektrizit\u00e4t in Pkws immer mehr an Bedeutung gewinnt, lernten die Sch\u00fclerinnen und Sch\u00fcler an einer weiteren Station ein wenig das Handwerk des Elektrikers kennen. Mit hoher Motivation widmeten sich die Sch\u00fclerinnen und Sch\u00fcler schlie\u00dflich bei der Firma Praml Bau GmbH dem Maurerhandwerk. Voller Feuereifer mauerten sie unter fachm\u00e4nnischer Anleitung jeweils zwei Torb\u00f6gen um die Wette.<\/p>\n<p>Im Namen unserer Sch\u00fclerinnen und Sch\u00fcler bedanken wir uns ganz herzlich bei den beteiligten Unternehmen und der Handwerkskammer Niederbayern\/Oberpfalz f\u00fcr diesen gelungenen Vormittag. F\u00fcr die berufliche Orientierung an unserer Schule war es wieder ein gelungener Auftakt!<\/p>\n\r\n\t\t<style type='text\/css'>\r\n\t\t\t#gallery-1 {\r\n\t\t\t\tmargin: auto;\r\n\t\t\t}\r\n\t\t\t#gallery-1 .gallery-item {\r\n\t\t\t\tfloat: left;\r\n\t\t\t\tmargin-top: 10px;\r\n\t\t\t\ttext-align: center;\r\n\t\t\t\twidth: 33%;\r\n\t\t\t}\r\n\t\t\t#gallery-1 hr {\r\n\t\t\t\theight: 1px;\r\n\t\t\t}\r\n\t\t\t#gallery-1 .gallery-caption {\r\n\t\t\t\tmargin-left: 0;\r\n\t\t\t}\r\n\t\t\t\/* see gallery_shortcode() in wp-includes\/media.php *\/\r\n\t\t<\/style>\n\t\t<div id='gallery-1' class='gallery galleryid-48757 gallery-columns-3 gallery-size-thumbnail'><hr class='null'><dl class='gallery-item'>\r\n\t\t\t<dt class='gallery-icon landscape'>\r\n\t\t\t\t<a title=\"Ibrom_TagdesHandwerks_20240715_Elektrik02_\"  href='https:\/\/www.kloster-metten.com\/?attachment_id=48763'><img loading=\"lazy\" decoding=\"async\" width=\"170\" height=\"115\" src=\"https:\/\/www.kloster-metten.com\/wp-content\/uploads\/2024\/07\/Ibrom_TagdesHandwerks_20240715_Elektrik02_-170x115.jpg\" class=\"attachment-thumbnail size-thumbnail\" alt=\"\" \/><\/a>\r\n\t\t\t<\/dt><\/dl><dl class='gallery-item'>\r\n\t\t\t<dt class='gallery-icon landscape'>\r\n\t\t\t\t<a title=\"Ibrom_TagdesHandwerks_20240715_Holzbau03_\"  href='https:\/\/www.kloster-metten.com\/?attachment_id=48762'><img loading=\"lazy\" decoding=\"async\" width=\"170\" height=\"115\" src=\"https:\/\/www.kloster-metten.com\/wp-content\/uploads\/2024\/07\/Ibrom_TagdesHandwerks_20240715_Holzbau03_-170x115.jpg\" class=\"attachment-thumbnail size-thumbnail\" alt=\"\" \/><\/a>\r\n\t\t\t<\/dt><\/dl><dl class='gallery-item'>\r\n\t\t\t<dt class='gallery-icon landscape'>\r\n\t\t\t\t<a title=\"Ibrom_TagdesHandwerks_20240715_Schwei\u00dfen01_\"  href='https:\/\/www.kloster-metten.com\/?attachment_id=48760'><img loading=\"lazy\" decoding=\"async\" width=\"170\" height=\"115\" src=\"https:\/\/www.kloster-metten.com\/wp-content\/uploads\/2024\/07\/Ibrom_TagdesHandwerks_20240715_Schweissen01_-170x115.jpg\" class=\"attachment-thumbnail size-thumbnail\" alt=\"\" \/><\/a>\r\n\t\t\t<\/dt><\/dl><br style=\"clear: both\" \/><dl class='gallery-item'>\r\n\t\t\t<dt class='gallery-icon landscape'>\r\n\t\t\t\t<a title=\"Handwerk\"  href='https:\/\/www.kloster-metten.com\/?attachment_id=48759'><img loading=\"lazy\" decoding=\"async\" width=\"170\" height=\"115\" src=\"https:\/\/www.kloster-metten.com\/wp-content\/uploads\/2024\/07\/SAM_1360_-170x115.jpg\" class=\"attachment-thumbnail size-thumbnail\" alt=\"\" \/><\/a>\r\n\t\t\t<\/dt><\/dl><dl class='gallery-item'>\r\n\t\t\t<dt class='gallery-icon landscape'>\r\n\t\t\t\t<a title=\"Ibrom_TagdesHandwerks_20240715_Auto01_\"  href='https:\/\/www.kloster-metten.com\/?attachment_id=48764'><img loading=\"lazy\" decoding=\"async\" width=\"170\" height=\"115\" src=\"https:\/\/www.kloster-metten.com\/wp-content\/uploads\/2024\/07\/Ibrom_TagdesHandwerks_20240715_Auto01_-170x115.jpg\" class=\"attachment-thumbnail size-thumbnail\" alt=\"\" \/><\/a>\r\n\t\t\t<\/dt><\/dl>\r\n\t\t\t<br style='clear: both' \/>\r\n\t\t<\/div>\n\n","protected":false},"excerpt":{"rendered":"<p>Tag des Handwerks 2024 Am 15. Juli 2024 f\u00fchrte die Handwerkskammer Niederbayern\/Oberpfalz zum 2. Mal in Folge am St.-Michaels-Gymnasium Metten f\u00fcr die achten Klassen einen Tag des Handwerks durch. &nbsp; Zu Beginn informierte Frau Gitte Wagner von der Handwerkskammer \u00fcber die vielf\u00e4ltigen Laufbahnen und Karrierem\u00f6glichkeiten im Handwerk. Sie skizzierte hierbei sowohl den typischen Verlauf der [&hellip;]<\/p>\n","protected":false},"author":5,"featured_media":0,"parent":1137,"menu_order":-320,"comment_status":"closed","ping_status":"closed","template":"","meta":{"footnotes":""},"class_list":["post-48757","page","type-page","status-publish","hentry"],"_links":{"self":[{"href":"https:\/\/www.kloster-metten.com\/index.php?rest_route=\/wp\/v2\/pages\/48757","targetHints":{"allow":["GET"]}}],"collection":[{"href":"https:\/\/www.kloster-metten.com\/index.php?rest_route=\/wp\/v2\/pages"}],"about":[{"href":"https:\/\/www.kloster-metten.com\/index.php?rest_route=\/wp\/v2\/types\/page"}],"author":[{"embeddable":true,"href":"https:\/\/www.kloster-metten.com\/index.php?rest_route=\/wp\/v2\/users\/5"}],"replies":[{"embeddable":true,"href":"https:\/\/www.kloster-metten.com\/index.php?rest_route=%2Fwp%2Fv2%2Fcomments&post=48757"}],"version-history":[{"count":5,"href":"https:\/\/www.kloster-metten.com\/index.php?rest_route=\/wp\/v2\/pages\/48757\/revisions"}],"predecessor-version":[{"id":48811,"href":"https:\/\/www.kloster-metten.com\/index.php?rest_route=\/wp\/v2\/pages\/48757\/revisions\/48811"}],"up":[{"embeddable":true,"href":"https:\/\/www.kloster-metten.com\/index.php?rest_route=\/wp\/v2\/pages\/1137"}],"wp:attachment":[{"href":"https:\/\/www.kloster-metten.com\/index.php?rest_route=%2Fwp%2Fv2%2Fmedia&parent=48757"}],"curies":[{"name":"wp","href":"https:\/\/api.w.org\/{rel}","templated":true}]}}