{"id":48795,"date":"2024-07-24T20:21:23","date_gmt":"2024-07-24T18:21:23","guid":{"rendered":"https:\/\/www.kloster-metten.de\/?page_id=48795"},"modified":"2024-07-24T20:22:04","modified_gmt":"2024-07-24T18:22:04","slug":"mettener-schulschachmeisterschaft-2024","status":"publish","type":"page","link":"https:\/\/www.kloster-metten.com\/?page_id=48795","title":{"rendered":"Mettener Schulschachmeisterschaft 2024"},"content":{"rendered":"<a href=\"https:\/\/www.kloster-metten.com\/wp-content\/uploads\/2024\/07\/Mueller_Mettener-Schulschachmeisterschaft-2024_Bild-2_.jpg\"><img class=\"size-medium wp-image-48792 alignnone\" title=\"M\u00fcller_Mettener Schulschachmeisterschaft 2024_Bild 2_\" src=\"https:\/\/www.kloster-metten.com\/wp-content\/uploads\/2024\/07\/Mueller_Mettener-Schulschachmeisterschaft-2024_Bild-2_-500x375.jpg\" alt=\"\" width=\"500\" height=\"375\" \/><\/a><h2>Mettener Schulschachmeisterschaft 2024<\/h2><p><br \/>\nDas Spiel der K\u00f6nige erfreut sich an unserer Schule weiterhin gr\u00f6\u00dfter Beliebtheit. Bei der<br \/>\nschulinternen Schachmeisterschaft war genauso wie in den letzten Jahren wieder ein sehr gro\u00dfer<br \/>\nAndrang zu vermelden und die Organisatoren konnten insgesamt 32 schachbegeisterte Sch\u00fclerinnen<br \/>\nund Sch\u00fcler aus den Jahrgangsstufen 5-11 begr\u00fc\u00dfen.<br \/>\nIn dem auf hohem Niveau stattfindenden Turnier entbrannte auf den vorderen Brettern ein bis zum<br \/>\nletzten Zug spannender Kampf um die besten Pl\u00e4tze. Nach sieben hart umk\u00e4mpften Runden (und<br \/>\nzwei Blitzpartien) konnte sich schlie\u00dflich Alessandro Wei\u00df (8b) durchsetzen und damit erstmalig den<br \/>\nTitel des Mettener Schulmeisters erringen. Auf den Pl\u00e4tzen zwei und drei folgten Matteo Kaltchev<br \/>\nund Maxi Zeiser (beide 8b).<br \/>\nIn der Unterstufenwertung konnte sich Tim Prasansaeng (7b) den verdienten ersten Platz sichern.<br \/>\nIhm folgten Elias D\u00fcck (7a) und Manuel Dobler (7b) auf den Pl\u00e4tzen zwei und drei.<\/p>\n<p><div id=\"attachment_48793\" style=\"width: 510px\" class=\"wp-caption alignleft\"><a href=\"https:\/\/www.kloster-metten.com\/wp-content\/uploads\/2024\/07\/Mueller_Mettener-Schulschachmeisterschaft-2024_Bild-1_.jpg\"><img aria-describedby=\"caption-attachment-48793\" class=\"wp-image-48793 size-medium\" title=\"M\u00fcller_Mettener Schulschachmeisterschaft 2024_Bild 1_\" src=\"https:\/\/www.kloster-metten.com\/wp-content\/uploads\/2024\/07\/Mueller_Mettener-Schulschachmeisterschaft-2024_Bild-1_-500x375.jpg\" alt=\"\" width=\"500\" height=\"375\" \/><\/a><p id=\"caption-attachment-48793\" class=\"wp-caption-text\">Die Gewinner pr\u00e4sentieren stolz ihre hart erk\u00e4mpften Pokale.<\/p><\/div><\/p>\n<p>&nbsp;<\/p>\n","protected":false},"excerpt":{"rendered":"<p>Mettener Schulschachmeisterschaft 2024 Das Spiel der K\u00f6nige erfreut sich an unserer Schule weiterhin gr\u00f6\u00dfter Beliebtheit. Bei der schulinternen Schachmeisterschaft war genauso wie in den letzten Jahren wieder ein sehr gro\u00dfer Andrang zu vermelden und die Organisatoren konnten insgesamt 32 schachbegeisterte Sch\u00fclerinnen und Sch\u00fcler aus den Jahrgangsstufen 5-11 begr\u00fc\u00dfen. In dem auf hohem Niveau stattfindenden Turnier [&hellip;]<\/p>\n","protected":false},"author":5,"featured_media":0,"parent":48731,"menu_order":-1,"comment_status":"closed","ping_status":"closed","template":"","meta":{"footnotes":""},"class_list":["post-48795","page","type-page","status-publish","hentry"],"_links":{"self":[{"href":"https:\/\/www.kloster-metten.com\/index.php?rest_route=\/wp\/v2\/pages\/48795","targetHints":{"allow":["GET"]}}],"collection":[{"href":"https:\/\/www.kloster-metten.com\/index.php?rest_route=\/wp\/v2\/pages"}],"about":[{"href":"https:\/\/www.kloster-metten.com\/index.php?rest_route=\/wp\/v2\/types\/page"}],"author":[{"embeddable":true,"href":"https:\/\/www.kloster-metten.com\/index.php?rest_route=\/wp\/v2\/users\/5"}],"replies":[{"embeddable":true,"href":"https:\/\/www.kloster-metten.com\/index.php?rest_route=%2Fwp%2Fv2%2Fcomments&post=48795"}],"version-history":[{"count":1,"href":"https:\/\/www.kloster-metten.com\/index.php?rest_route=\/wp\/v2\/pages\/48795\/revisions"}],"predecessor-version":[{"id":48796,"href":"https:\/\/www.kloster-metten.com\/index.php?rest_route=\/wp\/v2\/pages\/48795\/revisions\/48796"}],"up":[{"embeddable":true,"href":"https:\/\/www.kloster-metten.com\/index.php?rest_route=\/wp\/v2\/pages\/48731"}],"wp:attachment":[{"href":"https:\/\/www.kloster-metten.com\/index.php?rest_route=%2Fwp%2Fv2%2Fmedia&parent=48795"}],"curies":[{"name":"wp","href":"https:\/\/api.w.org\/{rel}","templated":true}]}}