{"id":48799,"date":"2024-08-07T09:41:27","date_gmt":"2024-08-07T07:41:27","guid":{"rendered":"https:\/\/www.kloster-metten.de\/?page_id=48799"},"modified":"2024-08-08T17:33:04","modified_gmt":"2024-08-08T15:33:04","slug":"neus-buch-ueber-die-pfarr-und-klosterkirche","status":"publish","type":"page","link":"https:\/\/www.kloster-metten.com\/?page_id=48799","title":{"rendered":"Neus Buch \u00fcber die Pfarr- und Klosterkirche"},"content":{"rendered":"<h2>Neus Buch \u00fcber die Pfarr- und Klosterkirche<\/h2><p>&nbsp;<\/p>\n<p><a href=\"https:\/\/www.kloster-metten.com\/wp-content\/uploads\/2024\/08\/SAM_1536_.jpg\"><img loading=\"lazy\" decoding=\"async\" class=\"alignleft wp-image-48800 size-medium\" title=\"Entwicklungsgeschichte\" src=\"https:\/\/www.kloster-metten.com\/wp-content\/uploads\/2024\/08\/SAM_1536_-375x500.jpg\" alt=\"\" width=\"375\" height=\"500\" srcset=\"https:\/\/www.kloster-metten.com\/wp-content\/uploads\/2024\/08\/SAM_1536_-375x500.jpg 375w, https:\/\/www.kloster-metten.com\/wp-content\/uploads\/2024\/08\/SAM_1536_-768x1023.jpg 768w, https:\/\/www.kloster-metten.com\/wp-content\/uploads\/2024\/08\/SAM_1536_.jpg 821w\" sizes=\"auto, (max-width: 375px) 100vw, 375px\" \/><\/a><\/p>\n<p class=\"Bodytext10\" style=\"margin-bottom: 32.0pt; text-align: justify;\"><span class=\"Bodytext1\"><span style=\"color: black;\">Bei der Pfarr- und Klosterkirche St. Michael in Met\u00adten k\u00fcnden die Turmuhren von der voranschreiten\u00adden Zeit <i>(Tempus fugit),<\/i> der Erzengel Michael dazwi\u00adschen repr\u00e4sentiert den bleibenden Auftrag (<em>T<\/em><i>estimo\u00adnium manet).<\/i> Trotz aller \u00d6ffnung f\u00fcr den jeweils neuen Baustil versuchte man doch \u00fcber die Jahr\u00adhunderte, bei der baulichen Entwicklung an die \u00f6rt\u00adliche Tradition anzukn\u00fcpfen. Die vorliegende Bau\u00adgeschichte dokumentiert einerseits die k\u00fcnstlerische Dimension der Klosterkirche, m\u00f6chte aber auch vor allem auch den bleibenden Auftrag ersp\u00fcren, den sie durch Architektur und bildende Kunst vermittelt.<\/span><\/span><\/p>\n<hr \/>\n<p>Das neue Buch von P. Michael Kaufmann (Entwicklungsgeschichte der Benediktinerabtei Metten VIII. Teil) ist an der Klosterpforte, in der Buchbinderei, im Laden der Klosterg\u00e4rtnerei und im Pfarramt erh\u00e4ltlich zum Preis von 29,50 \u20ac.<\/p>\n","protected":false},"excerpt":{"rendered":"<p>Neus Buch \u00fcber die Pfarr- und Klosterkirche&nbsp; Bei der Pfarr- und Klosterkirche St. Michael in Met\u00adten k\u00fcnden die Turmuhren von der voranschreiten\u00adden Zeit (Tempus fugit), der Erzengel Michael dazwi\u00adschen repr\u00e4sentiert den bleibenden Auftrag (Testimo\u00adnium manet). Trotz aller \u00d6ffnung f\u00fcr den jeweils neuen Baustil versuchte man doch \u00fcber die Jahr\u00adhunderte, bei der baulichen Entwicklung an die [&hellip;]<\/p>\n","protected":false},"author":5,"featured_media":0,"parent":1120,"menu_order":-170,"comment_status":"closed","ping_status":"closed","template":"","meta":{"footnotes":""},"class_list":["post-48799","page","type-page","status-publish","hentry"],"_links":{"self":[{"href":"https:\/\/www.kloster-metten.com\/index.php?rest_route=\/wp\/v2\/pages\/48799","targetHints":{"allow":["GET"]}}],"collection":[{"href":"https:\/\/www.kloster-metten.com\/index.php?rest_route=\/wp\/v2\/pages"}],"about":[{"href":"https:\/\/www.kloster-metten.com\/index.php?rest_route=\/wp\/v2\/types\/page"}],"author":[{"embeddable":true,"href":"https:\/\/www.kloster-metten.com\/index.php?rest_route=\/wp\/v2\/users\/5"}],"replies":[{"embeddable":true,"href":"https:\/\/www.kloster-metten.com\/index.php?rest_route=%2Fwp%2Fv2%2Fcomments&post=48799"}],"version-history":[{"count":8,"href":"https:\/\/www.kloster-metten.com\/index.php?rest_route=\/wp\/v2\/pages\/48799\/revisions"}],"predecessor-version":[{"id":48809,"href":"https:\/\/www.kloster-metten.com\/index.php?rest_route=\/wp\/v2\/pages\/48799\/revisions\/48809"}],"up":[{"embeddable":true,"href":"https:\/\/www.kloster-metten.com\/index.php?rest_route=\/wp\/v2\/pages\/1120"}],"wp:attachment":[{"href":"https:\/\/www.kloster-metten.com\/index.php?rest_route=%2Fwp%2Fv2%2Fmedia&parent=48799"}],"curies":[{"name":"wp","href":"https:\/\/api.w.org\/{rel}","templated":true}]}}