{"id":4887,"date":"2013-03-23T15:00:53","date_gmt":"2013-03-23T13:00:53","guid":{"rendered":"http:\/\/www.kloster-metten.de\/?page_id=4887"},"modified":"2016-05-16T21:43:29","modified_gmt":"2016-05-16T19:43:29","slug":"feier-der-kar-und-ostertage-in-der-pfarr-und-klosterkirche-metten","status":"publish","type":"page","link":"https:\/\/www.kloster-metten.com\/?page_id=4887","title":{"rendered":"Feier der Kar- und Ostertage in der Pfarr- und Klosterkirche Metten"},"content":{"rendered":"<a href=\"https:\/\/www.kloster-metten.com\/wp-content\/uploads\/2013\/03\/kreuz-karwoche.jpg\"><img loading=\"lazy\" decoding=\"async\" class=\"alignleft size-medium wp-image-4888\" title=\"kreuz-karwoche\" src=\"https:\/\/www.kloster-metten.com\/wp-content\/uploads\/2013\/03\/kreuz-karwoche.jpg\" alt=\"\" width=\"332\" height=\"500\" \/><\/a><h2>Feier der Kar- und Ostertage in der Pfarr- und Klosterkirche Metten<\/h2><p>Wir laden sehr herzlich ein, den H\u00f6hepunkt des Kirchenjahres, die Kar- und Ostertage, mit uns zu feiern.<\/p>\n<h3><span style=\"text-decoration: underline;\">Palmsonntag, 24. M\u00e4rz:<\/span><\/h3>\n<p>Der Palmsonntag er\u00f6ffnet die Karwoche.<\/p>\n<p>Seinen Namen erhielt der Palmsonntag von dem Brauch, an diesem Tag Palmzweige zum Gottesdienst mitzubringen. Denn die Evangelien berichten, dass die Menschen Jesus zujubelten und ihm gr\u00fcne Zweige auf den Weg streuten, als er vor seinem Leiden in die Stadt Jerusalem einzog. Zum Ged\u00e4chtnis an den Einzug Jesu in Jerusalem segnen wir um <strong><span style=\"text-decoration: underline;\">9.00 Uhr im Klosterhof<\/span><\/strong> die Palmbuschen und ziehen dann mit den Zweigen in der Hand zum Gottesdienst in die Kirche. Diese &#8222;Palmprozession&#8220; d\u00fcrfen wir als ein \u00f6ffentliches Bekenntnis zu Jesus Christus verstehen.<\/p>\n<p><strong>Kirchenmusik:<br \/>\n<\/strong>Johann Sebastian Bach \u201eWir danken dir, Herr Jesu\u00a0 Christ&#8220; BSV 623<\/p>\n<h3><span style=\"text-decoration: underline;\">Gr\u00fcndonnerstag, 28. M\u00e4rz:<\/span><\/h3>\n<p>In der Abendmesse des Gr\u00fcndonnerstages um <strong><span style=\"text-decoration: underline;\">19.00 Uhr<\/span><\/strong> gedenken wir des letzten Abendmahles Jesu mit seinen J\u00fcngern und feiern die Einsetzung der heiligen Eucharistie durch Jesus.<\/p>\n<p>Nach der Predigt werden auch heuer wieder von Erzbischof em. Dr. Karl Braun aus Bamberg Mitgliedern der Pfarrgemeinde Metten die F\u00fc\u00dfe gewaschen. Die Fu\u00dfwaschung ist Ausdruck dienender Liebe, wie sie Jesus vorgelebt hat. Obwohl es ein Knechtsdienst war, hatte auch Jesus beim letzten Abendmahl den J\u00fcngern die F\u00fc\u00dfe gewaschen.<\/p>\n<p>In diesem Gottesdienst erklingen zum letzten Mal bis zur Osternacht die Glocken und die Orgel. Sie schweigen zeichenhaft an den Tagen des Leidens und Todes Jesu.<\/p>\n<p><strong>Kirchenmusik<\/strong>:<br \/>\nAnton Bruckner Messe f\u00fcr den Gr\u00fcndonnerstag<\/p>\n<p>Nach dem Gottesdienst ist <strong><span style=\"text-decoration: underline;\">Anbetungszeit<\/span><\/strong> bis Mitternacht.<\/p>\n<h3><span style=\"text-decoration: underline;\">Karfreitag, 29. M\u00e4rz:<\/span><\/h3>\n<p>Der Karfreitag ist der Ged\u00e4chtnistag der Kreuzigung und des Todes Jesu.<\/p>\n<p><strong><span style=\"text-decoration: underline;\">6.00 Uhr<\/span><\/strong> Trauermette<\/p>\n<p>Am Karfreitag und Karsamstag laden wir morgens um <strong><span style=\"text-decoration: underline;\">6.00 Uhr<\/span><\/strong> zu den <strong><span style=\"text-decoration: underline;\">Trauermetten<\/span><\/strong> in der Kirche ein. Das Wort <a href=\"http:\/\/www.kathweb.de\/front_content.php?idart=19784\">Mette<\/a> kommt vom lateinischen \u00bbmatutina\u00ab, was mit \u00bbMorgenstunde\u00ab \u00fcbersetzt werden kann. Bei dieser <a href=\"http:\/\/www.kathweb.de\/front_content.php?idart=19775\">Matutin<\/a> beten und singen wir Psalmen und biblische Texte, die ganz besonders die Geheimnisse dieser Tage ansprechen. Au\u00dferdem werden Lesungen aus der Bibel und den Kirchenv\u00e4tern vorgetragen.<\/p>\n<p>Um <strong><span style=\"text-decoration: underline;\">9.00 Uhr<\/span><\/strong> beten wir den Kreuzweg und begleiten so den Herrn hinauf nach Golgota.<\/p>\n<p>Um <strong><span style=\"text-decoration: underline;\">15 Uhr<\/span><\/strong>, der Todesstunde Jesu, versammeln wir uns in der Kirche und erinnern uns an das Leiden und Sterben Jesu am Kreuz. Die liturgische Feier besteht aus <strong><span style=\"text-decoration: underline;\">drei Teilen<\/span><\/strong>: dem Wortgottesdienst mit der Verlesung der Passionsgeschichte aus dem Johannesevangelium, der Kreuzverehrung und der Kommunionfeier.<\/p>\n<p><strong>Kirchenmusik:<br \/>\n<\/strong>Felice Anerio\u00a0\u00a0\u00a0\u00a0\u00a0\u00a0\u00a0\u00a0\u00a0\u00a0\u00a0\u00a0\u00a0\u00a0\u00a0\u00a0\u00a0\u00a0 \u00a0\u00a0\u00a0\u00a0\u00a0\u00a0\u00a0\u00a0\u00a0\u00a0\u00a0\u00a0\u201eChristus factus est&#8220;<br \/>\nWolfram Menschick\u00a0\u00a0 \u00a0\u00a0\u00a0\u00a0\u00a0\u00a0\u00a0\u00a0\u00a0\u00a0\u00a0\u00a0\u00a0\u00a0\u00a0\u00a0\u00a0\u00a0\u00a0Johannespassion<br \/>\nGiovanni Pierluigi da Palestrina\u00a0 &#8222;O crux ave&#8220;<br \/>\nMarc Antonio Ingegneri\u00a0\u00a0\u00a0\u00a0\u00a0\u00a0\u00a0\u00a0\u00a0\u00a0\u00a0\u00a0\u00a0\u00a0 &#8222;O bone Jesu&#8220;<\/p>\n<p>Das Heilige Kreuz, das auf dem Volksaltar steht, kann am Karfreitag und Karsamstag verehrt werden.<\/p>\n<h3><span style=\"text-decoration: underline;\">Karsamstag, 30. M\u00e4rz:<\/span><\/h3>\n<p><strong><span style=\"text-decoration: underline;\">6.00 Uhr<\/span><\/strong> Trauermette in der Kirche<\/p>\n<h2><span style=\"text-decoration: underline;\">Osternacht 20.00 Uhr<\/span><\/h2>\n<p>Ostern ist das Fest der Auferstehung Jesu von den Toten. Die Auferstehung Jesu wird als Sieg \u00fcber den Tod gefeiert und ist das Fundament unseres Glaubens. Mit dem Auferstehungsglauben verbinden wir Christen die Hoffnung, dass nicht der Tod, nicht L\u00fcge, Ungerechtigkeit und Hass das letzte Wort \u00fcber das Leben des Menschen haben. Die Osternacht ist darum auch eine Feier des Lebens. Ihre Liturgie besteht aus <strong><span style=\"text-decoration: underline;\">vier Teilen<\/span><\/strong>: <strong><span style=\"text-decoration: underline;\">Lichtfeier<\/span><\/strong>, <strong><span style=\"text-decoration: underline;\">Wortgottesdienst<\/span><\/strong>, <strong><span style=\"text-decoration: underline;\">Tauffeier<\/span><\/strong> und <strong><span style=\"text-decoration: underline;\">Eucharistiefeier<\/span><\/strong>.<\/p>\n<p>Bei der Lichtfeier um <strong><span style=\"text-decoration: underline;\">20.00 Uhr<\/span><\/strong> wird die brennende Osterkerze in die dunkle Kirche getragen. Sie ist das Zeichen f\u00fcr Christus als Licht der Welt. Durch sein Leben, seinen Tod und seine Auferstehung hat er Licht in die Welt gebracht und die Schatten des Todes vertrieben.<\/p>\n<p>Im Wortgottesdienst mit Lesungen aus dem Alten und Neuen Testament und dem Osterevangelium werden die Heilstaten Gottes f\u00fcr die Menschen verk\u00fcndet. Ein feierliches Loblied (Gloria) wird angestimmt, bei dem die Orgel wieder spielt und Glocken l\u00e4uten.<\/p>\n<p>In der Tauffeier wird auch dieses Jahr ein T\u00e4ufling in die Gemeinschaft der Kirche aufgenommen und beginnt ein neues Leben, dessen Grund der Tod und die Auferstehung Jesu Christi sind.<\/p>\n<p>In der Eucharistiefeier versammeln wir uns als durch Jesus Christus Gerettete, sagen Gott Dank und feiern das neue Leben in Christus.<\/p>\n<p><strong>Kirchenmusik:<br \/>\n<\/strong>Gregorianischer Choral<br \/>\nWolfram Menschick\u00a0\u00a0\u00a0\u00a0\u00a0\u00a0\u00a0\u00a0\u00a0\u00a0\u00a0\u00a0\u00a0\u00a0 Missa \u201eLux et origo&#8220;<br \/>\nJean Langlais\u00a0\u00a0\u00a0\u00a0\u00a0\u00a0\u00a0\u00a0\u00a0\u00a0\u00a0\u00a0\u00a0\u00a0\u00a0\u00a0\u00a0\u00a0\u00a0\u00a0\u00a0\u00a0\u00a0 \u00a0\u00a0Incantation pour un jour saint<br \/>\nJohann Sebastian Bach\u00a0\u00a0\u00a0\u00a0\u00a0\u00a0\u00a0\u00a0\u00a0 &#8222;Christ ist erstanden&#8220; BWV 627<br \/>\nJehan Alain\u00a0\u00a0\u00a0\u00a0\u00a0\u00a0\u00a0\u00a0\u00a0\u00a0\u00a0\u00a0\u00a0\u00a0\u00a0\u00a0\u00a0\u00a0\u00a0\u00a0\u00a0\u00a0\u00a0\u00a0\u00a0\u00a0\u00a0\u00a0 Litanies<\/p>\n<h3><span style=\"text-decoration: underline;\">Ostersonntag, 31. M\u00e4rz<\/span><\/h3>\n<p><strong><span style=\"text-decoration: underline;\">9.00 Uhr Festlicher Ostergottesdienst<\/span><\/strong><\/p>\n<p><strong>Kirchenmusik:<br \/>\n<\/strong>Gregorianischer Choral<br \/>\nJoseph Haydn\u00a0\u00a0\u00a0\u00a0\u00a0\u00a0\u00a0\u00a0\u00a0\u00a0\u00a0\u00a0\u00a0\u00a0\u00a0\u00a0\u00a0\u00a0\u00a0\u00a0\u00a0\u00a0\u00a0\u00a0 \u00a0\u00a0\u00a0\u00a0Missa brevis B-Dur \u201eOrgelsolomesse&#8220;<br \/>\nCaspar Ett\u00a0\u00a0\u00a0\u00a0\u00a0\u00a0\u00a0\u00a0\u00a0\u00a0\u00a0\u00a0\u00a0\u00a0\u00a0\u00a0\u00a0\u00a0\u00a0\u00a0\u00a0\u00a0\u00a0\u00a0\u00a0\u00a0\u00a0\u00a0\u00a0\u00a0\u00a0\u00a0\u00a0 \u201eHaec dies&#8220;<br \/>\nWolfgang Amadeus Mozart\u00a0\u00a0\u00a0\u00a0\u00a0\u00a0\u00a0 Kirchensonate C-Dur<br \/>\nJohann Sebastian Bach\u00a0\u00a0\u00a0\u00a0\u00a0\u00a0\u00a0\u00a0\u00a0\u00a0\u00a0\u00a0\u00a0\u00a0\u00a0 Praeludium D-Dur BWV 532a<\/p>\n<p>In der Osternacht und bei allen Gottesdiensten am Ostersonntag (7.45 Uhr, 9.00 Uhr, 10.30 Uhr) werden die <strong><span style=\"text-decoration: underline;\">Osterspeisen<\/span><\/strong> gesegnet.<\/p>\n<p><strong><span style=\"text-decoration: underline;\">14.30 Uhr<\/span><\/strong> Pontifikalvesper in der Kirche<\/p>\n<h3><span style=\"text-decoration: underline;\">Beichtgelegenheit:<\/span><\/h3>\n<p>Wir laden Sie sehr herzlich ein, sich durch das Sakrament der Bu\u00dfe auf Ostern vorzubereiten und einzustimmen.<br \/>\n<strong><span style=\"text-decoration: underline;\">Beichtzeiten:<br \/>\n<\/span><\/strong>Gr\u00fcndonnerstag: 17.30 Uhr bis 18.45 Uhr<br \/>\nKarfreitag: 9.00 Uhr bis 10.00 Uhr und 14.00 Uhr bis 15.00 Uhr<br \/>\nKarsamstag: 16.00 Uhr bis 17.30 Uhr<\/p>\n","protected":false},"excerpt":{"rendered":"<p>Feier der Kar- und Ostertage in der Pfarr- und Klosterkirche MettenWir laden sehr herzlich ein, den H\u00f6hepunkt des Kirchenjahres, die Kar- und Ostertage, mit uns zu feiern. Palmsonntag, 24. M\u00e4rz: Der Palmsonntag er\u00f6ffnet die Karwoche. Seinen Namen erhielt der Palmsonntag von dem Brauch, an diesem Tag Palmzweige zum Gottesdienst mitzubringen. Denn die Evangelien berichten, dass [&hellip;]<\/p>\n","protected":false},"author":5,"featured_media":0,"parent":9796,"menu_order":-223,"comment_status":"closed","ping_status":"open","template":"","meta":{"footnotes":""},"class_list":["post-4887","page","type-page","status-publish","hentry"],"_links":{"self":[{"href":"https:\/\/www.kloster-metten.com\/index.php?rest_route=\/wp\/v2\/pages\/4887","targetHints":{"allow":["GET"]}}],"collection":[{"href":"https:\/\/www.kloster-metten.com\/index.php?rest_route=\/wp\/v2\/pages"}],"about":[{"href":"https:\/\/www.kloster-metten.com\/index.php?rest_route=\/wp\/v2\/types\/page"}],"author":[{"embeddable":true,"href":"https:\/\/www.kloster-metten.com\/index.php?rest_route=\/wp\/v2\/users\/5"}],"replies":[{"embeddable":true,"href":"https:\/\/www.kloster-metten.com\/index.php?rest_route=%2Fwp%2Fv2%2Fcomments&post=4887"}],"version-history":[{"count":1,"href":"https:\/\/www.kloster-metten.com\/index.php?rest_route=\/wp\/v2\/pages\/4887\/revisions"}],"predecessor-version":[{"id":9845,"href":"https:\/\/www.kloster-metten.com\/index.php?rest_route=\/wp\/v2\/pages\/4887\/revisions\/9845"}],"up":[{"embeddable":true,"href":"https:\/\/www.kloster-metten.com\/index.php?rest_route=\/wp\/v2\/pages\/9796"}],"wp:attachment":[{"href":"https:\/\/www.kloster-metten.com\/index.php?rest_route=%2Fwp%2Fv2%2Fmedia&parent=4887"}],"curies":[{"name":"wp","href":"https:\/\/api.w.org\/{rel}","templated":true}]}}