{"id":48973,"date":"2024-12-19T20:22:40","date_gmt":"2024-12-19T19:22:40","guid":{"rendered":"https:\/\/www.kloster-metten.de\/?page_id=48973"},"modified":"2024-12-19T20:29:15","modified_gmt":"2024-12-19T19:29:15","slug":"basteln-fuer-einen-guten-zweck-weihnachtsbasar","status":"publish","type":"page","link":"https:\/\/www.kloster-metten.com\/?page_id=48973","title":{"rendered":"Basteln f\u00fcr einen guten Zweck \u2013 Weihnachtsbasar"},"content":{"rendered":"<a href=\"https:\/\/www.kloster-metten.com\/wp-content\/uploads\/2024\/12\/Weihnachtsbasar3_.jpg\"><img loading=\"lazy\" decoding=\"async\" class=\"size-medium wp-image-48975 alignnone\" title=\"Weihnachtsbasar3_\" src=\"https:\/\/www.kloster-metten.com\/wp-content\/uploads\/2024\/12\/Weihnachtsbasar3_-375x500.jpg\" alt=\"\" width=\"375\" height=\"500\" srcset=\"https:\/\/www.kloster-metten.com\/wp-content\/uploads\/2024\/12\/Weihnachtsbasar3_-375x500.jpg 375w, https:\/\/www.kloster-metten.com\/wp-content\/uploads\/2024\/12\/Weihnachtsbasar3_-768x1024.jpg 768w, https:\/\/www.kloster-metten.com\/wp-content\/uploads\/2024\/12\/Weihnachtsbasar3_.jpg 1050w\" sizes=\"auto, (max-width: 375px) 100vw, 375px\" \/><\/a><h2>Basteln f\u00fcr einen guten Zweck \u2013 Weihnachtsbasar<\/h2><p><\/p>\n<p>Wie schon in den Jahren zuvor fand sich auch am diesj\u00e4hrigen Weihnachtsbasar des St.-Michaels-Gymnasiums eine gro\u00dfe Menge von Besuchern ein. Der Tag begann mit dem Gottesdienst in der Stiftskirche, bei dem P. Erhard in seiner Predigt anhand des Lebens der Hl. Odilia auf Weihnachten einstimmte. F\u00fcr den anschlie\u00dfenden Weihnachtsbasar, dessen Erl\u00f6s wie immer f\u00fcr einen guten Zweck verwendet wird, hatten die Jugendlichen gebastelt, get\u00f6pfert, gekocht und gebacken. F\u00fcr weihnachtliche Stimmung sorgten die Streichergruppe unter Frau Kaeufl und das Blasorchester Kalliope unter der Leitung von Herrn Christoph Liebl. So fiel es den Besuchern nicht schwer, das Herz und den Geldbeutel zu \u00f6ffnen und den flei\u00dfigen jungen Leuten etwas abzukaufen. Auch eine gro\u00dfe Anzahl ehemaliger Sch\u00fcler hatte sich wieder auf den Weg nach Metten gemacht, so dass der Vormittag von zahlreichen Begegnungen gepr\u00e4gt war.<\/p>\n\r\n\t\t<style type='text\/css'>\r\n\t\t\t#gallery-1 {\r\n\t\t\t\tmargin: auto;\r\n\t\t\t}\r\n\t\t\t#gallery-1 .gallery-item {\r\n\t\t\t\tfloat: left;\r\n\t\t\t\tmargin-top: 10px;\r\n\t\t\t\ttext-align: center;\r\n\t\t\t\twidth: 33%;\r\n\t\t\t}\r\n\t\t\t#gallery-1 hr {\r\n\t\t\t\theight: 1px;\r\n\t\t\t}\r\n\t\t\t#gallery-1 .gallery-caption {\r\n\t\t\t\tmargin-left: 0;\r\n\t\t\t}\r\n\t\t\t\/* see gallery_shortcode() in wp-includes\/media.php *\/\r\n\t\t<\/style>\n\t\t<div id='gallery-1' class='gallery galleryid-48973 gallery-columns-3 gallery-size-thumbnail'><hr class='null'><dl class='gallery-item'>\r\n\t\t\t<dt class='gallery-icon landscape'>\r\n\t\t\t\t<a title=\"Weihnachtsbasar_\"  href='https:\/\/www.kloster-metten.com\/?attachment_id=48978'><img loading=\"lazy\" decoding=\"async\" width=\"170\" height=\"115\" src=\"https:\/\/www.kloster-metten.com\/wp-content\/uploads\/2024\/12\/Weihnachtsbasar_-170x115.jpg\" class=\"attachment-thumbnail size-thumbnail\" alt=\"\" \/><\/a>\r\n\t\t\t<\/dt><\/dl><dl class='gallery-item'>\r\n\t\t\t<dt class='gallery-icon landscape'>\r\n\t\t\t\t<a title=\"Weihnachtsbasar1_\"  href='https:\/\/www.kloster-metten.com\/?attachment_id=48977'><img loading=\"lazy\" decoding=\"async\" width=\"170\" height=\"115\" src=\"https:\/\/www.kloster-metten.com\/wp-content\/uploads\/2024\/12\/Weihnachtsbasar1_-170x115.jpg\" class=\"attachment-thumbnail size-thumbnail\" alt=\"\" \/><\/a>\r\n\t\t\t<\/dt><\/dl><dl class='gallery-item'>\r\n\t\t\t<dt class='gallery-icon portrait'>\r\n\t\t\t\t<a title=\"Weihnachtsbasar2_\"  href='https:\/\/www.kloster-metten.com\/?attachment_id=48976'><img loading=\"lazy\" decoding=\"async\" width=\"170\" height=\"115\" src=\"https:\/\/www.kloster-metten.com\/wp-content\/uploads\/2024\/12\/Weihnachtsbasar2_-170x115.jpg\" class=\"attachment-thumbnail size-thumbnail\" alt=\"\" \/><\/a>\r\n\t\t\t<\/dt><\/dl><br style=\"clear: both\" \/>\r\n\t\t<\/div>\n\n","protected":false},"excerpt":{"rendered":"<p>Basteln f\u00fcr einen guten Zweck \u2013 Weihnachtsbasar Wie schon in den Jahren zuvor fand sich auch am diesj\u00e4hrigen Weihnachtsbasar des St.-Michaels-Gymnasiums eine gro\u00dfe Menge von Besuchern ein. Der Tag begann mit dem Gottesdienst in der Stiftskirche, bei dem P. Erhard in seiner Predigt anhand des Lebens der Hl. Odilia auf Weihnachten einstimmte. F\u00fcr den anschlie\u00dfenden [&hellip;]<\/p>\n","protected":false},"author":5,"featured_media":0,"parent":1137,"menu_order":-339,"comment_status":"closed","ping_status":"closed","template":"","meta":{"footnotes":""},"class_list":["post-48973","page","type-page","status-publish","hentry"],"_links":{"self":[{"href":"https:\/\/www.kloster-metten.com\/index.php?rest_route=\/wp\/v2\/pages\/48973","targetHints":{"allow":["GET"]}}],"collection":[{"href":"https:\/\/www.kloster-metten.com\/index.php?rest_route=\/wp\/v2\/pages"}],"about":[{"href":"https:\/\/www.kloster-metten.com\/index.php?rest_route=\/wp\/v2\/types\/page"}],"author":[{"embeddable":true,"href":"https:\/\/www.kloster-metten.com\/index.php?rest_route=\/wp\/v2\/users\/5"}],"replies":[{"embeddable":true,"href":"https:\/\/www.kloster-metten.com\/index.php?rest_route=%2Fwp%2Fv2%2Fcomments&post=48973"}],"version-history":[{"count":2,"href":"https:\/\/www.kloster-metten.com\/index.php?rest_route=\/wp\/v2\/pages\/48973\/revisions"}],"predecessor-version":[{"id":48980,"href":"https:\/\/www.kloster-metten.com\/index.php?rest_route=\/wp\/v2\/pages\/48973\/revisions\/48980"}],"up":[{"embeddable":true,"href":"https:\/\/www.kloster-metten.com\/index.php?rest_route=\/wp\/v2\/pages\/1137"}],"wp:attachment":[{"href":"https:\/\/www.kloster-metten.com\/index.php?rest_route=%2Fwp%2Fv2%2Fmedia&parent=48973"}],"curies":[{"name":"wp","href":"https:\/\/api.w.org\/{rel}","templated":true}]}}