{"id":49019,"date":"2025-01-02T09:46:07","date_gmt":"2025-01-02T08:46:07","guid":{"rendered":"https:\/\/www.kloster-metten.de\/?page_id=49019"},"modified":"2025-01-02T09:46:07","modified_gmt":"2025-01-02T08:46:07","slug":"wiederholte-auszeichnung-als-umweltschule-2","status":"publish","type":"page","link":"https:\/\/www.kloster-metten.com\/?page_id=49019","title":{"rendered":"Wiederholte Auszeichnung als Umweltschule"},"content":{"rendered":"<a href=\"https:\/\/www.kloster-metten.com\/wp-content\/uploads\/2025\/01\/Umweltschule2024.jpg\"><img loading=\"lazy\" decoding=\"async\" class=\"size-medium wp-image-49020 alignnone\" title=\"Umweltschule2024\" src=\"https:\/\/www.kloster-metten.com\/wp-content\/uploads\/2025\/01\/Umweltschule2024-500x375.jpg\" alt=\"\" width=\"500\" height=\"375\" srcset=\"https:\/\/www.kloster-metten.com\/wp-content\/uploads\/2025\/01\/Umweltschule2024-500x375.jpg 500w, https:\/\/www.kloster-metten.com\/wp-content\/uploads\/2025\/01\/Umweltschule2024-1024x768.jpg 1024w, https:\/\/www.kloster-metten.com\/wp-content\/uploads\/2025\/01\/Umweltschule2024-768x576.jpg 768w, https:\/\/www.kloster-metten.com\/wp-content\/uploads\/2025\/01\/Umweltschule2024-1536x1152.jpg 1536w, https:\/\/www.kloster-metten.com\/wp-content\/uploads\/2025\/01\/Umweltschule2024.jpg 1613w\" sizes=\"auto, (max-width: 500px) 100vw, 500px\" \/><\/a><h2>Wiederholte Auszeichnung als Umweltschule<\/h2><p><\/p>\n<p>Auch heuer kann sich das St.-Michaels-Gymnasium wieder \u00fcber den Titel \u201eUmweltschule in Europa \u2013 Internationale Nachhaltigkeitsschule\u201d freuen. Die bew\u00e4hrten Aktionen der letzten Schuljahre, wie z.B.\u00a0 die Absp\u00fclstation am Weihnachtsbasar und am Schulfest, die M\u00fclltrennung in den Klassenzimmern und regelm\u00e4\u00dfige Treffen des Umweltrats wurden weitergef\u00fchrt. Dar\u00fcber hinaus untersuchten die Sch\u00fclerinnen und Sch\u00fcler der 11. Klassen die Energieversorgung des Gymnasiums im Hinblick auf ihre Nachhaltigkeit. Momentan beteiligt sich die Schule an der Aktion \u201eSchublade auf\u201d, bei der defekte Kugelschreiber und andere Stifte eingesammelt und recycelt werden.<\/p>\n<p>&nbsp;<\/p>\n","protected":false},"excerpt":{"rendered":"<p>Wiederholte Auszeichnung als Umweltschule Auch heuer kann sich das St.-Michaels-Gymnasium wieder \u00fcber den Titel \u201eUmweltschule in Europa \u2013 Internationale Nachhaltigkeitsschule\u201d freuen. Die bew\u00e4hrten Aktionen der letzten Schuljahre, wie z.B.\u00a0 die Absp\u00fclstation am Weihnachtsbasar und am Schulfest, die M\u00fclltrennung in den Klassenzimmern und regelm\u00e4\u00dfige Treffen des Umweltrats wurden weitergef\u00fchrt. Dar\u00fcber hinaus untersuchten die Sch\u00fclerinnen und Sch\u00fcler [&hellip;]<\/p>\n","protected":false},"author":5,"featured_media":0,"parent":1137,"menu_order":-340,"comment_status":"closed","ping_status":"closed","template":"","meta":{"footnotes":""},"class_list":["post-49019","page","type-page","status-publish","hentry"],"_links":{"self":[{"href":"https:\/\/www.kloster-metten.com\/index.php?rest_route=\/wp\/v2\/pages\/49019","targetHints":{"allow":["GET"]}}],"collection":[{"href":"https:\/\/www.kloster-metten.com\/index.php?rest_route=\/wp\/v2\/pages"}],"about":[{"href":"https:\/\/www.kloster-metten.com\/index.php?rest_route=\/wp\/v2\/types\/page"}],"author":[{"embeddable":true,"href":"https:\/\/www.kloster-metten.com\/index.php?rest_route=\/wp\/v2\/users\/5"}],"replies":[{"embeddable":true,"href":"https:\/\/www.kloster-metten.com\/index.php?rest_route=%2Fwp%2Fv2%2Fcomments&post=49019"}],"version-history":[{"count":1,"href":"https:\/\/www.kloster-metten.com\/index.php?rest_route=\/wp\/v2\/pages\/49019\/revisions"}],"predecessor-version":[{"id":49021,"href":"https:\/\/www.kloster-metten.com\/index.php?rest_route=\/wp\/v2\/pages\/49019\/revisions\/49021"}],"up":[{"embeddable":true,"href":"https:\/\/www.kloster-metten.com\/index.php?rest_route=\/wp\/v2\/pages\/1137"}],"wp:attachment":[{"href":"https:\/\/www.kloster-metten.com\/index.php?rest_route=%2Fwp%2Fv2%2Fmedia&parent=49019"}],"curies":[{"name":"wp","href":"https:\/\/api.w.org\/{rel}","templated":true}]}}