{"id":4903,"date":"2013-04-12T13:29:23","date_gmt":"2013-04-12T11:29:23","guid":{"rendered":"http:\/\/www.kloster-metten.de\/?page_id=4903"},"modified":"2016-05-16T21:42:45","modified_gmt":"2016-05-16T19:42:45","slug":"proben-fur-die-patrona-bavariae-auf-dem-bogenberg","status":"publish","type":"page","link":"https:\/\/www.kloster-metten.com\/?page_id=4903","title":{"rendered":"Proben f\u00fcr die \u201ePatrona Bavariae&#8220; auf dem Bogenberg"},"content":{"rendered":"<a href=\"https:\/\/www.kloster-metten.com\/wp-content\/uploads\/2013\/04\/bild.jpg\"><img loading=\"lazy\" decoding=\"async\" class=\"alignnone size-medium wp-image-4904\" title=\"bild\" src=\"https:\/\/www.kloster-metten.com\/wp-content\/uploads\/2013\/04\/bild-500x375.jpg\" alt=\"\" width=\"500\" height=\"375\" srcset=\"https:\/\/www.kloster-metten.com\/wp-content\/uploads\/2013\/04\/bild-500x375.jpg 500w, https:\/\/www.kloster-metten.com\/wp-content\/uploads\/2013\/04\/bild.jpg 800w\" sizes=\"auto, (max-width: 500px) 100vw, 500px\" \/><\/a><h2>Proben f\u00fcr die \u201ePatrona Bavariae&#8220; auf dem Bogenberg<\/h2><p><\/p>\n<p>2017 j\u00e4hrt es sich zum 100. Mal, dass auf Wunsch des bayerischen K\u00f6nigs Ludwigs III. der damalige Papst Benedikt XV. die Gottesmutter Maria zur \u201ePatronae Bavariae&#8220; erkl\u00e4rte und damit Bayern unter den besonderen Schutz Mariens stellte. Die bayerischen Bisch\u00f6fe haben deshalb beschlossen von 2011 bis 2017 jedes Jahr in einem anderen bayerischen (Erz-) Bistum zu einer Wallfahrt einzuladen. Am 1. Mai 2013 ist der Bogenberg in der Di\u00f6zese Regensburg das Ziel der Wallfahrer. Tausende Pilger werden zum Pontifikalgottesdienst um 16 Uhr erwartet, den Kardinal Reinhard Marx aus M\u00fcnchen und weitere Bisch\u00f6fe zelebrieren werden. Zur musikalischen Gestaltung des Pontifikalamtes um 16 Uhr sind S\u00e4ngerinnen und S\u00e4nger aus dem Dekanat Bogenberg-Pondorf eingeladen. Der gro\u00dfe Dekanatschor musiziert zusammen mit einem Blechbl\u00e4serensemble unter der Leitung von Dr. Christian Dostal (Regensburg), Joachim Schreiber (Windberg) und Christoph Liebl (Metten). Am vergangenen Mittwoch fanden sich die S\u00e4ngerinnen und S\u00e4nger aus den Pfarreien Bogen, Bogenberg, Mariaposching, Oberalteich, Oberwinkling und Pfelling mit gro\u00dfer Begeisterung zu einer ersten gemeinsamen Probe mit Christoph Liebl im Musiksaal des St.-Michaels-Gymnasiums Metten ein.<\/p>\n","protected":false},"excerpt":{"rendered":"<p>Proben f\u00fcr die \u201ePatrona Bavariae&#8220; auf dem Bogenberg 2017 j\u00e4hrt es sich zum 100. Mal, dass auf Wunsch des bayerischen K\u00f6nigs Ludwigs III. der damalige Papst Benedikt XV. die Gottesmutter Maria zur \u201ePatronae Bavariae&#8220; erkl\u00e4rte und damit Bayern unter den besonderen Schutz Mariens stellte. Die bayerischen Bisch\u00f6fe haben deshalb beschlossen von 2011 bis 2017 jedes [&hellip;]<\/p>\n","protected":false},"author":5,"featured_media":0,"parent":9796,"menu_order":-225,"comment_status":"closed","ping_status":"open","template":"","meta":{"footnotes":""},"class_list":["post-4903","page","type-page","status-publish","hentry"],"_links":{"self":[{"href":"https:\/\/www.kloster-metten.com\/index.php?rest_route=\/wp\/v2\/pages\/4903","targetHints":{"allow":["GET"]}}],"collection":[{"href":"https:\/\/www.kloster-metten.com\/index.php?rest_route=\/wp\/v2\/pages"}],"about":[{"href":"https:\/\/www.kloster-metten.com\/index.php?rest_route=\/wp\/v2\/types\/page"}],"author":[{"embeddable":true,"href":"https:\/\/www.kloster-metten.com\/index.php?rest_route=\/wp\/v2\/users\/5"}],"replies":[{"embeddable":true,"href":"https:\/\/www.kloster-metten.com\/index.php?rest_route=%2Fwp%2Fv2%2Fcomments&post=4903"}],"version-history":[{"count":1,"href":"https:\/\/www.kloster-metten.com\/index.php?rest_route=\/wp\/v2\/pages\/4903\/revisions"}],"predecessor-version":[{"id":9843,"href":"https:\/\/www.kloster-metten.com\/index.php?rest_route=\/wp\/v2\/pages\/4903\/revisions\/9843"}],"up":[{"embeddable":true,"href":"https:\/\/www.kloster-metten.com\/index.php?rest_route=\/wp\/v2\/pages\/9796"}],"wp:attachment":[{"href":"https:\/\/www.kloster-metten.com\/index.php?rest_route=%2Fwp%2Fv2%2Fmedia&parent=4903"}],"curies":[{"name":"wp","href":"https:\/\/api.w.org\/{rel}","templated":true}]}}