{"id":49032,"date":"2025-01-04T09:25:17","date_gmt":"2025-01-04T08:25:17","guid":{"rendered":"https:\/\/www.kloster-metten.de\/?page_id=49032"},"modified":"2025-01-04T09:27:05","modified_gmt":"2025-01-04T08:27:05","slug":"starke-leseleistungen-in-der-endrunde-des-vorlesewettbewerbs","status":"publish","type":"page","link":"https:\/\/www.kloster-metten.com\/?page_id=49032","title":{"rendered":"Starke Leseleistungen in der Endrunde des Vorlesewettbewerbs"},"content":{"rendered":"<h2>Starke Leseleistungen in der Endrunde des Vorlesewettbewerbs<\/h2><p>&nbsp;<\/p>\n<p><a href=\"https:\/\/www.kloster-metten.com\/wp-content\/uploads\/2025\/01\/Vorlesewettbewerb24_.jpg\"><img loading=\"lazy\" decoding=\"async\" class=\"size-medium wp-image-49033 alignnone\" title=\"Vorlesewettbewerb24_\" src=\"https:\/\/www.kloster-metten.com\/wp-content\/uploads\/2025\/01\/Vorlesewettbewerb24_-376x500.jpg\" alt=\"\" width=\"376\" height=\"500\" srcset=\"https:\/\/www.kloster-metten.com\/wp-content\/uploads\/2025\/01\/Vorlesewettbewerb24_-376x500.jpg 376w, https:\/\/www.kloster-metten.com\/wp-content\/uploads\/2025\/01\/Vorlesewettbewerb24_-771x1024.jpg 771w, https:\/\/www.kloster-metten.com\/wp-content\/uploads\/2025\/01\/Vorlesewettbewerb24_-768x1020.jpg 768w, https:\/\/www.kloster-metten.com\/wp-content\/uploads\/2025\/01\/Vorlesewettbewerb24_-1156x1536.jpg 1156w, https:\/\/www.kloster-metten.com\/wp-content\/uploads\/2025\/01\/Vorlesewettbewerb24_.jpg 1389w\" sizes=\"auto, (max-width: 376px) 100vw, 376px\" \/><\/a><\/p>\n<p>Auch in diesem Schuljahr fand am St.-Michaels-Gymnasium wieder der Vorlesewettbewerb in der 6. Jahrgangsstufe statt. F\u00fcr die Klasse 6a konnte sich Katharina Schambeck und f\u00fcr die 6b Mathilda Liebl mit dem Vorlesen eines Abschnitts aus einem selbstgew\u00e4hlten Buch qualifizieren. Bewertet wurden die Sch\u00fclerinnen und Sch\u00fcler von den eigenen Klassenkameraden und den Deutschlehrkr\u00e4ften. Vor allem auf Ausdrucksst\u00e4rke und fl\u00fcssiges Lesen wurde viel Wert gelegt. Und so konnten Katharina und Mathilda letztendlich in ihren Klassen \u00fcberzeugen.<\/p>\n<p>Beide traten im Dezember 2024 dann in einem spannenden Lesewettbewerb gegeneinander an. Vorgelesen wurde diesmal aus einem unbekannten, nicht vorbereiteten Werk, n\u00e4mlich aus dem Klassiker \u201eRico, Oskar und die Tieferschatten\u201d von Andreas Steinh\u00f6fel. \u00a0Die Jury bestand nun aus Lehrkr\u00e4ften im Fach Deutsch.<\/p>\n<p>Nachdem die beiden M\u00e4dchen am Ende exakt die gleiche Punktzahl erreichten, lie\u00dfen sie das Los entscheiden. Daher wird Mathilda Liebl ihre Schule beim Kreisentscheid vertreten. Daf\u00fcr w\u00fcnscht ihr die Schulfamilie viel Erfolg.<\/p>\n","protected":false},"excerpt":{"rendered":"<p>Starke Leseleistungen in der Endrunde des Vorlesewettbewerbs&nbsp; Auch in diesem Schuljahr fand am St.-Michaels-Gymnasium wieder der Vorlesewettbewerb in der 6. Jahrgangsstufe statt. F\u00fcr die Klasse 6a konnte sich Katharina Schambeck und f\u00fcr die 6b Mathilda Liebl mit dem Vorlesen eines Abschnitts aus einem selbstgew\u00e4hlten Buch qualifizieren. Bewertet wurden die Sch\u00fclerinnen und Sch\u00fcler von den eigenen [&hellip;]<\/p>\n","protected":false},"author":5,"featured_media":0,"parent":1137,"menu_order":-341,"comment_status":"closed","ping_status":"closed","template":"","meta":{"footnotes":""},"class_list":["post-49032","page","type-page","status-publish","hentry"],"_links":{"self":[{"href":"https:\/\/www.kloster-metten.com\/index.php?rest_route=\/wp\/v2\/pages\/49032","targetHints":{"allow":["GET"]}}],"collection":[{"href":"https:\/\/www.kloster-metten.com\/index.php?rest_route=\/wp\/v2\/pages"}],"about":[{"href":"https:\/\/www.kloster-metten.com\/index.php?rest_route=\/wp\/v2\/types\/page"}],"author":[{"embeddable":true,"href":"https:\/\/www.kloster-metten.com\/index.php?rest_route=\/wp\/v2\/users\/5"}],"replies":[{"embeddable":true,"href":"https:\/\/www.kloster-metten.com\/index.php?rest_route=%2Fwp%2Fv2%2Fcomments&post=49032"}],"version-history":[{"count":4,"href":"https:\/\/www.kloster-metten.com\/index.php?rest_route=\/wp\/v2\/pages\/49032\/revisions"}],"predecessor-version":[{"id":49037,"href":"https:\/\/www.kloster-metten.com\/index.php?rest_route=\/wp\/v2\/pages\/49032\/revisions\/49037"}],"up":[{"embeddable":true,"href":"https:\/\/www.kloster-metten.com\/index.php?rest_route=\/wp\/v2\/pages\/1137"}],"wp:attachment":[{"href":"https:\/\/www.kloster-metten.com\/index.php?rest_route=%2Fwp%2Fv2%2Fmedia&parent=49032"}],"curies":[{"name":"wp","href":"https:\/\/api.w.org\/{rel}","templated":true}]}}