{"id":49047,"date":"2025-01-12T20:23:31","date_gmt":"2025-01-12T19:23:31","guid":{"rendered":"https:\/\/www.kloster-metten.de\/?page_id=49047"},"modified":"2025-01-12T20:25:39","modified_gmt":"2025-01-12T19:25:39","slug":"politischer-diskurs-am-letzten-schultag-vor-den-weihnachtsferien-besuch-des-landtagsabgeordneten-anton-schuberl","status":"publish","type":"page","link":"https:\/\/www.kloster-metten.com\/?page_id=49047","title":{"rendered":"Politischer Diskurs am letzten Schultag vor den Weihnachtsferien \u2013 Besuch des Landtagsabgeordneten Anton Schuberl"},"content":{"rendered":"<h2>Politischer Diskurs am letzten Schultag vor den Weihnachtsferien \u2013 Besuch des Landtagsabgeordneten Anton Schuberl<\/h2><p>&nbsp;<\/p>\n<p><a href=\"https:\/\/www.kloster-metten.com\/wp-content\/uploads\/2025\/01\/Besuch-Toni-Schuber_l.jpg\"><img loading=\"lazy\" decoding=\"async\" class=\"size-medium wp-image-49048 alignnone\" title=\"Besuch Toni Schuber_l\" src=\"https:\/\/www.kloster-metten.com\/wp-content\/uploads\/2025\/01\/Besuch-Toni-Schuber_l-500x375.jpg\" alt=\"\" width=\"500\" height=\"375\" srcset=\"https:\/\/www.kloster-metten.com\/wp-content\/uploads\/2025\/01\/Besuch-Toni-Schuber_l-500x375.jpg 500w, https:\/\/www.kloster-metten.com\/wp-content\/uploads\/2025\/01\/Besuch-Toni-Schuber_l-1024x768.jpg 1024w, https:\/\/www.kloster-metten.com\/wp-content\/uploads\/2025\/01\/Besuch-Toni-Schuber_l-768x576.jpg 768w, https:\/\/www.kloster-metten.com\/wp-content\/uploads\/2025\/01\/Besuch-Toni-Schuber_l-1536x1152.jpg 1536w, https:\/\/www.kloster-metten.com\/wp-content\/uploads\/2025\/01\/Besuch-Toni-Schuber_l.jpg 1600w\" sizes=\"auto, (max-width: 500px) 100vw, 500px\" \/><\/a><\/p>\n<p>Die derzeitige politische Lage in Deutschland verursacht nicht nur bei manchen Erwachsenen, sondern auch bei Jugendlichen immer wieder Verunsicherung. Angesichts aktueller dr\u00e4ngender Fragen bot es sich an, diverse politische Aspekte einmal mit einem Berufspolitiker zu besprechen. So durften die Elftkl\u00e4ssler am letzten Schultag vor den Weihnachtsferien den Landtagsabgeordneten der Partei B\u00fcndnis 90\/Die Gr\u00fcnen Anton Schuberl an unserem Gymnasium begr\u00fc\u00dfen.<\/p>\n<p>Bereits im Vorfeld hatten sich die Jugendlichen im PuG-Unterricht via einer ausgiebigen Internetrecherche \u00fcber den Gast informiert und zahlreiche Fragen notiert. Das Spektrum reichte von Herrn Schuberls pers\u00f6nlicher Einsch\u00e4tzung zur aktuellen Bundes- und Landespolitik \u00fcber seine \u00f6ffentliche Pr\u00e4senz in den Sozialen Medien bis hin zu den ganz gro\u00dfen europ\u00e4ischen und weltpolitisch bedeutsamen Themen wie die Wiederwahl Trumps oder den Ukrainekrieg.<\/p>\n<p>Anton Schuberl erwies sich als sehr offener Gespr\u00e4chspartner, der es durch seine sympathische Art und Weise innerhalb kurzer Zeit vermochte, den Sch\u00fclern ihre Scheu zu nehmen, woraufhin sich \u2013 und das war ja das erkl\u00e4rte Ziel der Veranstaltung &#8211; ein lebhafter, abwechslungsreicher Diskurs entwickelte. Der mit seinen 41 Jahren noch recht junge Landtagsabgeordnete bewies durch deutliche und reflektierte Antworten, dass er Meinungsvielfalt und Diskussion als wesentliche Grundpfeiler unserer Demokratie nicht nur in der Theorie wertsch\u00e4tzt.<\/p>\n<p>Egal, ob man bei dem ein oder anderen Thema gleicher oder anderer Meinung war\/ist, unbestritten gaben diese zwei Schulstunden allen Mitwirkenden etliche Denkanst\u00f6\u00dfe. Allein die Tatsache, dass das Gespr\u00e4ch erst mit dem endg\u00fcltigen Unterrichtsende abbrach \u2013 besser gesagt abgebrochen werden musste, wollten die Anwesenden nicht ihren wohlverdienten Start in die Weihnachtsferien vers\u00e4umen, zeigt das Gelingen der Veranstaltung. F\u00fcr einen kr\u00e4ftigen Applaus blieb aber \u2013 zurecht \u2013 dann doch noch gen\u00fcgend Zeit.<\/p>\n","protected":false},"excerpt":{"rendered":"<p>Politischer Diskurs am letzten Schultag vor den Weihnachtsferien \u2013 Besuch des Landtagsabgeordneten Anton Schuberl&nbsp; Die derzeitige politische Lage in Deutschland verursacht nicht nur bei manchen Erwachsenen, sondern auch bei Jugendlichen immer wieder Verunsicherung. Angesichts aktueller dr\u00e4ngender Fragen bot es sich an, diverse politische Aspekte einmal mit einem Berufspolitiker zu besprechen. So durften die Elftkl\u00e4ssler am [&hellip;]<\/p>\n","protected":false},"author":5,"featured_media":0,"parent":1137,"menu_order":-343,"comment_status":"closed","ping_status":"closed","template":"","meta":{"footnotes":""},"class_list":["post-49047","page","type-page","status-publish","hentry"],"_links":{"self":[{"href":"https:\/\/www.kloster-metten.com\/index.php?rest_route=\/wp\/v2\/pages\/49047","targetHints":{"allow":["GET"]}}],"collection":[{"href":"https:\/\/www.kloster-metten.com\/index.php?rest_route=\/wp\/v2\/pages"}],"about":[{"href":"https:\/\/www.kloster-metten.com\/index.php?rest_route=\/wp\/v2\/types\/page"}],"author":[{"embeddable":true,"href":"https:\/\/www.kloster-metten.com\/index.php?rest_route=\/wp\/v2\/users\/5"}],"replies":[{"embeddable":true,"href":"https:\/\/www.kloster-metten.com\/index.php?rest_route=%2Fwp%2Fv2%2Fcomments&post=49047"}],"version-history":[{"count":2,"href":"https:\/\/www.kloster-metten.com\/index.php?rest_route=\/wp\/v2\/pages\/49047\/revisions"}],"predecessor-version":[{"id":49050,"href":"https:\/\/www.kloster-metten.com\/index.php?rest_route=\/wp\/v2\/pages\/49047\/revisions\/49050"}],"up":[{"embeddable":true,"href":"https:\/\/www.kloster-metten.com\/index.php?rest_route=\/wp\/v2\/pages\/1137"}],"wp:attachment":[{"href":"https:\/\/www.kloster-metten.com\/index.php?rest_route=%2Fwp%2Fv2%2Fmedia&parent=49047"}],"curies":[{"name":"wp","href":"https:\/\/api.w.org\/{rel}","templated":true}]}}