{"id":49052,"date":"2025-01-22T15:42:02","date_gmt":"2025-01-22T14:42:02","guid":{"rendered":"https:\/\/www.kloster-metten.de\/?page_id=49052"},"modified":"2025-01-22T15:43:36","modified_gmt":"2025-01-22T14:43:36","slug":"dies-academicus","status":"publish","type":"page","link":"https:\/\/www.kloster-metten.com\/?page_id=49052","title":{"rendered":"Dies academicus"},"content":{"rendered":"<a href=\"https:\/\/www.kloster-metten.com\/wp-content\/uploads\/2025\/01\/Dies-academicus-2_Seminar-zur-Odyssee_.jpg\"><img loading=\"lazy\" decoding=\"async\" class=\"size-medium wp-image-49053 alignnone\" title=\"Dies academicus 2_Seminar zur Odyssee_\" src=\"https:\/\/www.kloster-metten.com\/wp-content\/uploads\/2025\/01\/Dies-academicus-2_Seminar-zur-Odyssee_-500x375.jpg\" alt=\"\" width=\"500\" height=\"375\" srcset=\"https:\/\/www.kloster-metten.com\/wp-content\/uploads\/2025\/01\/Dies-academicus-2_Seminar-zur-Odyssee_-500x375.jpg 500w, https:\/\/www.kloster-metten.com\/wp-content\/uploads\/2025\/01\/Dies-academicus-2_Seminar-zur-Odyssee_-1024x768.jpg 1024w, https:\/\/www.kloster-metten.com\/wp-content\/uploads\/2025\/01\/Dies-academicus-2_Seminar-zur-Odyssee_-768x576.jpg 768w, https:\/\/www.kloster-metten.com\/wp-content\/uploads\/2025\/01\/Dies-academicus-2_Seminar-zur-Odyssee_-1536x1152.jpg 1536w, https:\/\/www.kloster-metten.com\/wp-content\/uploads\/2025\/01\/Dies-academicus-2_Seminar-zur-Odyssee_.jpg 1613w\" sizes=\"auto, (max-width: 500px) 100vw, 500px\" \/><\/a><h2>Dies academicus<\/h2><p><\/p>\n<p>Kurz vor der anstehenden Wissenschaftswoche wurde f\u00fcr die 11. Klassen unseres Gymnasiums ein \u201eDies academicus\u201d veranstaltet, bei dem die Sch\u00fclerinnen und Sch\u00fcler Einblick in wissenschaftliche Arbeitsweise bekamen. Als G\u00e4ste konnten daf\u00fcr Prof. Dr. Michael Krewet und Privatdozent Dr. Sergiusz Kazmierski vom Lehrstuhl f\u00fcr Altphilologie der Universit\u00e4t Regensburg gewonnen werden. Mit dabei war auch unsere ehemalige Sch\u00fclerin, Magdalena Rohrm\u00fcller, die den Sch\u00fclern \u00fcber die Anforderungen und die Arbeitsweise im Studium berichtete. Dabei wurden auch die universit\u00e4ren Unterrichtsformen angewandt: Zuerst erl\u00e4uterte Prof. Krewet im Rahmen einer Vorlesung, was man unter Wissen und wissenschaftlichem Vorgehen versteht. Im Anschluss daran erhielten die Sch\u00fclerinnen und Sch\u00fcler in drei Seminargruppen Einblick in wissenschaftliche Fragestellungen der Alten Sprachen. Dabei besch\u00e4ftigte sich eine Gruppe mit den j\u00fcngsten Theorien zur Interpretation der Odyssee, eine weitere mit der ethischen Komponente in Ovids Metamorphosen. Die dritte Gruppe untersuchte unter anderem, inwiefern der Spielfilm \u201eHer\u201d als Rezeption der Pygmalion-Episode aus den Metamorphosen bezeichnet werden kann. F\u00fcr die Sch\u00fclerinnen und Sch\u00fcler bot sich somit ein Einblick eine noch unbekannte Art des Lehrens und Lernens, der demn\u00e4chst in der Wissenschaftswoche vertieft wird.<\/p>\n<p><a href=\"https:\/\/www.kloster-metten.com\/wp-content\/uploads\/2025\/01\/Dies-academicus_Vortrag-von-Prof_Krewet_.jpg\"><img loading=\"lazy\" decoding=\"async\" class=\"alignleft size-medium wp-image-49054\" title=\"Dies academicus_Vortrag von Prof_Krewet_\" src=\"https:\/\/www.kloster-metten.com\/wp-content\/uploads\/2025\/01\/Dies-academicus_Vortrag-von-Prof_Krewet_-500x375.jpg\" alt=\"\" width=\"500\" height=\"375\" srcset=\"https:\/\/www.kloster-metten.com\/wp-content\/uploads\/2025\/01\/Dies-academicus_Vortrag-von-Prof_Krewet_-500x375.jpg 500w, https:\/\/www.kloster-metten.com\/wp-content\/uploads\/2025\/01\/Dies-academicus_Vortrag-von-Prof_Krewet_-1024x768.jpg 1024w, https:\/\/www.kloster-metten.com\/wp-content\/uploads\/2025\/01\/Dies-academicus_Vortrag-von-Prof_Krewet_-768x576.jpg 768w, https:\/\/www.kloster-metten.com\/wp-content\/uploads\/2025\/01\/Dies-academicus_Vortrag-von-Prof_Krewet_-1536x1152.jpg 1536w, https:\/\/www.kloster-metten.com\/wp-content\/uploads\/2025\/01\/Dies-academicus_Vortrag-von-Prof_Krewet_.jpg 1613w\" sizes=\"auto, (max-width: 500px) 100vw, 500px\" \/><\/a><\/p>\n","protected":false},"excerpt":{"rendered":"<p>Dies academicus Kurz vor der anstehenden Wissenschaftswoche wurde f\u00fcr die 11. Klassen unseres Gymnasiums ein \u201eDies academicus\u201d veranstaltet, bei dem die Sch\u00fclerinnen und Sch\u00fcler Einblick in wissenschaftliche Arbeitsweise bekamen. Als G\u00e4ste konnten daf\u00fcr Prof. Dr. Michael Krewet und Privatdozent Dr. Sergiusz Kazmierski vom Lehrstuhl f\u00fcr Altphilologie der Universit\u00e4t Regensburg gewonnen werden. Mit dabei war auch [&hellip;]<\/p>\n","protected":false},"author":5,"featured_media":0,"parent":1137,"menu_order":-344,"comment_status":"closed","ping_status":"closed","template":"","meta":{"footnotes":""},"class_list":["post-49052","page","type-page","status-publish","hentry"],"_links":{"self":[{"href":"https:\/\/www.kloster-metten.com\/index.php?rest_route=\/wp\/v2\/pages\/49052","targetHints":{"allow":["GET"]}}],"collection":[{"href":"https:\/\/www.kloster-metten.com\/index.php?rest_route=\/wp\/v2\/pages"}],"about":[{"href":"https:\/\/www.kloster-metten.com\/index.php?rest_route=\/wp\/v2\/types\/page"}],"author":[{"embeddable":true,"href":"https:\/\/www.kloster-metten.com\/index.php?rest_route=\/wp\/v2\/users\/5"}],"replies":[{"embeddable":true,"href":"https:\/\/www.kloster-metten.com\/index.php?rest_route=%2Fwp%2Fv2%2Fcomments&post=49052"}],"version-history":[{"count":1,"href":"https:\/\/www.kloster-metten.com\/index.php?rest_route=\/wp\/v2\/pages\/49052\/revisions"}],"predecessor-version":[{"id":49055,"href":"https:\/\/www.kloster-metten.com\/index.php?rest_route=\/wp\/v2\/pages\/49052\/revisions\/49055"}],"up":[{"embeddable":true,"href":"https:\/\/www.kloster-metten.com\/index.php?rest_route=\/wp\/v2\/pages\/1137"}],"wp:attachment":[{"href":"https:\/\/www.kloster-metten.com\/index.php?rest_route=%2Fwp%2Fv2%2Fmedia&parent=49052"}],"curies":[{"name":"wp","href":"https:\/\/api.w.org\/{rel}","templated":true}]}}