{"id":49058,"date":"2025-01-28T23:04:27","date_gmt":"2025-01-28T22:04:27","guid":{"rendered":"https:\/\/www.kloster-metten.de\/?page_id=49058"},"modified":"2025-01-28T23:13:21","modified_gmt":"2025-01-28T22:13:21","slug":"deutsche-schachschule","status":"publish","type":"page","link":"https:\/\/www.kloster-metten.com\/?page_id=49058","title":{"rendered":"Deutsche Schachschule"},"content":{"rendered":"<a href=\"https:\/\/www.kloster-metten.com\/wp-content\/uploads\/2025\/01\/Logo_DSS_2024_silber_.jpg\"><img loading=\"lazy\" decoding=\"async\" class=\"size-medium wp-image-49061 alignnone\" title=\"Logo_DSS_2024_silber_\" src=\"https:\/\/www.kloster-metten.com\/wp-content\/uploads\/2025\/01\/Logo_DSS_2024_silber_-500x357.jpg\" alt=\"\" width=\"500\" height=\"357\" srcset=\"https:\/\/www.kloster-metten.com\/wp-content\/uploads\/2025\/01\/Logo_DSS_2024_silber_-500x357.jpg 500w, https:\/\/www.kloster-metten.com\/wp-content\/uploads\/2025\/01\/Logo_DSS_2024_silber_-1024x731.jpg 1024w, https:\/\/www.kloster-metten.com\/wp-content\/uploads\/2025\/01\/Logo_DSS_2024_silber_-768x549.jpg 768w, https:\/\/www.kloster-metten.com\/wp-content\/uploads\/2025\/01\/Logo_DSS_2024_silber_.jpg 1400w\" sizes=\"auto, (max-width: 500px) 100vw, 500px\" \/><\/a><h2>Deutsche Schachschule<\/h2><p><br \/>\nGro\u00dfe Auszeichnung f\u00fcr die langj\u00e4hrige Schacharbeit an unserer Schule. Nach einer erfolgreichen<br \/>\nBewerbungsprozedur darf sich das St.-Michaels-Gymnasium seit dem Jahr 2024 \u201eDeutsche<br \/>\nSchachschule\u201c nennen. Der Deutsche Schachjugend e.V. hat das SMG mit diesem Qualit\u00e4tssiegel<br \/>\nausgezeichnet und damit die jahrzehntelange, kontinuierliche und erfolgreiche Arbeit von Herrn<br \/>\nReinhard H\u00fcbl gew\u00fcrdigt.<\/p>\n","protected":false},"excerpt":{"rendered":"<p>Deutsche Schachschule Gro\u00dfe Auszeichnung f\u00fcr die langj\u00e4hrige Schacharbeit an unserer Schule. Nach einer erfolgreichen Bewerbungsprozedur darf sich das St.-Michaels-Gymnasium seit dem Jahr 2024 \u201eDeutsche Schachschule\u201c nennen. Der Deutsche Schachjugend e.V. hat das SMG mit diesem Qualit\u00e4tssiegel ausgezeichnet und damit die jahrzehntelange, kontinuierliche und erfolgreiche Arbeit von Herrn Reinhard H\u00fcbl gew\u00fcrdigt.<\/p>\n","protected":false},"author":5,"featured_media":0,"parent":1137,"menu_order":-345,"comment_status":"closed","ping_status":"closed","template":"","meta":{"footnotes":""},"class_list":["post-49058","page","type-page","status-publish","hentry"],"_links":{"self":[{"href":"https:\/\/www.kloster-metten.com\/index.php?rest_route=\/wp\/v2\/pages\/49058","targetHints":{"allow":["GET"]}}],"collection":[{"href":"https:\/\/www.kloster-metten.com\/index.php?rest_route=\/wp\/v2\/pages"}],"about":[{"href":"https:\/\/www.kloster-metten.com\/index.php?rest_route=\/wp\/v2\/types\/page"}],"author":[{"embeddable":true,"href":"https:\/\/www.kloster-metten.com\/index.php?rest_route=\/wp\/v2\/users\/5"}],"replies":[{"embeddable":true,"href":"https:\/\/www.kloster-metten.com\/index.php?rest_route=%2Fwp%2Fv2%2Fcomments&post=49058"}],"version-history":[{"count":3,"href":"https:\/\/www.kloster-metten.com\/index.php?rest_route=\/wp\/v2\/pages\/49058\/revisions"}],"predecessor-version":[{"id":49063,"href":"https:\/\/www.kloster-metten.com\/index.php?rest_route=\/wp\/v2\/pages\/49058\/revisions\/49063"}],"up":[{"embeddable":true,"href":"https:\/\/www.kloster-metten.com\/index.php?rest_route=\/wp\/v2\/pages\/1137"}],"wp:attachment":[{"href":"https:\/\/www.kloster-metten.com\/index.php?rest_route=%2Fwp%2Fv2%2Fmedia&parent=49058"}],"curies":[{"name":"wp","href":"https:\/\/api.w.org\/{rel}","templated":true}]}}