{"id":49064,"date":"2025-01-31T17:40:31","date_gmt":"2025-01-31T16:40:31","guid":{"rendered":"https:\/\/www.kloster-metten.de\/?page_id=49064"},"modified":"2025-02-03T23:01:09","modified_gmt":"2025-02-03T22:01:09","slug":"49064-2","status":"publish","type":"page","link":"https:\/\/www.kloster-metten.com\/?page_id=49064","title":{"rendered":"Tag der freien Schulen"},"content":{"rendered":"<a href=\"https:\/\/www.kloster-metten.com\/wp-content\/uploads\/2025\/01\/IMG_1676_.jpg\"><img loading=\"lazy\" decoding=\"async\" class=\"size-medium wp-image-49072 alignnone\" title=\"IMG_1676_\" src=\"https:\/\/www.kloster-metten.com\/wp-content\/uploads\/2025\/01\/IMG_1676_-375x500.jpg\" alt=\"\" width=\"375\" height=\"500\" srcset=\"https:\/\/www.kloster-metten.com\/wp-content\/uploads\/2025\/01\/IMG_1676_-375x500.jpg 375w, https:\/\/www.kloster-metten.com\/wp-content\/uploads\/2025\/01\/IMG_1676_-768x1024.jpg 768w, https:\/\/www.kloster-metten.com\/wp-content\/uploads\/2025\/01\/IMG_1676_-1152x1536.jpg 1152w, https:\/\/www.kloster-metten.com\/wp-content\/uploads\/2025\/01\/IMG_1676_.jpg 1210w\" sizes=\"auto, (max-width: 375px) 100vw, 375px\" \/><\/a><h2>Tag der freien Schulen<\/h2><p><\/p>\n<p>Anl\u00e4sslich des Tags freier Schulen kam Christian Bernreiter, Bayerischer Staatsminister f\u00fcr Wohnen, Bau und Verkehr und CSU-Bezirksvorsitzender, ans St.-Michaels-Gymnasium Metten. Nach einer kurzen pers\u00f6nlichen Vorstellung gab er den Sch\u00fclerinnen und Sch\u00fclern der 11. und 12. Jahrgangsstufe interessante Einblicke in seine t\u00e4gliche Arbeit als Staatsminister. Im angenehm lockeren Erz\u00e4hlstil stellte der Volksvertreter die Chancen und Herausforderungen seines Amtes sowie seines Wirkens zwischen Ministerium und Wahlkreis dar. Dann waren die Sch\u00fclerinnen und Sch\u00fcler dran. Sie l\u00f6cherten den Minister mit Fragen zu den verschiedensten Themen. Die politischen Entwicklungen in den USA waren ebenso interessant wie die Planungen der Staatsregierung den Schienenausbau oder das Deutschlandticket betreffend. Anhand seiner ausf\u00fchrlichen Antworten merkte man, dass es Herrn Bernreiter darum ging, den jungen Menschen zu vermitteln, dass manch einfach klingende Frage oft komplexe Einflussfaktoren bzw. Auswirkungen hat.<\/p>\n\r\n\t\t<style type='text\/css'>\r\n\t\t\t#gallery-1 {\r\n\t\t\t\tmargin: auto;\r\n\t\t\t}\r\n\t\t\t#gallery-1 .gallery-item {\r\n\t\t\t\tfloat: left;\r\n\t\t\t\tmargin-top: 10px;\r\n\t\t\t\ttext-align: center;\r\n\t\t\t\twidth: 33%;\r\n\t\t\t}\r\n\t\t\t#gallery-1 hr {\r\n\t\t\t\theight: 1px;\r\n\t\t\t}\r\n\t\t\t#gallery-1 .gallery-caption {\r\n\t\t\t\tmargin-left: 0;\r\n\t\t\t}\r\n\t\t\t\/* see gallery_shortcode() in wp-includes\/media.php *\/\r\n\t\t<\/style>\n\t\t<div id='gallery-1' class='gallery galleryid-49064 gallery-columns-3 gallery-size-thumbnail'><hr class='null'><dl class='gallery-item'>\r\n\t\t\t<dt class='gallery-icon landscape'>\r\n\t\t\t\t<a title=\"IMG_1677_\"  href='https:\/\/www.kloster-metten.com\/?attachment_id=49071'><img loading=\"lazy\" decoding=\"async\" width=\"170\" height=\"115\" src=\"https:\/\/www.kloster-metten.com\/wp-content\/uploads\/2025\/01\/IMG_1677_-170x115.jpg\" class=\"attachment-thumbnail size-thumbnail\" alt=\"\" \/><\/a>\r\n\t\t\t<\/dt><\/dl><dl class='gallery-item'>\r\n\t\t\t<dt class='gallery-icon landscape'>\r\n\t\t\t\t<a title=\"IMG_1687_\"  href='https:\/\/www.kloster-metten.com\/?attachment_id=49070'><img loading=\"lazy\" decoding=\"async\" width=\"170\" height=\"115\" src=\"https:\/\/www.kloster-metten.com\/wp-content\/uploads\/2025\/01\/IMG_1687_-170x115.jpg\" class=\"attachment-thumbnail size-thumbnail\" alt=\"\" \/><\/a>\r\n\t\t\t<\/dt><\/dl><dl class='gallery-item'>\r\n\t\t\t<dt class='gallery-icon landscape'>\r\n\t\t\t\t<a title=\"IMG_1697_\"  href='https:\/\/www.kloster-metten.com\/?attachment_id=49069'><img loading=\"lazy\" decoding=\"async\" width=\"170\" height=\"115\" src=\"https:\/\/www.kloster-metten.com\/wp-content\/uploads\/2025\/01\/IMG_1697_-170x115.jpg\" class=\"attachment-thumbnail size-thumbnail\" alt=\"\" \/><\/a>\r\n\t\t\t<\/dt><\/dl><br style=\"clear: both\" \/><dl class='gallery-item'>\r\n\t\t\t<dt class='gallery-icon landscape'>\r\n\t\t\t\t<a title=\"IMG_1675_\"  href='https:\/\/www.kloster-metten.com\/?attachment_id=49073'><img loading=\"lazy\" decoding=\"async\" width=\"170\" height=\"115\" src=\"https:\/\/www.kloster-metten.com\/wp-content\/uploads\/2025\/01\/IMG_1675_-170x115.jpg\" class=\"attachment-thumbnail size-thumbnail\" alt=\"\" \/><\/a>\r\n\t\t\t<\/dt><\/dl>\r\n\t\t\t<br style='clear: both' \/>\r\n\t\t<\/div>\n\n","protected":false},"excerpt":{"rendered":"<p>Tag der freien Schulen Anl\u00e4sslich des Tags freier Schulen kam Christian Bernreiter, Bayerischer Staatsminister f\u00fcr Wohnen, Bau und Verkehr und CSU-Bezirksvorsitzender, ans St.-Michaels-Gymnasium Metten. Nach einer kurzen pers\u00f6nlichen Vorstellung gab er den Sch\u00fclerinnen und Sch\u00fclern der 11. und 12. Jahrgangsstufe interessante Einblicke in seine t\u00e4gliche Arbeit als Staatsminister. Im angenehm lockeren Erz\u00e4hlstil stellte der Volksvertreter [&hellip;]<\/p>\n","protected":false},"author":5,"featured_media":0,"parent":1137,"menu_order":-346,"comment_status":"closed","ping_status":"closed","template":"","meta":{"footnotes":""},"class_list":["post-49064","page","type-page","status-publish","hentry"],"_links":{"self":[{"href":"https:\/\/www.kloster-metten.com\/index.php?rest_route=\/wp\/v2\/pages\/49064","targetHints":{"allow":["GET"]}}],"collection":[{"href":"https:\/\/www.kloster-metten.com\/index.php?rest_route=\/wp\/v2\/pages"}],"about":[{"href":"https:\/\/www.kloster-metten.com\/index.php?rest_route=\/wp\/v2\/types\/page"}],"author":[{"embeddable":true,"href":"https:\/\/www.kloster-metten.com\/index.php?rest_route=\/wp\/v2\/users\/5"}],"replies":[{"embeddable":true,"href":"https:\/\/www.kloster-metten.com\/index.php?rest_route=%2Fwp%2Fv2%2Fcomments&post=49064"}],"version-history":[{"count":4,"href":"https:\/\/www.kloster-metten.com\/index.php?rest_route=\/wp\/v2\/pages\/49064\/revisions"}],"predecessor-version":[{"id":49081,"href":"https:\/\/www.kloster-metten.com\/index.php?rest_route=\/wp\/v2\/pages\/49064\/revisions\/49081"}],"up":[{"embeddable":true,"href":"https:\/\/www.kloster-metten.com\/index.php?rest_route=\/wp\/v2\/pages\/1137"}],"wp:attachment":[{"href":"https:\/\/www.kloster-metten.com\/index.php?rest_route=%2Fwp%2Fv2%2Fmedia&parent=49064"}],"curies":[{"name":"wp","href":"https:\/\/api.w.org\/{rel}","templated":true}]}}