{"id":49075,"date":"2025-02-03T23:00:09","date_gmt":"2025-02-03T22:00:09","guid":{"rendered":"https:\/\/www.kloster-metten.de\/?page_id=49075"},"modified":"2025-02-03T23:01:29","modified_gmt":"2025-02-03T22:01:29","slug":"handballer-des-st-michaels-gymnasiums-metten-sind-niederbayerischer-meister","status":"publish","type":"page","link":"https:\/\/www.kloster-metten.com\/?page_id=49075","title":{"rendered":"Handballer des St.-Michaels Gymnasiums Metten sind Niederbayerischer Meister"},"content":{"rendered":"<a href=\"https:\/\/www.kloster-metten.com\/wp-content\/uploads\/2025\/02\/Siegerfoto-Maedchen.jpg\"><img loading=\"lazy\" decoding=\"async\" class=\"size-medium wp-image-49078 alignnone\" title=\"Siegerfoto M\u00e4dchen\" src=\"https:\/\/www.kloster-metten.com\/wp-content\/uploads\/2025\/02\/Siegerfoto-Maedchen-500x375.jpg\" alt=\"\" width=\"500\" height=\"375\" srcset=\"https:\/\/www.kloster-metten.com\/wp-content\/uploads\/2025\/02\/Siegerfoto-Maedchen-500x375.jpg 500w, https:\/\/www.kloster-metten.com\/wp-content\/uploads\/2025\/02\/Siegerfoto-Maedchen-1024x768.jpg 1024w, https:\/\/www.kloster-metten.com\/wp-content\/uploads\/2025\/02\/Siegerfoto-Maedchen-768x576.jpg 768w, https:\/\/www.kloster-metten.com\/wp-content\/uploads\/2025\/02\/Siegerfoto-Maedchen.jpg 1080w\" sizes=\"auto, (max-width: 500px) 100vw, 500px\" \/><\/a><h2>Handballer des St.-Michaels Gymnasiums Metten sind Niederbayerischer Meister<\/h2><p><\/p>\n<p>Wieder einen gro\u00dfen Erfolg auf Bezirksebene konnten die Handballerinnen und Handballer des St.-Michaels Gymnasiums Metten verbuchen. Die Handballerinnen der Wettkampfklasse IV (U14) setzten sich in Mainburg souver\u00e4n gegen das Maristen Gymnasium Furth (21:2) sowie das Donau-Gymnasium Kelheim (14:4) durch und holten sich so die Niederbayerische Meisterschaft. Zwei Wochen sp\u00e4ter gelang den Handballern der Wettkampfklasse III (U16) in Vilsbiburg das gleiche Resultat, als sie die Gymnasien Ergolding (14:8), Furth (17:5) und Vilsbiburg (15:7) bezwangen. Beide Mannschaften vertreten nun Niederbayern bei dem S\u00fcdbayerischen Qualifikationsturnier in Unterschlei\u00dfheim bzw. F\u00fcrstenfeldbruck, in denen es gegen die Sieger aus M\u00fcnchen, Oberbayern und Schwaben um den Einzug ins Bayerische Landesfinale geht.<\/p>\n<p>Den 2. Platz und somit denkbar knapp ausgeschieden sind dagegen die Handballer der WK Jungen IV (U14), die in der Gruppenphase gegen das Gymnasium Furth 11:7 und gegen das Gymnasium Vilsbiburg 15:5 gewannen, ehe sie im Finale gegen Mainburg mit 8:11 unterlagen.<\/p>\n<p>Das Turnier der Wettkampfklasse II (U18) Jungen und M\u00e4dchen findet am 20.02. in Metten statt. Beide Teams k\u00e4mpfen somit noch in einem gut besetzten Turnier mit Mannschaften aus Deggendorf, Landshut, Furth und Mainburg um die Niederbayerische Krone.<\/p>\n\r\n\t\t<style type='text\/css'>\r\n\t\t\t#gallery-1 {\r\n\t\t\t\tmargin: auto;\r\n\t\t\t}\r\n\t\t\t#gallery-1 .gallery-item {\r\n\t\t\t\tfloat: left;\r\n\t\t\t\tmargin-top: 10px;\r\n\t\t\t\ttext-align: center;\r\n\t\t\t\twidth: 33%;\r\n\t\t\t}\r\n\t\t\t#gallery-1 hr {\r\n\t\t\t\theight: 1px;\r\n\t\t\t}\r\n\t\t\t#gallery-1 .gallery-caption {\r\n\t\t\t\tmargin-left: 0;\r\n\t\t\t}\r\n\t\t\t\/* see gallery_shortcode() in wp-includes\/media.php *\/\r\n\t\t<\/style>\n\t\t<div id='gallery-1' class='gallery galleryid-49075 gallery-columns-3 gallery-size-thumbnail'><hr class='null'><dl class='gallery-item'>\r\n\t\t\t<dt class='gallery-icon landscape'>\r\n\t\t\t\t<a title=\"Siegerfoto\"  href='https:\/\/www.kloster-metten.com\/?attachment_id=49079'><img loading=\"lazy\" decoding=\"async\" width=\"170\" height=\"115\" src=\"https:\/\/www.kloster-metten.com\/wp-content\/uploads\/2025\/02\/Siegerfoto-170x115.jpg\" class=\"attachment-thumbnail size-thumbnail\" alt=\"\" \/><\/a>\r\n\t\t\t<\/dt><\/dl><dl class='gallery-item'>\r\n\t\t\t<dt class='gallery-icon landscape'>\r\n\t\t\t\t<a title=\"Siegerfoto Jungen III_\"  href='https:\/\/www.kloster-metten.com\/?attachment_id=49077'><img loading=\"lazy\" decoding=\"async\" width=\"170\" height=\"115\" src=\"https:\/\/www.kloster-metten.com\/wp-content\/uploads\/2025\/02\/Siegerfoto-Jungen-III_-170x115.jpg\" class=\"attachment-thumbnail size-thumbnail\" alt=\"\" \/><\/a>\r\n\t\t\t<\/dt><\/dl><dl class='gallery-item'>\r\n\t\t\t<dt class='gallery-icon landscape'>\r\n\t\t\t\t<a title=\"Siegerehrung Jungen III_\"  href='https:\/\/www.kloster-metten.com\/?attachment_id=49076'><img loading=\"lazy\" decoding=\"async\" width=\"170\" height=\"115\" src=\"https:\/\/www.kloster-metten.com\/wp-content\/uploads\/2025\/02\/Siegerehrung-Jungen-III_-170x115.jpg\" class=\"attachment-thumbnail size-thumbnail\" alt=\"\" \/><\/a>\r\n\t\t\t<\/dt><\/dl><br style=\"clear: both\" \/>\r\n\t\t<\/div>\n\n","protected":false},"excerpt":{"rendered":"<p>Handballer des St.-Michaels Gymnasiums Metten sind Niederbayerischer Meister Wieder einen gro\u00dfen Erfolg auf Bezirksebene konnten die Handballerinnen und Handballer des St.-Michaels Gymnasiums Metten verbuchen. Die Handballerinnen der Wettkampfklasse IV (U14) setzten sich in Mainburg souver\u00e4n gegen das Maristen Gymnasium Furth (21:2) sowie das Donau-Gymnasium Kelheim (14:4) durch und holten sich so die Niederbayerische Meisterschaft. Zwei [&hellip;]<\/p>\n","protected":false},"author":5,"featured_media":0,"parent":1137,"menu_order":-347,"comment_status":"closed","ping_status":"closed","template":"","meta":{"footnotes":""},"class_list":["post-49075","page","type-page","status-publish","hentry"],"_links":{"self":[{"href":"https:\/\/www.kloster-metten.com\/index.php?rest_route=\/wp\/v2\/pages\/49075","targetHints":{"allow":["GET"]}}],"collection":[{"href":"https:\/\/www.kloster-metten.com\/index.php?rest_route=\/wp\/v2\/pages"}],"about":[{"href":"https:\/\/www.kloster-metten.com\/index.php?rest_route=\/wp\/v2\/types\/page"}],"author":[{"embeddable":true,"href":"https:\/\/www.kloster-metten.com\/index.php?rest_route=\/wp\/v2\/users\/5"}],"replies":[{"embeddable":true,"href":"https:\/\/www.kloster-metten.com\/index.php?rest_route=%2Fwp%2Fv2%2Fcomments&post=49075"}],"version-history":[{"count":1,"href":"https:\/\/www.kloster-metten.com\/index.php?rest_route=\/wp\/v2\/pages\/49075\/revisions"}],"predecessor-version":[{"id":49080,"href":"https:\/\/www.kloster-metten.com\/index.php?rest_route=\/wp\/v2\/pages\/49075\/revisions\/49080"}],"up":[{"embeddable":true,"href":"https:\/\/www.kloster-metten.com\/index.php?rest_route=\/wp\/v2\/pages\/1137"}],"wp:attachment":[{"href":"https:\/\/www.kloster-metten.com\/index.php?rest_route=%2Fwp%2Fv2%2Fmedia&parent=49075"}],"curies":[{"name":"wp","href":"https:\/\/api.w.org\/{rel}","templated":true}]}}