{"id":49099,"date":"2025-02-19T22:54:35","date_gmt":"2025-02-19T21:54:35","guid":{"rendered":"https:\/\/www.kloster-metten.de\/?page_id=49099"},"modified":"2025-02-19T22:54:35","modified_gmt":"2025-02-19T21:54:35","slug":"dritter-platz-bei-niederbayerischer-meisterschaft-im-schach","status":"publish","type":"page","link":"https:\/\/www.kloster-metten.com\/?page_id=49099","title":{"rendered":"Dritter Platz bei niederbayerischer Meisterschaft im Schach"},"content":{"rendered":"<a href=\"https:\/\/www.kloster-metten.com\/wp-content\/uploads\/2025\/02\/Mueller_Schulschachmeisterschaft_1_.jpg\"><img loading=\"lazy\" decoding=\"async\" class=\"size-medium wp-image-49096 alignnone\" title=\"M\u00fcller_Schulschachmeisterschaft_1_\" src=\"https:\/\/www.kloster-metten.com\/wp-content\/uploads\/2025\/02\/Mueller_Schulschachmeisterschaft_1_-500x375.jpg\" alt=\"\" width=\"500\" height=\"375\" srcset=\"https:\/\/www.kloster-metten.com\/wp-content\/uploads\/2025\/02\/Mueller_Schulschachmeisterschaft_1_-500x375.jpg 500w, https:\/\/www.kloster-metten.com\/wp-content\/uploads\/2025\/02\/Mueller_Schulschachmeisterschaft_1_-1024x768.jpg 1024w, https:\/\/www.kloster-metten.com\/wp-content\/uploads\/2025\/02\/Mueller_Schulschachmeisterschaft_1_-768x576.jpg 768w, https:\/\/www.kloster-metten.com\/wp-content\/uploads\/2025\/02\/Mueller_Schulschachmeisterschaft_1_.jpg 1224w\" sizes=\"auto, (max-width: 500px) 100vw, 500px\" \/><\/a><h2>Dritter Platz bei niederbayerischer Meisterschaft im Schach<\/h2><p><\/p>\n<p>Erneut gro\u00dfer Erfolg f\u00fcr die Schachgruppe unseres Gymnasiums. Bei den niederbayerischen Schulschachmeisterschaften 2025 in Dingolfing konnte unsere Mannschaft der Altersklasse WK III bestehend aus Maximilian Zeiser (9b), Alessandro Wei\u00df (9b), Korbinian Breu (9b) und Manuel Dobler (8b) f\u00fcnf von sieben Spielrunden siegreich gestalten und musste nur eine einzige Niederlage gegen den sp\u00e4teren Sieger hinnehmen. Damit konnte man sich einen hervorragenden dritten Platz unter insgesamt 21 Mannschaften sichern.<\/p>\n<p>Ingesamt war unsere Schule in diesem Jahr mit vier Mannschaften in den verschiedenen Altersklassen wieder stark am Brett vertreten, wobei alle Spielerinnen und Spieler eine sehr ansprechende Leistung zeigten. Insbesondere unsere Nachwuchsspieler der 5. Klassen, welche zum ersten Mal bei einem so gro\u00dfen Turnier dabei waren, konnten viele wertvolle Turniererfahrungen sammeln und erste Erfolgserlebnisse verbuchen.<\/p>\n","protected":false},"excerpt":{"rendered":"<p>Dritter Platz bei niederbayerischer Meisterschaft im Schach Erneut gro\u00dfer Erfolg f\u00fcr die Schachgruppe unseres Gymnasiums. Bei den niederbayerischen Schulschachmeisterschaften 2025 in Dingolfing konnte unsere Mannschaft der Altersklasse WK III bestehend aus Maximilian Zeiser (9b), Alessandro Wei\u00df (9b), Korbinian Breu (9b) und Manuel Dobler (8b) f\u00fcnf von sieben Spielrunden siegreich gestalten und musste nur eine einzige [&hellip;]<\/p>\n","protected":false},"author":5,"featured_media":0,"parent":1137,"menu_order":-349,"comment_status":"closed","ping_status":"closed","template":"","meta":{"footnotes":""},"class_list":["post-49099","page","type-page","status-publish","hentry"],"_links":{"self":[{"href":"https:\/\/www.kloster-metten.com\/index.php?rest_route=\/wp\/v2\/pages\/49099","targetHints":{"allow":["GET"]}}],"collection":[{"href":"https:\/\/www.kloster-metten.com\/index.php?rest_route=\/wp\/v2\/pages"}],"about":[{"href":"https:\/\/www.kloster-metten.com\/index.php?rest_route=\/wp\/v2\/types\/page"}],"author":[{"embeddable":true,"href":"https:\/\/www.kloster-metten.com\/index.php?rest_route=\/wp\/v2\/users\/5"}],"replies":[{"embeddable":true,"href":"https:\/\/www.kloster-metten.com\/index.php?rest_route=%2Fwp%2Fv2%2Fcomments&post=49099"}],"version-history":[{"count":1,"href":"https:\/\/www.kloster-metten.com\/index.php?rest_route=\/wp\/v2\/pages\/49099\/revisions"}],"predecessor-version":[{"id":49100,"href":"https:\/\/www.kloster-metten.com\/index.php?rest_route=\/wp\/v2\/pages\/49099\/revisions\/49100"}],"up":[{"embeddable":true,"href":"https:\/\/www.kloster-metten.com\/index.php?rest_route=\/wp\/v2\/pages\/1137"}],"wp:attachment":[{"href":"https:\/\/www.kloster-metten.com\/index.php?rest_route=%2Fwp%2Fv2%2Fmedia&parent=49099"}],"curies":[{"name":"wp","href":"https:\/\/api.w.org\/{rel}","templated":true}]}}