{"id":49109,"date":"2025-03-01T08:20:26","date_gmt":"2025-03-01T07:20:26","guid":{"rendered":"https:\/\/www.kloster-metten.de\/?page_id=49109"},"modified":"2025-03-01T08:46:03","modified_gmt":"2025-03-01T07:46:03","slug":"gott-laesst-einen-immer-gewinnen","status":"publish","type":"page","link":"https:\/\/www.kloster-metten.com\/?page_id=49109","title":{"rendered":"\u201eGott l\u00e4sst einen immer gewinnen!\u201d"},"content":{"rendered":"<a href=\"https:\/\/www.kloster-metten.com\/wp-content\/uploads\/2025\/03\/20250220_194538_.jpg\"><img loading=\"lazy\" decoding=\"async\" class=\"size-medium wp-image-49114 alignnone\" title=\"20250220_194538_\" src=\"https:\/\/www.kloster-metten.com\/wp-content\/uploads\/2025\/03\/20250220_194538_-375x500.jpg\" alt=\"\" width=\"375\" height=\"500\" srcset=\"https:\/\/www.kloster-metten.com\/wp-content\/uploads\/2025\/03\/20250220_194538_-375x500.jpg 375w, https:\/\/www.kloster-metten.com\/wp-content\/uploads\/2025\/03\/20250220_194538_-768x1024.jpg 768w, https:\/\/www.kloster-metten.com\/wp-content\/uploads\/2025\/03\/20250220_194538_-1152x1536.jpg 1152w, https:\/\/www.kloster-metten.com\/wp-content\/uploads\/2025\/03\/20250220_194538_.jpg 1350w\" sizes=\"auto, (max-width: 375px) 100vw, 375px\" \/><\/a><h2>\u201eGott l\u00e4sst einen immer gewinnen!\u201d<\/h2><p><\/p>\n<p>Lehrer des St.-Michaels-Gymnasiums begeistern beim Lehrertheater \u2013 zwei Auff\u00fchrungen vor vollem Haus<\/p>\n<p>Metten. Nach einer l\u00e4ngeren Pause gab es k\u00fcrzlich eine Neuauflage des Lehrertheaters am Mettener St.-Michaels-Gymnasium. Abt Athanasius Berggold \u00fcbernahm, wie schon bei fr\u00fcheren Saisonen, die Regie. Zur Auff\u00fchrung kam das St\u00fcck \u201eNicht nach seinem Geschmack\u201d nach der Kom\u00f6die \u201eAch du lieber Gott!\u201d von Cornelia Willinger. Die Schulturnhalle des Gymnasiums war bei beiden Auff\u00fchrungen vollgef\u00fcllt, als der Regisseur zur Begr\u00fc\u00dfung auf die B\u00fchne schritt. In seinen einf\u00fchrenden Worten zeigte Abt Athanasius die Begegnung mit Gott auf. Er fragte das Publikum, ob schon mal jemand mit Gott gestritten habe. \u201eWer mit Gott streitet, der verliert nie! Gott l\u00e4sst einen immer gewinnen!\u201d, so die Erkenntnis von Abt Athanasius. Das St\u00fcck berichtet von der Begegnung mit Gott auf sehr humorvolle Weise und zeigt den Weg einer jungen Frau ins Kloster. Dass dieser Weg, gerade in der heutigen Zeit kein leichter ist, beweisen die Akteure im St\u00fcck. Doch am Ende findet vieles eine unerwartete Wendung. Elli, die Tochter des ber\u00fchmten Sternekochs Rudolf Bartombe, entdeckt f\u00fcr sich den Weg ins Kloster. Der Sternekoch, bei dem eine gro\u00dfe Kluft zwischen dem erfolgreichen Berufs- und dem desolaten Privatleben herrscht, will die Entscheidung der Tochter nicht akzeptieren. Der geschiedene Vater macht sich also auf, um seiner Tochter ins Kloster zu folgen und sie davon zu \u00fcberzeugen, einen anderen Lebensweg einzuschlagen. Er mietet sich anfangs unter falschem Namen im Frauenkloster als Seminargast ein. Bartombe erf\u00e4hrt, dass seine Tochter bereits kurz vor der Profess steht. Dies will er unter allen Umst\u00e4nden verhindern. Im Kloster trifft der Sternekoch nicht nur auf die resoluten Schwestern, die Oberin Schwester M. Gudrun Scheubert und Schwester M. Veronique Zimmermaier, <a href=\"https:\/\/www.kloster-metten.com\/wp-content\/uploads\/2025\/03\/20250220_194453_.jpg\"><img loading=\"lazy\" decoding=\"async\" class=\"wp-image-49115 alignleft\" title=\"20250220_194453_\" src=\"https:\/\/www.kloster-metten.com\/wp-content\/uploads\/2025\/03\/20250220_194453_-375x500.jpg\" alt=\"\" width=\"260\" height=\"347\" srcset=\"https:\/\/www.kloster-metten.com\/wp-content\/uploads\/2025\/03\/20250220_194453_-375x500.jpg 375w, https:\/\/www.kloster-metten.com\/wp-content\/uploads\/2025\/03\/20250220_194453_-768x1024.jpg 768w, https:\/\/www.kloster-metten.com\/wp-content\/uploads\/2025\/03\/20250220_194453_-1152x1536.jpg 1152w, https:\/\/www.kloster-metten.com\/wp-content\/uploads\/2025\/03\/20250220_194453_.jpg 1212w\" sizes=\"auto, (max-width: 260px) 100vw, 260px\" \/><\/a>die viele Jahre in Frankreich in einem Kloster t\u00e4tig war, sondern er entdeckt auch seine geschiedene Frau Martina, die dort die Klosterk\u00fcche leitet und deren neuen Partner, den gutaussehenden Metzgermeister Michi Fr\u00f6bian. Der Sternekoch fasst einen grandiosen Plan. Er holt sich seinen gewitzten Assistenten Gerald Scharfski an die Seite und es beginnt ein Kampf gegen keinen geringeren als den \u201eLieben Gott\u201c h\u00f6chstpers\u00f6nlich. Bartombe kommt schnell zu der Einsicht, dass man dem Frauenkloster helfen m\u00fcsse. Er, ein Gewinnertyp durch und durch, punktet mit seinen Ideen auf ganzer Linie. Er verhilft dem unbek\u00f6mmlichen Klosterbier mit einem Trick zu mehr Absatz, holt sogar die bayerische Staatsregierung ins Kloster und findet heraus, dass der Metzgermeister eigene Pl\u00e4ne mit dem Kloster verfolgt. <a href=\"https:\/\/www.kloster-metten.com\/wp-content\/uploads\/2025\/03\/20250220_205451_.jpg\"><img loading=\"lazy\" decoding=\"async\" class=\"wp-image-49112 aligncenter\" title=\"20250220_205451_\" src=\"https:\/\/www.kloster-metten.com\/wp-content\/uploads\/2025\/03\/20250220_205451_-500x375.jpg\" alt=\"\" width=\"358\" height=\"268\" srcset=\"https:\/\/www.kloster-metten.com\/wp-content\/uploads\/2025\/03\/20250220_205451_-500x375.jpg 500w, https:\/\/www.kloster-metten.com\/wp-content\/uploads\/2025\/03\/20250220_205451_-1024x768.jpg 1024w, https:\/\/www.kloster-metten.com\/wp-content\/uploads\/2025\/03\/20250220_205451_-768x576.jpg 768w, https:\/\/www.kloster-metten.com\/wp-content\/uploads\/2025\/03\/20250220_205451_.jpg 1476w\" sizes=\"auto, (max-width: 358px) 100vw, 358px\" \/><\/a>Einen der zahlreichen H\u00f6hepunkte im St\u00fcck bildeten die \u201eNew House Swings\u201d. Eine sechsk\u00f6pfige Jungentruppe, die mit viel Schwung bei einer Tanzeinlage das Kloster zum Beben brachte. Am Ende gibt es viele Gewinner. <a href=\"https:\/\/www.kloster-metten.com\/wp-content\/uploads\/2025\/03\/20250220_212032_.jpg\"><img loading=\"lazy\" decoding=\"async\" class=\"wp-image-49111 alignright\" title=\"20250220_212032_\" src=\"https:\/\/www.kloster-metten.com\/wp-content\/uploads\/2025\/03\/20250220_212032_-500x375.jpg\" alt=\"\" width=\"374\" height=\"280\" srcset=\"https:\/\/www.kloster-metten.com\/wp-content\/uploads\/2025\/03\/20250220_212032_-500x375.jpg 500w, https:\/\/www.kloster-metten.com\/wp-content\/uploads\/2025\/03\/20250220_212032_-1024x768.jpg 1024w, https:\/\/www.kloster-metten.com\/wp-content\/uploads\/2025\/03\/20250220_212032_-768x576.jpg 768w, https:\/\/www.kloster-metten.com\/wp-content\/uploads\/2025\/03\/20250220_212032_-1536x1152.jpg 1536w, https:\/\/www.kloster-metten.com\/wp-content\/uploads\/2025\/03\/20250220_212032_.jpg 1600w\" sizes=\"auto, (max-width: 374px) 100vw, 374px\" \/><\/a>Das Kloster erlebt einen Aufschwung, die Seminare sind \u00fcber l\u00e4ngere Zeit restlos ausgebucht, Martina und Bartombe finden wieder zueinander und die Tochter der beiden findet ihren Weg zu Gott und bleibt bei den Klosterschwestern. Zuletzt hat der Regisseur mit seiner Ank\u00fcndigung vollends recht: \u201eGott l\u00e4sst einen immer gewinnen!\u201d Neben Schulleiter Sebastian Liebl, der in seiner Rolle als barocker Sternekoch brillierte, gab Susanne Schwarz dessen Ehefrau Martina und Lisa-Marie Reischl deren Tochter. Beide Damen verstanden es, ihre Rollen mit Bravur darzustellen. Den Konvent bildeten Beate Scheubeck und Diana Burghart. Letztere lie\u00df gekonnt mit ihrem franz\u00f6sischen Akzent durchblicken, dass sie auch im Unterricht der franz\u00f6sischen Sprache m\u00e4chtig ist. Die Oberin, brillant von Beate Scheubeck dargestellt, hatte die Lacher auf ihrer Seite. Gerald Scharfski wurde gekonnt von Michael Seibold gemimt und den Metzgermeister gab Alexander Nopper in talentierter Weise. Im Hintergrund wirkten mehrere Sch\u00fclerinnen und Sch\u00fcler des Gymnasiums mit, sorgten f\u00fcr die B\u00fchnentechnik, das B\u00fchnenbild und die Maske. Am Ende holte Regisseur Abt Athanasius Berggold alle Beteiligten vor und hinter den Kulissen nochmals auf die B\u00fchne. Das Publikum dankte f\u00fcr die launigen Stunden mit viel Applaus. Nach der l\u00e4ngeren Pause ist mit dem ausgew\u00e4hlten St\u00fcck und der Rollenbesetzung ein gelungener Start gegl\u00fcckt. Es bleibt zu hoffen, dass es auch im n\u00e4chsten Jahr wieder ein Lehrertheater am Gymnasium gibt.<\/p>\n\r\n\t\t<style type='text\/css'>\r\n\t\t\t#gallery-1 {\r\n\t\t\t\tmargin: auto;\r\n\t\t\t}\r\n\t\t\t#gallery-1 .gallery-item {\r\n\t\t\t\tfloat: left;\r\n\t\t\t\tmargin-top: 10px;\r\n\t\t\t\ttext-align: center;\r\n\t\t\t\twidth: 33%;\r\n\t\t\t}\r\n\t\t\t#gallery-1 hr {\r\n\t\t\t\theight: 1px;\r\n\t\t\t}\r\n\t\t\t#gallery-1 .gallery-caption {\r\n\t\t\t\tmargin-left: 0;\r\n\t\t\t}\r\n\t\t\t\/* see gallery_shortcode() in wp-includes\/media.php *\/\r\n\t\t<\/style>\n\t\t<div id='gallery-1' class='gallery galleryid-49109 gallery-columns-3 gallery-size-thumbnail'><hr class='null'><dl class='gallery-item'>\r\n\t\t\t<dt class='gallery-icon landscape'>\r\n\t\t\t\t<a title=\"20250220_191640_\"  href='https:\/\/www.kloster-metten.com\/?attachment_id=49117'><img loading=\"lazy\" decoding=\"async\" width=\"170\" height=\"115\" src=\"https:\/\/www.kloster-metten.com\/wp-content\/uploads\/2025\/03\/20250220_191640_-170x115.jpg\" class=\"attachment-thumbnail size-thumbnail\" alt=\"\" \/><\/a>\r\n\t\t\t<\/dt><\/dl><dl class='gallery-item'>\r\n\t\t\t<dt class='gallery-icon portrait'>\r\n\t\t\t\t<a title=\"20250220_192657_\"  href='https:\/\/www.kloster-metten.com\/?attachment_id=49116'><img loading=\"lazy\" decoding=\"async\" width=\"170\" height=\"115\" src=\"https:\/\/www.kloster-metten.com\/wp-content\/uploads\/2025\/03\/20250220_192657_-170x115.jpg\" class=\"attachment-thumbnail size-thumbnail\" alt=\"\" \/><\/a>\r\n\t\t\t<\/dt><\/dl><dl class='gallery-item'>\r\n\t\t\t<dt class='gallery-icon landscape'>\r\n\t\t\t\t<a title=\"20250220_200608_\"  href='https:\/\/www.kloster-metten.com\/?attachment_id=49113'><img loading=\"lazy\" decoding=\"async\" width=\"170\" height=\"115\" src=\"https:\/\/www.kloster-metten.com\/wp-content\/uploads\/2025\/03\/20250220_200608_-170x115.jpg\" class=\"attachment-thumbnail size-thumbnail\" alt=\"\" \/><\/a>\r\n\t\t\t<\/dt><\/dl><br style=\"clear: both\" \/>\r\n\t\t<\/div>\n\n<p>&nbsp;<\/p>\n<p>&nbsp;<\/p>\n<p>&nbsp;<\/p>\n","protected":false},"excerpt":{"rendered":"<p>\u201eGott l\u00e4sst einen immer gewinnen!\u201d Lehrer des St.-Michaels-Gymnasiums begeistern beim Lehrertheater \u2013 zwei Auff\u00fchrungen vor vollem Haus Metten. Nach einer l\u00e4ngeren Pause gab es k\u00fcrzlich eine Neuauflage des Lehrertheaters am Mettener St.-Michaels-Gymnasium. Abt Athanasius Berggold \u00fcbernahm, wie schon bei fr\u00fcheren Saisonen, die Regie. Zur Auff\u00fchrung kam das St\u00fcck \u201eNicht nach seinem Geschmack\u201d nach der Kom\u00f6die [&hellip;]<\/p>\n","protected":false},"author":5,"featured_media":0,"parent":1137,"menu_order":-350,"comment_status":"closed","ping_status":"closed","template":"","meta":{"footnotes":""},"class_list":["post-49109","page","type-page","status-publish","hentry"],"_links":{"self":[{"href":"https:\/\/www.kloster-metten.com\/index.php?rest_route=\/wp\/v2\/pages\/49109","targetHints":{"allow":["GET"]}}],"collection":[{"href":"https:\/\/www.kloster-metten.com\/index.php?rest_route=\/wp\/v2\/pages"}],"about":[{"href":"https:\/\/www.kloster-metten.com\/index.php?rest_route=\/wp\/v2\/types\/page"}],"author":[{"embeddable":true,"href":"https:\/\/www.kloster-metten.com\/index.php?rest_route=\/wp\/v2\/users\/5"}],"replies":[{"embeddable":true,"href":"https:\/\/www.kloster-metten.com\/index.php?rest_route=%2Fwp%2Fv2%2Fcomments&post=49109"}],"version-history":[{"count":6,"href":"https:\/\/www.kloster-metten.com\/index.php?rest_route=\/wp\/v2\/pages\/49109\/revisions"}],"predecessor-version":[{"id":49123,"href":"https:\/\/www.kloster-metten.com\/index.php?rest_route=\/wp\/v2\/pages\/49109\/revisions\/49123"}],"up":[{"embeddable":true,"href":"https:\/\/www.kloster-metten.com\/index.php?rest_route=\/wp\/v2\/pages\/1137"}],"wp:attachment":[{"href":"https:\/\/www.kloster-metten.com\/index.php?rest_route=%2Fwp%2Fv2%2Fmedia&parent=49109"}],"curies":[{"name":"wp","href":"https:\/\/api.w.org\/{rel}","templated":true}]}}