{"id":49125,"date":"2025-03-06T19:27:44","date_gmt":"2025-03-06T18:27:44","guid":{"rendered":"https:\/\/www.kloster-metten.de\/?page_id=49125"},"modified":"2025-03-06T19:30:04","modified_gmt":"2025-03-06T18:30:04","slug":"juniorwahlen-am-st-michaels-gymnasium-demokratie-erleben","status":"publish","type":"page","link":"https:\/\/www.kloster-metten.com\/?page_id=49125","title":{"rendered":"Juniorwahlen am St.-Michaels-Gymnasium: Demokratie erleben"},"content":{"rendered":"<a href=\"https:\/\/www.kloster-metten.com\/wp-content\/uploads\/2025\/03\/Juniorwahl2025.jpg\"><img loading=\"lazy\" decoding=\"async\" class=\"size-medium wp-image-49127 alignnone\" title=\"Juniorwahl2025\" src=\"https:\/\/www.kloster-metten.com\/wp-content\/uploads\/2025\/03\/Juniorwahl2025-500x375.jpg\" alt=\"\" width=\"500\" height=\"375\" srcset=\"https:\/\/www.kloster-metten.com\/wp-content\/uploads\/2025\/03\/Juniorwahl2025-500x375.jpg 500w, https:\/\/www.kloster-metten.com\/wp-content\/uploads\/2025\/03\/Juniorwahl2025-1024x768.jpg 1024w, https:\/\/www.kloster-metten.com\/wp-content\/uploads\/2025\/03\/Juniorwahl2025-768x576.jpg 768w, https:\/\/www.kloster-metten.com\/wp-content\/uploads\/2025\/03\/Juniorwahl2025-1536x1152.jpg 1536w, https:\/\/www.kloster-metten.com\/wp-content\/uploads\/2025\/03\/Juniorwahl2025.jpg 1600w\" sizes=\"auto, (max-width: 500px) 100vw, 500px\" \/><\/a><h2>Juniorwahlen am St.-Michaels-Gymnasium: Demokratie erleben<\/h2><p><\/p>\n<p>Ran an die Wahlurnen hie\u00df es f\u00fcr alle 10.-12. Klassen am 14.02.2025: Gut eine Woche vor der offiziellen Bundestagswahl durften unsere Sch\u00fclerinnen und Sch\u00fcler sich in ihrer demokratischen Mitwirkung \u00fcben und ihre Stimme bei den Juniorwahlen abgeben. Einige Tage vorher wurde im Politikunterricht nochmals f\u00fcr alle Beteiligten das Wahlrecht wiederholt, das sich ja dank der Reform vor zwei Jahren doch in einigen Aspekten ge\u00e4ndert hat.<\/p>\n<p><em>Unver\u00e4ndert blieb aber, dass der Wahlmodus zum einen nicht ganz einfach zu durchblicken ist und man sich zudem bei der Wahl bewusst sein muss, dass entgegen der Nummerierung die <strong>Zweit<\/strong>stimme die wesentliche Stimme ist, da diese die Mehrheitsverh\u00e4ltnisse des Parlaments bestimmt. <\/em><\/p>\n<p>Organisiert und begleitet von ihren Politiklehrern waren die Sch\u00fclerinnen und Sch\u00fcler aber nicht nur die Stimmenabgebenden, sondern gleichzeitig auch Ausf\u00fchrende dieser Wahlen, da sie in Gruppen als Wahlhelfer und dem Ausz\u00e4hlungsteam zugeteilt waren. Mit einer Beteiligung von fast 96% \u00fcbertrafen Mettener Sch\u00fcler den Wahleifer der Bundesb\u00fcrger (obgleich dieser Gott sei Dank ja auch steigend ist) bei Weitem und wahrscheinlich war auch die fr\u00f6hliche Stimmung im Wahlraum um einiges ausgelassener als in den offiziellen Wahlr\u00e4umen eine Woche sp\u00e4ter.<\/p>\n<p>Dass die Beteiligung an Wahlen als \u201eKernrecht der Demokratie\u201d (Johannes Rau, ehem. Bundespr\u00e4sident) gilt und deshalb das Fundament unserer, in der deutschen Geschichte hart erk\u00e4mpften, Volkssouver\u00e4nit\u00e4t ist, kann nicht fr\u00fch und oft genug bewusst gemacht werden.<\/p>\n<p>Die Juniorwahl ist ein wichtiger Schritt, um das Bewusstsein f\u00fcr demokratische Prozesse zu f\u00f6rdern, in der Hoffnung, dass die Jugendlichen ihre hohe Wahlbereitschaft mit der Vollj\u00e4hrigkeit dann auch weiterhin so engagiert aus\u00fcben und ihre aktive Partizipation an unserer Demokratie wertsch\u00e4tzen und deshalb wahrnehmen.<\/p>\n","protected":false},"excerpt":{"rendered":"<p>Juniorwahlen am St.-Michaels-Gymnasium: Demokratie erleben Ran an die Wahlurnen hie\u00df es f\u00fcr alle 10.-12. Klassen am 14.02.2025: Gut eine Woche vor der offiziellen Bundestagswahl durften unsere Sch\u00fclerinnen und Sch\u00fcler sich in ihrer demokratischen Mitwirkung \u00fcben und ihre Stimme bei den Juniorwahlen abgeben. Einige Tage vorher wurde im Politikunterricht nochmals f\u00fcr alle Beteiligten das Wahlrecht wiederholt, [&hellip;]<\/p>\n","protected":false},"author":5,"featured_media":0,"parent":1137,"menu_order":-351,"comment_status":"closed","ping_status":"closed","template":"","meta":{"footnotes":""},"class_list":["post-49125","page","type-page","status-publish","hentry"],"_links":{"self":[{"href":"https:\/\/www.kloster-metten.com\/index.php?rest_route=\/wp\/v2\/pages\/49125","targetHints":{"allow":["GET"]}}],"collection":[{"href":"https:\/\/www.kloster-metten.com\/index.php?rest_route=\/wp\/v2\/pages"}],"about":[{"href":"https:\/\/www.kloster-metten.com\/index.php?rest_route=\/wp\/v2\/types\/page"}],"author":[{"embeddable":true,"href":"https:\/\/www.kloster-metten.com\/index.php?rest_route=\/wp\/v2\/users\/5"}],"replies":[{"embeddable":true,"href":"https:\/\/www.kloster-metten.com\/index.php?rest_route=%2Fwp%2Fv2%2Fcomments&post=49125"}],"version-history":[{"count":3,"href":"https:\/\/www.kloster-metten.com\/index.php?rest_route=\/wp\/v2\/pages\/49125\/revisions"}],"predecessor-version":[{"id":49129,"href":"https:\/\/www.kloster-metten.com\/index.php?rest_route=\/wp\/v2\/pages\/49125\/revisions\/49129"}],"up":[{"embeddable":true,"href":"https:\/\/www.kloster-metten.com\/index.php?rest_route=\/wp\/v2\/pages\/1137"}],"wp:attachment":[{"href":"https:\/\/www.kloster-metten.com\/index.php?rest_route=%2Fwp%2Fv2%2Fmedia&parent=49125"}],"curies":[{"name":"wp","href":"https:\/\/api.w.org\/{rel}","templated":true}]}}