{"id":49142,"date":"2025-03-14T09:08:47","date_gmt":"2025-03-14T08:08:47","guid":{"rendered":"https:\/\/www.kloster-metten.de\/?page_id=49142"},"modified":"2025-03-14T09:08:47","modified_gmt":"2025-03-14T08:08:47","slug":"mettener-handballer-sind-bayerische-meister","status":"publish","type":"page","link":"https:\/\/www.kloster-metten.com\/?page_id=49142","title":{"rendered":"Mettener Handballer sind Bayerische Meister"},"content":{"rendered":"<a href=\"https:\/\/www.kloster-metten.com\/wp-content\/uploads\/2025\/03\/Handball-Bayerische-Meister_1.jpg\"><img loading=\"lazy\" decoding=\"async\" class=\" wp-image-49143 alignnone\" title=\"Handball Bayerische Meister_1\" src=\"https:\/\/www.kloster-metten.com\/wp-content\/uploads\/2025\/03\/Handball-Bayerische-Meister_1-500x324.jpg\" alt=\"\" width=\"639\" height=\"414\" srcset=\"https:\/\/www.kloster-metten.com\/wp-content\/uploads\/2025\/03\/Handball-Bayerische-Meister_1-500x324.jpg 500w, https:\/\/www.kloster-metten.com\/wp-content\/uploads\/2025\/03\/Handball-Bayerische-Meister_1-1024x664.jpg 1024w, https:\/\/www.kloster-metten.com\/wp-content\/uploads\/2025\/03\/Handball-Bayerische-Meister_1-768x498.jpg 768w, https:\/\/www.kloster-metten.com\/wp-content\/uploads\/2025\/03\/Handball-Bayerische-Meister_1-1536x996.jpg 1536w, https:\/\/www.kloster-metten.com\/wp-content\/uploads\/2025\/03\/Handball-Bayerische-Meister_1.jpg 1600w\" sizes=\"auto, (max-width: 639px) 100vw, 639px\" \/><\/a><h2>Mettener Handballer sind Bayerische Meister<\/h2><p><\/p>\n<p>&nbsp;<\/p>\n<p>\u00dcber einen Riesenerfolg d\u00fcrfen sich die Handballer des St.-Michaels-Gymnasiums Metten freuen, denn sie gewannen das Landesfinale und fahren nun im Mai f\u00fcr vier Tage nach Berlin, um sich dort mit den Gewinnern der anderen Bundesl\u00e4nder zu messen.<\/p>\n<p>Im S\u00fcdbayerischen Qualifikationsturnier, welches in F\u00fcrstenfeldbruck stattfand, konnten sich die Handballer der Wettkampfklasse III (U16) gegen die Gegner aus M\u00fcnchen, F\u00fcrstenfeldbruck und G\u00fcnzburg durchsetzen und qualifizierten sich somit als Sieger S\u00fcdbayerns f\u00fcr das Endspiel gegen den Sieger Nordbayerns. Dort trafen die Mettener Gymnasiasten der Jahrgangsstufen 7 \u2013 9 in M\u00fcnchen auf den oberfr\u00e4nkischen Vertreter aus M\u00fcnchberg. In einem hochklassigen Finale zweier ebenb\u00fcrtiger Mannschaften (zur Halbzeit stand es 24:24), setzte sich nach 50 Minuten am Ende die etwas cleverere Mannschaft mit 40:38 durch. Somit durften sich die Mettener Sch\u00fcler nicht nur \u00fcber den Bayerischen Handballmeistertitel freuen, sondern auch dar\u00fcber, dass sie das Bundesland Bayern bei der Deutschen Handballmeisterschaft in Berlin vertreten d\u00fcrfen.<a href=\"https:\/\/www.kloster-metten.com\/wp-content\/uploads\/2025\/03\/Handball-Bayerische-Meister_2.jpg\"><img loading=\"lazy\" decoding=\"async\" class=\"alignleft size-medium wp-image-49144\" title=\"Handball Bayerische Meister_2\" src=\"https:\/\/www.kloster-metten.com\/wp-content\/uploads\/2025\/03\/Handball-Bayerische-Meister_2-500x375.jpg\" alt=\"\" width=\"500\" height=\"375\" srcset=\"https:\/\/www.kloster-metten.com\/wp-content\/uploads\/2025\/03\/Handball-Bayerische-Meister_2-500x375.jpg 500w, https:\/\/www.kloster-metten.com\/wp-content\/uploads\/2025\/03\/Handball-Bayerische-Meister_2-1024x768.jpg 1024w, https:\/\/www.kloster-metten.com\/wp-content\/uploads\/2025\/03\/Handball-Bayerische-Meister_2-768x576.jpg 768w, https:\/\/www.kloster-metten.com\/wp-content\/uploads\/2025\/03\/Handball-Bayerische-Meister_2-1536x1152.jpg 1536w, https:\/\/www.kloster-metten.com\/wp-content\/uploads\/2025\/03\/Handball-Bayerische-Meister_2.jpg 1600w\" sizes=\"auto, (max-width: 500px) 100vw, 500px\" \/><\/a><\/p>\n<p><a href=\"https:\/\/www.kloster-metten.com\/wp-content\/uploads\/2025\/03\/Handball-Bayerische-Meister_3.jpg\"><img loading=\"lazy\" decoding=\"async\" class=\"alignleft size-medium wp-image-49145\" title=\"Handball Bayerische Meister_3\" src=\"https:\/\/www.kloster-metten.com\/wp-content\/uploads\/2025\/03\/Handball-Bayerische-Meister_3-500x375.jpg\" alt=\"\" width=\"500\" height=\"375\" srcset=\"https:\/\/www.kloster-metten.com\/wp-content\/uploads\/2025\/03\/Handball-Bayerische-Meister_3-500x375.jpg 500w, https:\/\/www.kloster-metten.com\/wp-content\/uploads\/2025\/03\/Handball-Bayerische-Meister_3-1024x768.jpg 1024w, https:\/\/www.kloster-metten.com\/wp-content\/uploads\/2025\/03\/Handball-Bayerische-Meister_3-768x576.jpg 768w, https:\/\/www.kloster-metten.com\/wp-content\/uploads\/2025\/03\/Handball-Bayerische-Meister_3-1536x1152.jpg 1536w, https:\/\/www.kloster-metten.com\/wp-content\/uploads\/2025\/03\/Handball-Bayerische-Meister_3.jpg 1600w\" sizes=\"auto, (max-width: 500px) 100vw, 500px\" \/><\/a><\/p>\n","protected":false},"excerpt":{"rendered":"<p>Mettener Handballer sind Bayerische Meister &nbsp; \u00dcber einen Riesenerfolg d\u00fcrfen sich die Handballer des St.-Michaels-Gymnasiums Metten freuen, denn sie gewannen das Landesfinale und fahren nun im Mai f\u00fcr vier Tage nach Berlin, um sich dort mit den Gewinnern der anderen Bundesl\u00e4nder zu messen. Im S\u00fcdbayerischen Qualifikationsturnier, welches in F\u00fcrstenfeldbruck stattfand, konnten sich die Handballer der [&hellip;]<\/p>\n","protected":false},"author":5,"featured_media":0,"parent":1137,"menu_order":-355,"comment_status":"closed","ping_status":"closed","template":"","meta":{"footnotes":""},"class_list":["post-49142","page","type-page","status-publish","hentry"],"_links":{"self":[{"href":"https:\/\/www.kloster-metten.com\/index.php?rest_route=\/wp\/v2\/pages\/49142","targetHints":{"allow":["GET"]}}],"collection":[{"href":"https:\/\/www.kloster-metten.com\/index.php?rest_route=\/wp\/v2\/pages"}],"about":[{"href":"https:\/\/www.kloster-metten.com\/index.php?rest_route=\/wp\/v2\/types\/page"}],"author":[{"embeddable":true,"href":"https:\/\/www.kloster-metten.com\/index.php?rest_route=\/wp\/v2\/users\/5"}],"replies":[{"embeddable":true,"href":"https:\/\/www.kloster-metten.com\/index.php?rest_route=%2Fwp%2Fv2%2Fcomments&post=49142"}],"version-history":[{"count":1,"href":"https:\/\/www.kloster-metten.com\/index.php?rest_route=\/wp\/v2\/pages\/49142\/revisions"}],"predecessor-version":[{"id":49146,"href":"https:\/\/www.kloster-metten.com\/index.php?rest_route=\/wp\/v2\/pages\/49142\/revisions\/49146"}],"up":[{"embeddable":true,"href":"https:\/\/www.kloster-metten.com\/index.php?rest_route=\/wp\/v2\/pages\/1137"}],"wp:attachment":[{"href":"https:\/\/www.kloster-metten.com\/index.php?rest_route=%2Fwp%2Fv2%2Fmedia&parent=49142"}],"curies":[{"name":"wp","href":"https:\/\/api.w.org\/{rel}","templated":true}]}}