{"id":49170,"date":"2025-03-25T13:59:42","date_gmt":"2025-03-25T12:59:42","guid":{"rendered":"https:\/\/www.kloster-metten.com\/?page_id=49170"},"modified":"2025-03-25T14:00:15","modified_gmt":"2025-03-25T13:00:15","slug":"tag-der-offenen-gaertnerei-am-26-04-2025","status":"publish","type":"page","link":"https:\/\/www.kloster-metten.com\/?page_id=49170","title":{"rendered":"Tag der offenen G\u00e4rtnerei am 26.04.2025"},"content":{"rendered":"<a href=\"https:\/\/www.kloster-metten.com\/wp-content\/uploads\/2025\/03\/Fruehling_2025_.jpg\"><img loading=\"lazy\" decoding=\"async\" class=\"size-medium wp-image-49171 alignnone\" title=\"Fr\u00fchling_2025_\" src=\"https:\/\/www.kloster-metten.com\/wp-content\/uploads\/2025\/03\/Fruehling_2025_-500x375.jpg\" alt=\"\" width=\"500\" height=\"375\" srcset=\"https:\/\/www.kloster-metten.com\/wp-content\/uploads\/2025\/03\/Fruehling_2025_-500x375.jpg 500w, https:\/\/www.kloster-metten.com\/wp-content\/uploads\/2025\/03\/Fruehling_2025_-1024x768.jpg 1024w, https:\/\/www.kloster-metten.com\/wp-content\/uploads\/2025\/03\/Fruehling_2025_-768x576.jpg 768w, https:\/\/www.kloster-metten.com\/wp-content\/uploads\/2025\/03\/Fruehling_2025_-1536x1152.jpg 1536w, https:\/\/www.kloster-metten.com\/wp-content\/uploads\/2025\/03\/Fruehling_2025_.jpg 1613w\" sizes=\"auto, (max-width: 500px) 100vw, 500px\" \/><\/a><h2>Tag der offenen G\u00e4rtnerei am 26.04.2025<\/h2><p><\/p>\n<p>Auch in diesem Jahr l\u00e4dt die Klosterg\u00e4rtnerei Metten zum \u201eTag der offenen G\u00e4rtnerei\u201c.<\/p>\n<p>Am Samstag, den 26.04.2025 in der Zeit von 8 bis 17 Uhr ist die G\u00e4rtnerei ge\u00f6ffnet.<br \/>\nNeben dem Angebot unserer G\u00e4rtnerei gibt es auch einen kleinen Kunsthandwerkermarkt.<\/p>\n<p>F\u00fcr das leibliche Wohl ist bestens gesorgt. Schon jetzt sagt das Team der Klosterg\u00e4rtnerei \u201eHerzliche Einladung\u201c und \u201eHerzlich Willkommen\u201c zum Tag der offenen G\u00e4rtnerei!<\/p>\n<p>&nbsp;<\/p>\n","protected":false},"excerpt":{"rendered":"<p>Tag der offenen G\u00e4rtnerei am 26.04.2025 Auch in diesem Jahr l\u00e4dt die Klosterg\u00e4rtnerei Metten zum \u201eTag der offenen G\u00e4rtnerei\u201c. Am Samstag, den 26.04.2025 in der Zeit von 8 bis 17 Uhr ist die G\u00e4rtnerei ge\u00f6ffnet. Neben dem Angebot unserer G\u00e4rtnerei gibt es auch einen kleinen Kunsthandwerkermarkt. F\u00fcr das leibliche Wohl ist bestens gesorgt. Schon jetzt [&hellip;]<\/p>\n","protected":false},"author":5,"featured_media":0,"parent":1120,"menu_order":-176,"comment_status":"closed","ping_status":"closed","template":"","meta":{"footnotes":""},"class_list":["post-49170","page","type-page","status-publish","hentry"],"_links":{"self":[{"href":"https:\/\/www.kloster-metten.com\/index.php?rest_route=\/wp\/v2\/pages\/49170","targetHints":{"allow":["GET"]}}],"collection":[{"href":"https:\/\/www.kloster-metten.com\/index.php?rest_route=\/wp\/v2\/pages"}],"about":[{"href":"https:\/\/www.kloster-metten.com\/index.php?rest_route=\/wp\/v2\/types\/page"}],"author":[{"embeddable":true,"href":"https:\/\/www.kloster-metten.com\/index.php?rest_route=\/wp\/v2\/users\/5"}],"replies":[{"embeddable":true,"href":"https:\/\/www.kloster-metten.com\/index.php?rest_route=%2Fwp%2Fv2%2Fcomments&post=49170"}],"version-history":[{"count":1,"href":"https:\/\/www.kloster-metten.com\/index.php?rest_route=\/wp\/v2\/pages\/49170\/revisions"}],"predecessor-version":[{"id":49172,"href":"https:\/\/www.kloster-metten.com\/index.php?rest_route=\/wp\/v2\/pages\/49170\/revisions\/49172"}],"up":[{"embeddable":true,"href":"https:\/\/www.kloster-metten.com\/index.php?rest_route=\/wp\/v2\/pages\/1120"}],"wp:attachment":[{"href":"https:\/\/www.kloster-metten.com\/index.php?rest_route=%2Fwp%2Fv2%2Fmedia&parent=49170"}],"curies":[{"name":"wp","href":"https:\/\/api.w.org\/{rel}","templated":true}]}}