{"id":49175,"date":"2025-03-28T08:14:55","date_gmt":"2025-03-28T07:14:55","guid":{"rendered":"https:\/\/www.kloster-metten.com\/?page_id=49175"},"modified":"2025-03-28T08:23:31","modified_gmt":"2025-03-28T07:23:31","slug":"kaenguru-der-mathematik-am-donnerstag-den-20-maerz-2025","status":"publish","type":"page","link":"https:\/\/www.kloster-metten.com\/?page_id=49175","title":{"rendered":"K\u00e4nguru der Mathematik am Donnerstag, den 20. M\u00e4rz 2025"},"content":{"rendered":"<h2>K\u00e4nguru der Mathematik am Donnerstag, den 20. M\u00e4rz 2025<\/h2><p>&nbsp;<\/p>\n<p><a href=\"https:\/\/www.kloster-metten.com\/wp-content\/uploads\/2025\/03\/Kaenguru2025_.jpg\"><img loading=\"lazy\" decoding=\"async\" class=\"size-medium wp-image-49180 alignnone\" title=\"K\u00e4nguru2025_\" src=\"https:\/\/www.kloster-metten.com\/wp-content\/uploads\/2025\/03\/Kaenguru2025_-500x500.jpg\" alt=\"\" width=\"500\" height=\"500\" srcset=\"https:\/\/www.kloster-metten.com\/wp-content\/uploads\/2025\/03\/Kaenguru2025_-500x500.jpg 500w, https:\/\/www.kloster-metten.com\/wp-content\/uploads\/2025\/03\/Kaenguru2025_-768x768.jpg 768w, https:\/\/www.kloster-metten.com\/wp-content\/uploads\/2025\/03\/Kaenguru2025_.jpg 907w\" sizes=\"auto, (max-width: 500px) 100vw, 500px\" \/><\/a><\/p>\n<p>Insgesamt 243 Sch\u00fclerinnen und Sch\u00fcler aus den Klassenstufen 5 bis 11 des St.-Michaels-Gymnasium Metten nahmen am internationalen K\u00e4nguru-Wettbewerb der Mathematik teil. Nach 75 Minuten intensiver Arbeit wurden die Antworten abgegeben und anschlie\u00dfend durch die Mathematiklehrer an den gemeinn\u00fctzigen Verein Mathematikwettbewerb K\u00e4nguru e.V. mit Sitz an der Humboldt-Universit\u00e4t Berlin \u00fcbermittelt.<\/p>\n<p>Hier werden deutschlandweit von \u00fcber 800 000 Teilnehmern aus ca. 12000 teilnehmenden Schulen in Deutschland alles ausgewertet und anschlie\u00dfend die Preise und Urkunden gepackt und verschickt. Die reibungslose Organisation kann dabei nur bewundernd anerkannt werden.<\/p>\n<p>Der Wettbewerb findet inzwischen in \u00fcber 100 L\u00e4ndern weltweit j\u00e4hrlich statt, wobei die deutsche Teilnehmerzahl nur von Brasilien im Jahr 2024 \u00fcbertroffen wurde. Seinen Ursprung hat der Wettbewerb in Australien im Jahr 1978 und er wird durch den internationalen Verein \u201eKangourou sans Frontieres\u201d von Paris aus seit 1994 international organisiert. Die Multiple-Choice-Aufgaben sind in allen L\u00e4ndern im Wesentlichen identisch und der Wettbewerb findet weltweit immer am 3. Donnerstag im M\u00e4rz statt. Diese internationale Zusammenarbeit ist gerade auch zurzeit ein sch\u00f6nes Zeichen einer weltweiten friedlichen Kooperation.<\/p>\n","protected":false},"excerpt":{"rendered":"<p>K\u00e4nguru der Mathematik am Donnerstag, den 20. M\u00e4rz 2025&nbsp; Insgesamt 243 Sch\u00fclerinnen und Sch\u00fcler aus den Klassenstufen 5 bis 11 des St.-Michaels-Gymnasium Metten nahmen am internationalen K\u00e4nguru-Wettbewerb der Mathematik teil. Nach 75 Minuten intensiver Arbeit wurden die Antworten abgegeben und anschlie\u00dfend durch die Mathematiklehrer an den gemeinn\u00fctzigen Verein Mathematikwettbewerb K\u00e4nguru e.V. mit Sitz an der [&hellip;]<\/p>\n","protected":false},"author":5,"featured_media":0,"parent":1137,"menu_order":-357,"comment_status":"closed","ping_status":"closed","template":"","meta":{"footnotes":""},"class_list":["post-49175","page","type-page","status-publish","hentry"],"_links":{"self":[{"href":"https:\/\/www.kloster-metten.com\/index.php?rest_route=\/wp\/v2\/pages\/49175","targetHints":{"allow":["GET"]}}],"collection":[{"href":"https:\/\/www.kloster-metten.com\/index.php?rest_route=\/wp\/v2\/pages"}],"about":[{"href":"https:\/\/www.kloster-metten.com\/index.php?rest_route=\/wp\/v2\/types\/page"}],"author":[{"embeddable":true,"href":"https:\/\/www.kloster-metten.com\/index.php?rest_route=\/wp\/v2\/users\/5"}],"replies":[{"embeddable":true,"href":"https:\/\/www.kloster-metten.com\/index.php?rest_route=%2Fwp%2Fv2%2Fcomments&post=49175"}],"version-history":[{"count":2,"href":"https:\/\/www.kloster-metten.com\/index.php?rest_route=\/wp\/v2\/pages\/49175\/revisions"}],"predecessor-version":[{"id":49181,"href":"https:\/\/www.kloster-metten.com\/index.php?rest_route=\/wp\/v2\/pages\/49175\/revisions\/49181"}],"up":[{"embeddable":true,"href":"https:\/\/www.kloster-metten.com\/index.php?rest_route=\/wp\/v2\/pages\/1137"}],"wp:attachment":[{"href":"https:\/\/www.kloster-metten.com\/index.php?rest_route=%2Fwp%2Fv2%2Fmedia&parent=49175"}],"curies":[{"name":"wp","href":"https:\/\/api.w.org\/{rel}","templated":true}]}}