{"id":49193,"date":"2025-04-07T21:24:21","date_gmt":"2025-04-07T19:24:21","guid":{"rendered":"https:\/\/www.kloster-metten.com\/?page_id=49193"},"modified":"2025-04-09T09:54:39","modified_gmt":"2025-04-09T07:54:39","slug":"grosse-stimmung-am-kleinsten-gymnasium-tag-der-offenen-tuer","status":"publish","type":"page","link":"https:\/\/www.kloster-metten.com\/?page_id=49193","title":{"rendered":"\u201eGro\u00dfe\u201d Stimmung am \u201ekleinsten\u201d Gymnasium: Tag der offenen T\u00fcr"},"content":{"rendered":"<a href=\"https:\/\/www.kloster-metten.com\/wp-content\/uploads\/2025\/04\/Kunstwerkstatt_.jpg\"><img loading=\"lazy\" decoding=\"async\" class=\"size-medium wp-image-49195 alignnone\" title=\"Kunstwerkstatt_\" src=\"https:\/\/www.kloster-metten.com\/wp-content\/uploads\/2025\/04\/Kunstwerkstatt_-500x375.jpg\" alt=\"\" width=\"500\" height=\"375\" srcset=\"https:\/\/www.kloster-metten.com\/wp-content\/uploads\/2025\/04\/Kunstwerkstatt_-500x375.jpg 500w, https:\/\/www.kloster-metten.com\/wp-content\/uploads\/2025\/04\/Kunstwerkstatt_-768x576.jpg 768w, https:\/\/www.kloster-metten.com\/wp-content\/uploads\/2025\/04\/Kunstwerkstatt_.jpg 916w\" sizes=\"auto, (max-width: 500px) 100vw, 500px\" \/><\/a><h2>\u201eGro\u00dfe\u201d Stimmung am \u201ekleinsten\u201d Gymnasium: Tag der offenen T\u00fcr<\/h2><p><\/p>\n<p>Schwungvolle Kl\u00e4nge der Bl\u00e4sergruppe Kalliope wiesen am Samstag, den 05.04. 2025 zahlreichen Besuchern den Weg in den pr\u00e4chtigen Festsaal, wo StD Sebastian Liebl die interessierten Viertkl\u00e4ssler und ihre Eltern herzlich begr\u00fc\u00dfte. Der Schulleiter wies darauf hin, dass das St.-Michaels-Gymnasium nicht nur \u201edas \u00e4lteste, sondern vor allem auch kleinste Gymnasium des Landkreises\u201c sei, ein \u00fcberaus positiver Umstand, der es erm\u00f6glicht, die Schullaufbahn in famili\u00e4rer Umgebung und mit sehr pers\u00f6nlichem Kontakt zu Mitsch\u00fclern und Lehrern zu verbringen. Diese besondere Atmosph\u00e4re, gepr\u00e4gt von au\u00dferordentlichem Gemeinschaftsgeist, pr\u00e4sentierte die Schulfamilie auch am Tag der offenen T\u00fcr: Alle Sch\u00fclerinnen und Sch\u00fcler des Gymnasiums waren vollz\u00e4hlig erschienen, um in ganz unterschiedlicher Art und Weise zum Gelingen beizutragen.<\/p>\n<p>Gleich nach der Begr\u00fc\u00dfung konnten sich die Besucher in Kleingruppen einer F\u00fchrung anschlie\u00dfen oder die weitl\u00e4ufigen Flure auf eigene Faust erkunden, wobei die zahlreich stationierten \u201eguten Geister\u201d daf\u00fcr sorgten, dass die selbstst\u00e4ndig Wandelnden auch immer ihr Wunschziel erreichten. Geboten wurden abwechslungsreiche Stationen aus allen Fachbereichen, wobei die aktuellen Gymnasiasten in alle Aktionen eingebunden waren und den jungen Besuchern f\u00fcr alle Fragen zur Verf\u00fcgung standen.<\/p>\n<p>Interessierte an Naturwissenschaften kamen voll auf ihre Kosten, sie durften \u201ezauberhafte\u201d Experimente als Zuschauer bewundern oder sich selbst als Forscher versuchen: Von schwebenden B\u00e4llen \u00fcber Kl\u00e4nge, die pl\u00f6tzlich sichtbar werden, bis hin zum Rundgang in einem Bienenstock \u2013 dank VR-Brille ein t\u00e4uschend echtes Erlebnis \u2013 gab es viel Interessantes zu entdecken. Gehirntraining bot der Mathematikraum mit zahlreichen Knobelaufgaben und wer davon noch nicht genug hatte, durfte sich mit der schuleigenen Schach-Gruppe im \u201eSpiel der K\u00f6nige\u201d messen.<\/p>\n<p>Vielf\u00e4ltig pr\u00e4sentierten sich auch die Fremdsprachen der Schule: W\u00e4hrend sich die Eltern mit den Fachlehrkr\u00e4ften besprachen, konnten die Viertkl\u00e4ssler anhand von verschiedenen Spielen Einblicke in Englisch, Franz\u00f6sisch und Latein gewinnen. Gro\u00dfe Heiterkeit herrschte vor allem an der Verkleidungsstation, hier durfte man sich dank der entsprechenden Gewandung gleich als echter R\u00f6mer f\u00fchlen. Und wer sich nach all der Anstrengung dem franz\u00f6sischen Lebensgef\u00fchl hingeben wollte, konnte sich im stark frequentierten \u201eCaf\u00e9 au Lait\u201d mit einem hauchd\u00fcnnen Cr\u00eape verw\u00f6hnen.<\/p>\n<p>Einen Stock tiefer informierte die St.-Notker-Schule mit Stationen verschiedener F\u00e4cher \u00fcber ihr Angebot, so dass Interessierte einen Einblick in die etablierte und gewinnbringende Kooperation der beiden Schulen gewannen.<\/p>\n<p>Auch das umfangreiche Angebot im k\u00fcnstlerischen Bereich lockte viele Interessenten an. In den hellen, ger\u00e4umigen Kunsts\u00e4len durften die Besucher Drucke mit dem imponierenden Motiv des Klosters und andere kreative Kunstwerke herstellen. Zudem sorgten immer wieder instrumentale oder vokale Kl\u00e4nge f\u00fcr eine willkommene Unterbrechung: Der Orchesterraum pr\u00e4sentierte sich musikalisch-kulinarisch \u201eauf Mozarts Spuren\u201d, Blasinstrumente durften von den jungen Besuchern erprobt werden und das Streichorchester zeigte in einem vielf\u00e4ltigen Programm, unter anderem mit Werken von Verdi und Offenbach, sein K\u00f6nnen.<\/p>\n<p>F\u00fcr eher sportlich affine G\u00e4ste bot der abwechslungsreiche Erlebnisparcour in der Turnhalle gute M\u00f6glichkeiten, sich richtig auszupowern und wer nach all der Anstrengung etwaige Hungergef\u00fchle versp\u00fcrte, musste sich nur wenige Meter weiter in das ehemalige Sudhaus begeben, wo der Elternbeirat alle Hungrigen mit einem umfangreichen B\u00fcffet bestens versorgte. Abschluss der Veranstaltung waren eine atemberaubende Akrobatikvorf\u00fchrung sowie der bravour\u00f6se Auftritt des Unterstufentheaters, das mit der klassischen griechischen Kom\u00f6die \u201eDie Wolken\u201d von Aristophanes begeisterte. Sp\u00e4testens am Ende des kurzweiligen Vormittages war klar: Auch das \u201ekleinste\u201d Gymnasium kann, bedingt durch seinen starken Zusammenhalt, ein vielf\u00e4ltiges, anspruchsvolles, lebendiges und abwechslungsreiches Schulleben, kurz gesagt \u201eGro\u00dfes\u201d leisten.<\/p>\n\r\n\t\t<style type='text\/css'>\r\n\t\t\t#gallery-1 {\r\n\t\t\t\tmargin: auto;\r\n\t\t\t}\r\n\t\t\t#gallery-1 .gallery-item {\r\n\t\t\t\tfloat: left;\r\n\t\t\t\tmargin-top: 10px;\r\n\t\t\t\ttext-align: center;\r\n\t\t\t\twidth: 33%;\r\n\t\t\t}\r\n\t\t\t#gallery-1 hr {\r\n\t\t\t\theight: 1px;\r\n\t\t\t}\r\n\t\t\t#gallery-1 .gallery-caption {\r\n\t\t\t\tmargin-left: 0;\r\n\t\t\t}\r\n\t\t\t\/* see gallery_shortcode() in wp-includes\/media.php *\/\r\n\t\t<\/style>\n\t\t<div id='gallery-1' class='gallery galleryid-49193 gallery-columns-3 gallery-size-thumbnail'><hr class='null'><dl class='gallery-item'>\r\n\t\t\t<dt class='gallery-icon landscape'>\r\n\t\t\t\t<a title=\"Begr\u00fc\u00dfung_\"  href='https:\/\/www.kloster-metten.com\/?attachment_id=49199'><img loading=\"lazy\" decoding=\"async\" width=\"170\" height=\"115\" src=\"https:\/\/www.kloster-metten.com\/wp-content\/uploads\/2025\/04\/Begruessung_-170x115.jpg\" class=\"attachment-thumbnail size-thumbnail\" alt=\"\" \/><\/a>\r\n\t\t\t<\/dt><\/dl><dl class='gallery-item'>\r\n\t\t\t<dt class='gallery-icon landscape'>\r\n\t\t\t\t<a title=\"Elternbeirat_\"  href='https:\/\/www.kloster-metten.com\/?attachment_id=49198'><img loading=\"lazy\" decoding=\"async\" width=\"170\" height=\"115\" src=\"https:\/\/www.kloster-metten.com\/wp-content\/uploads\/2025\/04\/Elternbeirat_-170x115.jpg\" class=\"attachment-thumbnail size-thumbnail\" alt=\"\" \/><\/a>\r\n\t\t\t<\/dt><\/dl><dl class='gallery-item'>\r\n\t\t\t<dt class='gallery-icon landscape'>\r\n\t\t\t\t<a title=\"F\u00fchrungen 1_\"  href='https:\/\/www.kloster-metten.com\/?attachment_id=49197'><img loading=\"lazy\" decoding=\"async\" width=\"170\" height=\"115\" src=\"https:\/\/www.kloster-metten.com\/wp-content\/uploads\/2025\/04\/Fuehrungen-1_-170x115.jpg\" class=\"attachment-thumbnail size-thumbnail\" alt=\"\" \/><\/a>\r\n\t\t\t<\/dt><\/dl><br style=\"clear: both\" \/><dl class='gallery-item'>\r\n\t\t\t<dt class='gallery-icon landscape'>\r\n\t\t\t\t<a title=\"F\u00fchrungen 2_\"  href='https:\/\/www.kloster-metten.com\/?attachment_id=49196'><img loading=\"lazy\" decoding=\"async\" width=\"170\" height=\"115\" src=\"https:\/\/www.kloster-metten.com\/wp-content\/uploads\/2025\/04\/Fuehrungen-2_-170x115.jpg\" class=\"attachment-thumbnail size-thumbnail\" alt=\"\" \/><\/a>\r\n\t\t\t<\/dt><\/dl><dl class='gallery-item'>\r\n\t\t\t<dt class='gallery-icon landscape'>\r\n\t\t\t\t<a title=\"P1010156_\"  href='https:\/\/www.kloster-metten.com\/?attachment_id=49202'><img loading=\"lazy\" decoding=\"async\" width=\"170\" height=\"115\" src=\"https:\/\/www.kloster-metten.com\/wp-content\/uploads\/2025\/04\/P1010156_-170x115.jpg\" class=\"attachment-thumbnail size-thumbnail\" alt=\"\" \/><\/a>\r\n\t\t\t<\/dt><\/dl><dl class='gallery-item'>\r\n\t\t\t<dt class='gallery-icon landscape'>\r\n\t\t\t\t<a title=\"P1010170_\"  href='https:\/\/www.kloster-metten.com\/?attachment_id=49203'><img loading=\"lazy\" decoding=\"async\" width=\"170\" height=\"115\" src=\"https:\/\/www.kloster-metten.com\/wp-content\/uploads\/2025\/04\/P1010170_-170x115.jpg\" class=\"attachment-thumbnail size-thumbnail\" alt=\"\" \/><\/a>\r\n\t\t\t<\/dt><\/dl><br style=\"clear: both\" \/><dl class='gallery-item'>\r\n\t\t\t<dt class='gallery-icon portrait'>\r\n\t\t\t\t<a title=\"SAMSUNG CAMERA PICTURES\"  href='https:\/\/www.kloster-metten.com\/?attachment_id=49204'><img loading=\"lazy\" decoding=\"async\" width=\"170\" height=\"115\" src=\"https:\/\/www.kloster-metten.com\/wp-content\/uploads\/2025\/04\/SAM_1752_-170x115.jpg\" class=\"attachment-thumbnail size-thumbnail\" alt=\"\" \/><\/a>\r\n\t\t\t<\/dt><\/dl><dl class='gallery-item'>\r\n\t\t\t<dt class='gallery-icon landscape'>\r\n\t\t\t\t<a title=\"SAMSUNG CAMERA PICTURES\"  href='https:\/\/www.kloster-metten.com\/?attachment_id=49205'><img loading=\"lazy\" decoding=\"async\" width=\"170\" height=\"115\" src=\"https:\/\/www.kloster-metten.com\/wp-content\/uploads\/2025\/04\/SAM_1746_-170x115.jpg\" class=\"attachment-thumbnail size-thumbnail\" alt=\"\" \/><\/a>\r\n\t\t\t<\/dt><\/dl><dl class='gallery-item'>\r\n\t\t\t<dt class='gallery-icon landscape'>\r\n\t\t\t\t<a title=\"SAMSUNG CAMERA PICTURES\"  href='https:\/\/www.kloster-metten.com\/?attachment_id=49206'><img loading=\"lazy\" decoding=\"async\" width=\"170\" height=\"115\" src=\"https:\/\/www.kloster-metten.com\/wp-content\/uploads\/2025\/04\/SAM_1741_-170x115.jpg\" class=\"attachment-thumbnail size-thumbnail\" alt=\"\" \/><\/a>\r\n\t\t\t<\/dt><\/dl><br style=\"clear: both\" \/><dl class='gallery-item'>\r\n\t\t\t<dt class='gallery-icon landscape'>\r\n\t\t\t\t<a title=\"P1010183_\"  href='https:\/\/www.kloster-metten.com\/?attachment_id=49207'><img loading=\"lazy\" decoding=\"async\" width=\"170\" height=\"115\" src=\"https:\/\/www.kloster-metten.com\/wp-content\/uploads\/2025\/04\/P1010183_-170x115.jpg\" class=\"attachment-thumbnail size-thumbnail\" alt=\"\" \/><\/a>\r\n\t\t\t<\/dt><\/dl><dl class='gallery-item'>\r\n\t\t\t<dt class='gallery-icon landscape'>\r\n\t\t\t\t<a title=\"P1010181_\"  href='https:\/\/www.kloster-metten.com\/?attachment_id=49208'><img loading=\"lazy\" decoding=\"async\" width=\"170\" height=\"115\" src=\"https:\/\/www.kloster-metten.com\/wp-content\/uploads\/2025\/04\/P1010181_-170x115.jpg\" class=\"attachment-thumbnail size-thumbnail\" alt=\"\" \/><\/a>\r\n\t\t\t<\/dt><\/dl><dl class='gallery-item'>\r\n\t\t\t<dt class='gallery-icon landscape'>\r\n\t\t\t\t<a title=\"Musikalische Begr\u00fc\u00dfung im Festsaal_\"  href='https:\/\/www.kloster-metten.com\/?attachment_id=49211'><img loading=\"lazy\" decoding=\"async\" width=\"170\" height=\"115\" src=\"https:\/\/www.kloster-metten.com\/wp-content\/uploads\/2025\/04\/Musikalische-Begruessung-im-Festsaal_-170x115.jpg\" class=\"attachment-thumbnail size-thumbnail\" alt=\"\" \/><\/a>\r\n\t\t\t<\/dt><\/dl><br style=\"clear: both\" \/><dl class='gallery-item'>\r\n\t\t\t<dt class='gallery-icon landscape'>\r\n\t\t\t\t<a title=\"Zahlreiche Besucher kamen in den Festsaal_\"  href='https:\/\/www.kloster-metten.com\/?attachment_id=49212'><img loading=\"lazy\" decoding=\"async\" width=\"170\" height=\"115\" src=\"https:\/\/www.kloster-metten.com\/wp-content\/uploads\/2025\/04\/Zahlreiche-Besucher-kamen-in-den-Festsaal_-170x115.jpg\" class=\"attachment-thumbnail size-thumbnail\" alt=\"\" \/><\/a>\r\n\t\t\t<\/dt><\/dl><dl class='gallery-item'>\r\n\t\t\t<dt class='gallery-icon landscape'>\r\n\t\t\t\t<a title=\"Unterstufentheater_\"  href='https:\/\/www.kloster-metten.com\/?attachment_id=49213'><img loading=\"lazy\" decoding=\"async\" width=\"170\" height=\"115\" src=\"https:\/\/www.kloster-metten.com\/wp-content\/uploads\/2025\/04\/Unterstufentheater_-170x115.jpg\" class=\"attachment-thumbnail size-thumbnail\" alt=\"\" \/><\/a>\r\n\t\t\t<\/dt><\/dl><dl class='gallery-item'>\r\n\t\t\t<dt class='gallery-icon landscape'>\r\n\t\t\t\t<a title=\"P1010191\"  href='https:\/\/www.kloster-metten.com\/?attachment_id=49217'><img loading=\"lazy\" decoding=\"async\" width=\"170\" height=\"115\" src=\"https:\/\/www.kloster-metten.com\/wp-content\/uploads\/2025\/04\/P1010191-1-170x115.jpg\" class=\"attachment-thumbnail size-thumbnail\" alt=\"\" \/><\/a>\r\n\t\t\t<\/dt><\/dl><br style=\"clear: both\" \/>\r\n\t\t<\/div>\n\n<p>&nbsp;<\/p>\n<p>&nbsp;<\/p>\n","protected":false},"excerpt":{"rendered":"<p>\u201eGro\u00dfe\u201d Stimmung am \u201ekleinsten\u201d Gymnasium: Tag der offenen T\u00fcr Schwungvolle Kl\u00e4nge der Bl\u00e4sergruppe Kalliope wiesen am Samstag, den 05.04. 2025 zahlreichen Besuchern den Weg in den pr\u00e4chtigen Festsaal, wo StD Sebastian Liebl die interessierten Viertkl\u00e4ssler und ihre Eltern herzlich begr\u00fc\u00dfte. Der Schulleiter wies darauf hin, dass das St.-Michaels-Gymnasium nicht nur \u201edas \u00e4lteste, sondern vor allem [&hellip;]<\/p>\n","protected":false},"author":5,"featured_media":0,"parent":1137,"menu_order":-361,"comment_status":"closed","ping_status":"closed","template":"","meta":{"footnotes":""},"class_list":["post-49193","page","type-page","status-publish","hentry"],"_links":{"self":[{"href":"https:\/\/www.kloster-metten.com\/index.php?rest_route=\/wp\/v2\/pages\/49193","targetHints":{"allow":["GET"]}}],"collection":[{"href":"https:\/\/www.kloster-metten.com\/index.php?rest_route=\/wp\/v2\/pages"}],"about":[{"href":"https:\/\/www.kloster-metten.com\/index.php?rest_route=\/wp\/v2\/types\/page"}],"author":[{"embeddable":true,"href":"https:\/\/www.kloster-metten.com\/index.php?rest_route=\/wp\/v2\/users\/5"}],"replies":[{"embeddable":true,"href":"https:\/\/www.kloster-metten.com\/index.php?rest_route=%2Fwp%2Fv2%2Fcomments&post=49193"}],"version-history":[{"count":6,"href":"https:\/\/www.kloster-metten.com\/index.php?rest_route=\/wp\/v2\/pages\/49193\/revisions"}],"predecessor-version":[{"id":49218,"href":"https:\/\/www.kloster-metten.com\/index.php?rest_route=\/wp\/v2\/pages\/49193\/revisions\/49218"}],"up":[{"embeddable":true,"href":"https:\/\/www.kloster-metten.com\/index.php?rest_route=\/wp\/v2\/pages\/1137"}],"wp:attachment":[{"href":"https:\/\/www.kloster-metten.com\/index.php?rest_route=%2Fwp%2Fv2%2Fmedia&parent=49193"}],"curies":[{"name":"wp","href":"https:\/\/api.w.org\/{rel}","templated":true}]}}