{"id":49223,"date":"2025-04-17T21:55:13","date_gmt":"2025-04-17T19:55:13","guid":{"rendered":"https:\/\/www.kloster-metten.com\/?page_id=49223"},"modified":"2025-04-17T21:57:52","modified_gmt":"2025-04-17T19:57:52","slug":"ostern-2025","status":"publish","type":"page","link":"https:\/\/www.kloster-metten.com\/?page_id=49223","title":{"rendered":"Ostern 2025"},"content":{"rendered":"<a href=\"https:\/\/www.kloster-metten.com\/wp-content\/uploads\/2019\/03\/DSC06433.jpg\"><img loading=\"lazy\" decoding=\"async\" class=\"alignleft size-medium wp-image-12193\" title=\"DSC06433\" src=\"https:\/\/www.kloster-metten.com\/wp-content\/uploads\/2019\/03\/DSC06433-322x500.jpg\" alt=\"\" width=\"322\" height=\"500\" srcset=\"https:\/\/www.kloster-metten.com\/wp-content\/uploads\/2019\/03\/DSC06433-322x500.jpg 322w, https:\/\/www.kloster-metten.com\/wp-content\/uploads\/2019\/03\/DSC06433-768x1194.jpg 768w, https:\/\/www.kloster-metten.com\/wp-content\/uploads\/2019\/03\/DSC06433-659x1024.jpg 659w, https:\/\/www.kloster-metten.com\/wp-content\/uploads\/2019\/03\/DSC06433.jpg 965w\" sizes=\"auto, (max-width: 322px) 100vw, 322px\" \/><\/a><h2>Ostern 2025<\/h2><p><\/p>\n<p>\u201eDer Morgen erwacht zu himmlischer Pracht, die Felsen erkrachen, es st\u00fcrzen die Wachen, und Jesus erstehen vom Grabe empor und herrlicher gehet er siegreich hervor. Halleluja, Halleluja!\u201c<br \/>\n(aus Gotteslob Nr. 791,2)<\/p>\n<p>Die M\u00f6nche der Abtei Metten w\u00fcnschen frohe und gesegnete Ostertage!<\/p>\n<p>M\u00f6ge die Kraft der \u00f6sterlichen Tage, der Glanz des Osterlichtes und die Freude des Osterjubels alle Herzen erreichen und st\u00e4rken. Wir w\u00fcnschen eine gesegnete Zeit!<\/p>\n<p>Herzliche Einladung ergeht zu den Kar- und Ostergottesdiensten in der Pfarr- und Klosterkirche Metten.<\/p>\n<p>Die n\u00e4heren Angaben zu den einzelnen Zeiten entnehmen Sie bitte dem aktuellen Pfarrbrief der Pfarreiengemeinschaft Metten-Neuhausen.<\/p>\n<p><a href=\"https:\/\/www.kloster-metten.com\/wp-content\/uploads\/2025\/04\/Pfarrbr.-N-M-05.25.pdf\">Pfarrbrief Neuhausen-Metten 05.25<\/a><\/p>\n<p><a href=\"https:\/\/www.kloster-metten.com\/wp-content\/uploads\/2013\/03\/dsc06414.jpg\"><img loading=\"lazy\" decoding=\"async\" class=\"alignleft size-medium wp-image-4894\" title=\"dsc06414\" src=\"https:\/\/www.kloster-metten.com\/wp-content\/uploads\/2013\/03\/dsc06414-350x500.jpg\" alt=\"\" width=\"322\" height=\"460\" srcset=\"https:\/\/www.kloster-metten.com\/wp-content\/uploads\/2013\/03\/dsc06414-350x500.jpg 350w, https:\/\/www.kloster-metten.com\/wp-content\/uploads\/2013\/03\/dsc06414.jpg 993w\" sizes=\"auto, (max-width: 322px) 100vw, 322px\" \/><\/a><\/p>\n<p>&nbsp;<\/p>\n","protected":false},"excerpt":{"rendered":"<p>Ostern 2025 \u201eDer Morgen erwacht zu himmlischer Pracht, die Felsen erkrachen, es st\u00fcrzen die Wachen, und Jesus erstehen vom Grabe empor und herrlicher gehet er siegreich hervor. Halleluja, Halleluja!\u201c (aus Gotteslob Nr. 791,2) Die M\u00f6nche der Abtei Metten w\u00fcnschen frohe und gesegnete Ostertage! M\u00f6ge die Kraft der \u00f6sterlichen Tage, der Glanz des Osterlichtes und die [&hellip;]<\/p>\n","protected":false},"author":5,"featured_media":0,"parent":1120,"menu_order":-177,"comment_status":"closed","ping_status":"closed","template":"","meta":{"footnotes":""},"class_list":["post-49223","page","type-page","status-publish","hentry"],"_links":{"self":[{"href":"https:\/\/www.kloster-metten.com\/index.php?rest_route=\/wp\/v2\/pages\/49223","targetHints":{"allow":["GET"]}}],"collection":[{"href":"https:\/\/www.kloster-metten.com\/index.php?rest_route=\/wp\/v2\/pages"}],"about":[{"href":"https:\/\/www.kloster-metten.com\/index.php?rest_route=\/wp\/v2\/types\/page"}],"author":[{"embeddable":true,"href":"https:\/\/www.kloster-metten.com\/index.php?rest_route=\/wp\/v2\/users\/5"}],"replies":[{"embeddable":true,"href":"https:\/\/www.kloster-metten.com\/index.php?rest_route=%2Fwp%2Fv2%2Fcomments&post=49223"}],"version-history":[{"count":3,"href":"https:\/\/www.kloster-metten.com\/index.php?rest_route=\/wp\/v2\/pages\/49223\/revisions"}],"predecessor-version":[{"id":49226,"href":"https:\/\/www.kloster-metten.com\/index.php?rest_route=\/wp\/v2\/pages\/49223\/revisions\/49226"}],"up":[{"embeddable":true,"href":"https:\/\/www.kloster-metten.com\/index.php?rest_route=\/wp\/v2\/pages\/1120"}],"wp:attachment":[{"href":"https:\/\/www.kloster-metten.com\/index.php?rest_route=%2Fwp%2Fv2%2Fmedia&parent=49223"}],"curies":[{"name":"wp","href":"https:\/\/api.w.org\/{rel}","templated":true}]}}