{"id":49237,"date":"2025-05-13T20:02:42","date_gmt":"2025-05-13T18:02:42","guid":{"rendered":"https:\/\/www.kloster-metten.com\/?page_id=49237"},"modified":"2025-05-13T20:03:18","modified_gmt":"2025-05-13T18:03:18","slug":"pius-schuhbaum-ist-neuer-regionalkantor-fuer-die-region-straubing-deggendorf","status":"publish","type":"page","link":"https:\/\/www.kloster-metten.com\/?page_id=49237","title":{"rendered":"Pius Schuhbaum ist neuer Regionalkantor f\u00fcr die Region Straubing-Deggendorf"},"content":{"rendered":"<a href=\"https:\/\/www.kloster-metten.com\/wp-content\/uploads\/2025\/05\/Pius-Schuhbaum-1920x1080_.jpg\"><img loading=\"lazy\" decoding=\"async\" class=\"size-medium wp-image-49238 alignnone\" title=\"Pius Schuhbaum 1920x1080_\" src=\"https:\/\/www.kloster-metten.com\/wp-content\/uploads\/2025\/05\/Pius-Schuhbaum-1920x1080_-500x281.jpg\" alt=\"\" width=\"500\" height=\"281\" srcset=\"https:\/\/www.kloster-metten.com\/wp-content\/uploads\/2025\/05\/Pius-Schuhbaum-1920x1080_-500x281.jpg 500w, https:\/\/www.kloster-metten.com\/wp-content\/uploads\/2025\/05\/Pius-Schuhbaum-1920x1080_-768x432.jpg 768w, https:\/\/www.kloster-metten.com\/wp-content\/uploads\/2025\/05\/Pius-Schuhbaum-1920x1080_.jpg 960w\" sizes=\"auto, (max-width: 500px) 100vw, 500px\" \/><\/a><h2>Pius Schuhbaum ist neuer Regionalkantor f\u00fcr die Region Straubing-Deggendorf<\/h2><p><\/p>\n<p>Seit 2016 baut die Di\u00f6zese Regensburg ein Netz aus sogenannten \u201eRegionalkantoren\u201d auf, Kirchenmusiker, die f\u00fcr eine ganze Region den Ch\u00f6ren, Organisten und Chorleitern als Ansprechpartner dienen und den kirchenmusikalischen Nachwuchs ausbilden. Alle Regionen des Bistums verf\u00fcgen so \u00fcber kompetente Ansprechpartner und Ausbilder im Bereich der nebenberuflichen Kirchenmusikerinnen und Kirchenmusiker. Die Regionalkantoren betreuen jeweils ein oder mehrere Dekanate und haben dabei eine festen Dienstsitz, an dem sie auch kirchenmusikalisch in einer Gemeinde t\u00e4tig sind.<\/p>\n<p>Zum 1. April 2025 wurde mit Pius Schuhbaum die Region Straubing-Deggendorf, die die Dekanate Deggendorf-Viechtach und Straubing-Bogen umfasst, neu besetzt. Sein Dienstsitz ist unsere Pfarrei St. Michael, wo er k\u00fcnftig gemeinsam mit Alois Auer und Christoph Liebl f\u00fcr die Kirchenmusik an der Pfarr- und Stiftskirche verantwortlich ist.<\/p>\n<p>Pius Schuhbaum hat an der Musikhochschule in M\u00fcnchen Kirchenmusik und Orgel bei Harald Feller studiert und war bisher als Kirchenmusiker in den Dekanaten F\u00fcrstenfeldbruck und M\u00fcnchen t\u00e4tig.<\/p>\n","protected":false},"excerpt":{"rendered":"<p>Pius Schuhbaum ist neuer Regionalkantor f\u00fcr die Region Straubing-Deggendorf Seit 2016 baut die Di\u00f6zese Regensburg ein Netz aus sogenannten \u201eRegionalkantoren\u201d auf, Kirchenmusiker, die f\u00fcr eine ganze Region den Ch\u00f6ren, Organisten und Chorleitern als Ansprechpartner dienen und den kirchenmusikalischen Nachwuchs ausbilden. Alle Regionen des Bistums verf\u00fcgen so \u00fcber kompetente Ansprechpartner und Ausbilder im Bereich der nebenberuflichen [&hellip;]<\/p>\n","protected":false},"author":5,"featured_media":0,"parent":1120,"menu_order":-178,"comment_status":"closed","ping_status":"closed","template":"","meta":{"footnotes":""},"class_list":["post-49237","page","type-page","status-publish","hentry"],"_links":{"self":[{"href":"https:\/\/www.kloster-metten.com\/index.php?rest_route=\/wp\/v2\/pages\/49237","targetHints":{"allow":["GET"]}}],"collection":[{"href":"https:\/\/www.kloster-metten.com\/index.php?rest_route=\/wp\/v2\/pages"}],"about":[{"href":"https:\/\/www.kloster-metten.com\/index.php?rest_route=\/wp\/v2\/types\/page"}],"author":[{"embeddable":true,"href":"https:\/\/www.kloster-metten.com\/index.php?rest_route=\/wp\/v2\/users\/5"}],"replies":[{"embeddable":true,"href":"https:\/\/www.kloster-metten.com\/index.php?rest_route=%2Fwp%2Fv2%2Fcomments&post=49237"}],"version-history":[{"count":1,"href":"https:\/\/www.kloster-metten.com\/index.php?rest_route=\/wp\/v2\/pages\/49237\/revisions"}],"predecessor-version":[{"id":49239,"href":"https:\/\/www.kloster-metten.com\/index.php?rest_route=\/wp\/v2\/pages\/49237\/revisions\/49239"}],"up":[{"embeddable":true,"href":"https:\/\/www.kloster-metten.com\/index.php?rest_route=\/wp\/v2\/pages\/1120"}],"wp:attachment":[{"href":"https:\/\/www.kloster-metten.com\/index.php?rest_route=%2Fwp%2Fv2%2Fmedia&parent=49237"}],"curies":[{"name":"wp","href":"https:\/\/api.w.org\/{rel}","templated":true}]}}