{"id":49240,"date":"2025-05-14T15:35:32","date_gmt":"2025-05-14T13:35:32","guid":{"rendered":"https:\/\/www.kloster-metten.com\/?page_id=49240"},"modified":"2025-05-14T15:36:11","modified_gmt":"2025-05-14T13:36:11","slug":"eine-wetterstation-an-der-eigenen-schule","status":"publish","type":"page","link":"https:\/\/www.kloster-metten.com\/?page_id=49240","title":{"rendered":"Eine Wetterstation an der eigenen Schule"},"content":{"rendered":"<h2>Eine Wetterstation an der eigenen Schule<\/h2><p>&nbsp;<\/p>\n<p><a href=\"https:\/\/www.kloster-metten.com\/wp-content\/uploads\/2025\/05\/image4.jpeg\"><img loading=\"lazy\" decoding=\"async\" class=\"size-medium wp-image-49245 alignnone\" title=\"image4\" src=\"https:\/\/www.kloster-metten.com\/wp-content\/uploads\/2025\/05\/image4-500x375.jpeg\" alt=\"\" width=\"500\" height=\"375\" srcset=\"https:\/\/www.kloster-metten.com\/wp-content\/uploads\/2025\/05\/image4-500x375.jpeg 500w, https:\/\/www.kloster-metten.com\/wp-content\/uploads\/2025\/05\/image4.jpeg 640w\" sizes=\"auto, (max-width: 500px) 100vw, 500px\" \/><\/a><\/p>\n<p>Geographie zum Anfassen und eine Schulstunde unter freiem Himmel \u2013 so l\u00e4sst sich die heutige Geographiestunde der Klasse 5b zusammenfassen. W\u00e4hrend im Unterricht zuvor erarbeitet worden war, worin sich Wetter und Klima unterscheiden, wurde eigenst\u00e4ndig ein Klimadiagramm f\u00fcr den Ort Metten angefertigt. Da die hierf\u00fcr ben\u00f6tigten Niederschlags- und Temperaturwerte nur wenige Meter vom Klassenzimmer entfernt erhoben wurden, konnte in dieser Stunde der Bogen von der Theorie zur Praxis geschlagen werden. Die Wetterbedingungen h\u00e4tten daf\u00fcr nicht besser sein k\u00f6nnen. Als Experte f\u00fcr die Klimahauptstation hat sich auch heuer wieder Pater Thomas extra Zeit genommen, um den Sch\u00fclerinnen und Sch\u00fclern die Messaufbauten genau zu erkl\u00e4ren. Nachdem seit vielen Jahren die Messungen vollautomatisiert und digital verkn\u00fcpft stattfinden, war es umso interessanter, zu erfahren, wie dies fr\u00fcher stattgefunden hat. So war P. Thomas nicht mit leeren H\u00e4nden gekommen, sondern hatte auch Messger\u00e4te dabei, mit denen vor vielen Jahren teils manuell gemessen bzw. abgelesen wurde. Besonders beeindruckend war hierbei die Messung der Sonnenscheindauer, brannte doch die vom Himmel strahlende Sonne umgehend ein kleines Loch in den schwarzen Messstreifen \u2013 ein \u201erauchender\u201c Beweis f\u00fcr das sch\u00f6ne Wetter mit strahlendem Sonnenschein an diesem Vormittag. An dieser Stelle sei nochmals P. Thomas herzlich gedankt f\u00fcr sein Engagement f\u00fcr die jungen Geographinnen und Geographen!<\/p>\n\r\n\t\t<style type='text\/css'>\r\n\t\t\t#gallery-1 {\r\n\t\t\t\tmargin: auto;\r\n\t\t\t}\r\n\t\t\t#gallery-1 .gallery-item {\r\n\t\t\t\tfloat: left;\r\n\t\t\t\tmargin-top: 10px;\r\n\t\t\t\ttext-align: center;\r\n\t\t\t\twidth: 33%;\r\n\t\t\t}\r\n\t\t\t#gallery-1 hr {\r\n\t\t\t\theight: 1px;\r\n\t\t\t}\r\n\t\t\t#gallery-1 .gallery-caption {\r\n\t\t\t\tmargin-left: 0;\r\n\t\t\t}\r\n\t\t\t\/* see gallery_shortcode() in wp-includes\/media.php *\/\r\n\t\t<\/style>\n\t\t<div id='gallery-1' class='gallery galleryid-49240 gallery-columns-3 gallery-size-thumbnail'><hr class='null'><dl class='gallery-item'>\r\n\t\t\t<dt class='gallery-icon landscape'>\r\n\t\t\t\t<a title=\"image5\"  href='https:\/\/www.kloster-metten.com\/?attachment_id=49246'><img loading=\"lazy\" decoding=\"async\" width=\"170\" height=\"115\" src=\"https:\/\/www.kloster-metten.com\/wp-content\/uploads\/2025\/05\/image5-170x115.jpeg\" class=\"attachment-thumbnail size-thumbnail\" alt=\"\" \/><\/a>\r\n\t\t\t<\/dt><\/dl><dl class='gallery-item'>\r\n\t\t\t<dt class='gallery-icon portrait'>\r\n\t\t\t\t<a title=\"image3\"  href='https:\/\/www.kloster-metten.com\/?attachment_id=49244'><img loading=\"lazy\" decoding=\"async\" width=\"170\" height=\"115\" src=\"https:\/\/www.kloster-metten.com\/wp-content\/uploads\/2025\/05\/image3-170x115.jpeg\" class=\"attachment-thumbnail size-thumbnail\" alt=\"\" \/><\/a>\r\n\t\t\t<\/dt><\/dl><dl class='gallery-item'>\r\n\t\t\t<dt class='gallery-icon landscape'>\r\n\t\t\t\t<a title=\"image2\"  href='https:\/\/www.kloster-metten.com\/?attachment_id=49243'><img loading=\"lazy\" decoding=\"async\" width=\"170\" height=\"115\" src=\"https:\/\/www.kloster-metten.com\/wp-content\/uploads\/2025\/05\/image2-170x115.jpeg\" class=\"attachment-thumbnail size-thumbnail\" alt=\"\" \/><\/a>\r\n\t\t\t<\/dt><\/dl><br style=\"clear: both\" \/><dl class='gallery-item'>\r\n\t\t\t<dt class='gallery-icon landscape'>\r\n\t\t\t\t<a title=\"image1\"  href='https:\/\/www.kloster-metten.com\/?attachment_id=49242'><img loading=\"lazy\" decoding=\"async\" width=\"170\" height=\"115\" src=\"https:\/\/www.kloster-metten.com\/wp-content\/uploads\/2025\/05\/image1-170x115.jpeg\" class=\"attachment-thumbnail size-thumbnail\" alt=\"\" \/><\/a>\r\n\t\t\t<\/dt><\/dl><dl class='gallery-item'>\r\n\t\t\t<dt class='gallery-icon portrait'>\r\n\t\t\t\t<a title=\"image0\"  href='https:\/\/www.kloster-metten.com\/?attachment_id=49241'><img loading=\"lazy\" decoding=\"async\" width=\"170\" height=\"115\" src=\"https:\/\/www.kloster-metten.com\/wp-content\/uploads\/2025\/05\/image0-170x115.jpeg\" class=\"attachment-thumbnail size-thumbnail\" alt=\"\" \/><\/a>\r\n\t\t\t<\/dt><\/dl>\r\n\t\t\t<br style='clear: both' \/>\r\n\t\t<\/div>\n\n","protected":false},"excerpt":{"rendered":"<p>Eine Wetterstation an der eigenen Schule&nbsp; Geographie zum Anfassen und eine Schulstunde unter freiem Himmel \u2013 so l\u00e4sst sich die heutige Geographiestunde der Klasse 5b zusammenfassen. W\u00e4hrend im Unterricht zuvor erarbeitet worden war, worin sich Wetter und Klima unterscheiden, wurde eigenst\u00e4ndig ein Klimadiagramm f\u00fcr den Ort Metten angefertigt. Da die hierf\u00fcr ben\u00f6tigten Niederschlags- und Temperaturwerte [&hellip;]<\/p>\n","protected":false},"author":5,"featured_media":0,"parent":1137,"menu_order":-364,"comment_status":"closed","ping_status":"closed","template":"","meta":{"footnotes":""},"class_list":["post-49240","page","type-page","status-publish","hentry"],"_links":{"self":[{"href":"https:\/\/www.kloster-metten.com\/index.php?rest_route=\/wp\/v2\/pages\/49240","targetHints":{"allow":["GET"]}}],"collection":[{"href":"https:\/\/www.kloster-metten.com\/index.php?rest_route=\/wp\/v2\/pages"}],"about":[{"href":"https:\/\/www.kloster-metten.com\/index.php?rest_route=\/wp\/v2\/types\/page"}],"author":[{"embeddable":true,"href":"https:\/\/www.kloster-metten.com\/index.php?rest_route=\/wp\/v2\/users\/5"}],"replies":[{"embeddable":true,"href":"https:\/\/www.kloster-metten.com\/index.php?rest_route=%2Fwp%2Fv2%2Fcomments&post=49240"}],"version-history":[{"count":1,"href":"https:\/\/www.kloster-metten.com\/index.php?rest_route=\/wp\/v2\/pages\/49240\/revisions"}],"predecessor-version":[{"id":49247,"href":"https:\/\/www.kloster-metten.com\/index.php?rest_route=\/wp\/v2\/pages\/49240\/revisions\/49247"}],"up":[{"embeddable":true,"href":"https:\/\/www.kloster-metten.com\/index.php?rest_route=\/wp\/v2\/pages\/1137"}],"wp:attachment":[{"href":"https:\/\/www.kloster-metten.com\/index.php?rest_route=%2Fwp%2Fv2%2Fmedia&parent=49240"}],"curies":[{"name":"wp","href":"https:\/\/api.w.org\/{rel}","templated":true}]}}