{"id":49266,"date":"2025-05-21T16:14:59","date_gmt":"2025-05-21T14:14:59","guid":{"rendered":"https:\/\/www.kloster-metten.com\/?page_id=49266"},"modified":"2025-05-21T16:14:59","modified_gmt":"2025-05-21T14:14:59","slug":"spende-in-hoehe-von-1-500-euro-fuer-den-bunten-kreis-deggendorf-e-v","status":"publish","type":"page","link":"https:\/\/www.kloster-metten.com\/?page_id=49266","title":{"rendered":"Spende in H\u00f6he von 1.500 Euro f\u00fcr den Bunten Kreis Deggendorf e.V."},"content":{"rendered":"<a href=\"https:\/\/www.kloster-metten.com\/wp-content\/uploads\/2025\/05\/Spende-Bunter-Kreis-2_.jpg\"><img loading=\"lazy\" decoding=\"async\" class=\"size-medium wp-image-49267 alignnone\" title=\"Spende Bunter Kreis (2)_\" src=\"https:\/\/www.kloster-metten.com\/wp-content\/uploads\/2025\/05\/Spende-Bunter-Kreis-2_-500x375.jpg\" alt=\"\" width=\"500\" height=\"375\" srcset=\"https:\/\/www.kloster-metten.com\/wp-content\/uploads\/2025\/05\/Spende-Bunter-Kreis-2_-500x375.jpg 500w, https:\/\/www.kloster-metten.com\/wp-content\/uploads\/2025\/05\/Spende-Bunter-Kreis-2_-1024x768.jpg 1024w, https:\/\/www.kloster-metten.com\/wp-content\/uploads\/2025\/05\/Spende-Bunter-Kreis-2_-768x576.jpg 768w, https:\/\/www.kloster-metten.com\/wp-content\/uploads\/2025\/05\/Spende-Bunter-Kreis-2_.jpg 1037w\" sizes=\"auto, (max-width: 500px) 100vw, 500px\" \/><\/a><h2>Spende in H\u00f6he von 1.500 Euro f\u00fcr den Bunten Kreis Deggendorf e.V.<\/h2><p><\/p>\n<p>Das St.-Michaels-Gymnasium Metten freut sich, bereits zum dritten Mal eine gro\u00dfz\u00fcgige Spende in H\u00f6he von 1.500 Euro an die gemeinn\u00fctzige Organisation \u201eBunter Kreis Deggendorf e.V.\u201d \u00fcbergeben zu k\u00f6nnen. Das Geld wurde im Laufe des bisherigen Schuljahres bei verschiedenen Schulveranstaltungen, z.B. beim Weihnachtsbasar eingenommen.<\/p>\n<p>Der \u201eBunte Kreis Deggendorf e.V.\u201d setzt sich daf\u00fcr ein, Familien mit beeintr\u00e4chtigten Kindern durch medizinische und pflegerische Beratung sowie die Bereitstellung notwendiger Ausr\u00fcstung zu unterst\u00fctzen.<\/p>\n<p>Es ist sch\u00f6n zu sehen, wie unsere Sch\u00fclerinnen und Sch\u00fcler, Lehrerinnen und Lehrer sowie das gesamte Schulpersonal gemeinsam Verantwortung \u00fcbernehmen und sich f\u00fcr das Wohl anderer einsetzen.<\/p>\n<p>Wir danken allen, die durch ihre Teilnahme an Schulveranstaltungen und Aktionen zu dieser gro\u00dfz\u00fcgigen Summe beigetragen haben. Gemeinsam zeigen wir, dass unsere Schulfamilie nicht nur Wissen vermittelt, sondern im Sinne des christlichen Menschenbildes Verantwortung \u00fcbernimmt und sich f\u00fcr eine solidarische Gesellschaft einsetzt.<\/p>\n<p>Schulleiter Sebastian Liebl, Mittelstufenbetreuer Michael Seibold sowie die Vertreter der Sch\u00fclermitverantwortung Carina Steininger, Lenox Joachim und Sophia Krieger \u00fcberreichten die Spendensumme stellvertretend an die Vorsitzende des \u201eBunten Kreises\u201d, Linda Nowak, und ihre Tochter Elena Graf.<\/p>\n","protected":false},"excerpt":{"rendered":"<p>Spende in H\u00f6he von 1.500 Euro f\u00fcr den Bunten Kreis Deggendorf e.V. Das St.-Michaels-Gymnasium Metten freut sich, bereits zum dritten Mal eine gro\u00dfz\u00fcgige Spende in H\u00f6he von 1.500 Euro an die gemeinn\u00fctzige Organisation \u201eBunter Kreis Deggendorf e.V.\u201d \u00fcbergeben zu k\u00f6nnen. Das Geld wurde im Laufe des bisherigen Schuljahres bei verschiedenen Schulveranstaltungen, z.B. beim Weihnachtsbasar eingenommen. [&hellip;]<\/p>\n","protected":false},"author":5,"featured_media":0,"parent":1137,"menu_order":-366,"comment_status":"closed","ping_status":"closed","template":"","meta":{"footnotes":""},"class_list":["post-49266","page","type-page","status-publish","hentry"],"_links":{"self":[{"href":"https:\/\/www.kloster-metten.com\/index.php?rest_route=\/wp\/v2\/pages\/49266","targetHints":{"allow":["GET"]}}],"collection":[{"href":"https:\/\/www.kloster-metten.com\/index.php?rest_route=\/wp\/v2\/pages"}],"about":[{"href":"https:\/\/www.kloster-metten.com\/index.php?rest_route=\/wp\/v2\/types\/page"}],"author":[{"embeddable":true,"href":"https:\/\/www.kloster-metten.com\/index.php?rest_route=\/wp\/v2\/users\/5"}],"replies":[{"embeddable":true,"href":"https:\/\/www.kloster-metten.com\/index.php?rest_route=%2Fwp%2Fv2%2Fcomments&post=49266"}],"version-history":[{"count":1,"href":"https:\/\/www.kloster-metten.com\/index.php?rest_route=\/wp\/v2\/pages\/49266\/revisions"}],"predecessor-version":[{"id":49268,"href":"https:\/\/www.kloster-metten.com\/index.php?rest_route=\/wp\/v2\/pages\/49266\/revisions\/49268"}],"up":[{"embeddable":true,"href":"https:\/\/www.kloster-metten.com\/index.php?rest_route=\/wp\/v2\/pages\/1137"}],"wp:attachment":[{"href":"https:\/\/www.kloster-metten.com\/index.php?rest_route=%2Fwp%2Fv2%2Fmedia&parent=49266"}],"curies":[{"name":"wp","href":"https:\/\/api.w.org\/{rel}","templated":true}]}}